{"id":11700,"date":"2016-09-06T09:55:19","date_gmt":"2016-09-06T11:55:19","guid":{"rendered":"http:\/\/www.menustudija.lt\/?page_id=11700"},"modified":"2018-12-26T13:43:12","modified_gmt":"2018-12-26T15:43:12","slug":"akademinis-piesimas","status":"publish","type":"page","link":"http:\/\/www.menustudija.lt\/lt\/kurybiniai-uzsiemimai\/akademinis-piesimas\/","title":{"rendered":"Akademinis pie\u0161imas"},"content":{"rendered":"<div class=\"fusion-fullwidth fullwidth-box hundred-percent-fullwidth non-hundred-percent-height-scrolling\"  style='background-color: #ffffff;background-position: center center;background-repeat: no-repeat;padding-top:0px;padding-right:0px;padding-bottom:0px;padding-left:0px;'><div class=\"fusion-builder-row fusion-row \"><div  class=\"fusion-layout-column fusion_builder_column fusion_builder_column_1_2 fusion-builder-column-1 fusion-one-half fusion-column-first 1_2\"  style='margin-top:0px;margin-bottom:20px;width:48%; margin-right: 4%;'>\n\t\t\t\t\t<div class=\"fusion-column-wrapper\" style=\"background-position:left top;background-repeat:no-repeat;-webkit-background-size:cover;-moz-background-size:cover;-o-background-size:cover;background-size:cover;\"   data-bg-url=\"\">\n\t\t\t\t\t\t<div class=\"fusion-slider-sc fusion-flexslider-loading flexslider flexslider-hover-type-none\" style=\"max-width:100%;height:100%;\"><ul class=\"slides\"><li class=\"image\"><span class=\"fusion-image-hover-element hover-type-none\"><img loading=\"lazy\" decoding=\"async\" src=\"http:\/\/www.menustudija.lt\/wp-content\/uploads\/2014\/11\/13265999_10209675858842409_4156686160360550471_n.jpg\" width=\"960\" height=\"720\" \/><\/span><\/li><li class=\"image\"><span class=\"fusion-image-hover-element hover-type-none\"><img loading=\"lazy\" decoding=\"async\" src=\"http:\/\/www.menustudija.lt\/wp-content\/uploads\/2014\/11\/13263833_998315250215734_8654048371704569843_n.jpg\" width=\"720\" height=\"960\" \/><\/span><\/li><li class=\"image\"><span class=\"fusion-image-hover-element hover-type-none\"><img loading=\"lazy\" decoding=\"async\" src=\"http:\/\/www.menustudija.lt\/wp-content\/uploads\/2014\/11\/13092104_10209509699488529_1414122456798079744_n-1.jpg\" width=\"527\" height=\"457\" \/><\/span><\/li><li class=\"image\"><span class=\"fusion-image-hover-element hover-type-none\"><img loading=\"lazy\" decoding=\"async\" src=\"http:\/\/www.menustudija.lt\/wp-content\/uploads\/2014\/11\/13095946_10209624013466307_5607965112494074432_n.jpg\" width=\"960\" height=\"720\" \/><\/span><\/li><li class=\"image\"><span class=\"fusion-image-hover-element hover-type-none\"><img loading=\"lazy\" decoding=\"async\" src=\"http:\/\/www.menustudija.lt\/wp-content\/uploads\/2014\/11\/12961659_10209341364960271_5437774896166555420_n-2.jpg\" width=\"960\" height=\"720\" \/><\/span><\/li><li class=\"image\"><span class=\"fusion-image-hover-element hover-type-none\"><img loading=\"lazy\" decoding=\"async\" src=\"http:\/\/www.menustudija.lt\/wp-content\/uploads\/2014\/11\/12933054_10209341365640288_3177069396495429405_n.jpg\" width=\"960\" height=\"720\" \/><\/span><\/li><\/ul><\/div><div class=\"fusion-clearfix\"><\/div>\n\n\t\t\t\t\t<\/div>\n\t\t\t\t<\/div><div  class=\"fusion-layout-column fusion_builder_column fusion_builder_column_1_2 fusion-builder-column-2 fusion-one-half fusion-column-last 1_2\"  style='margin-top:0px;margin-bottom:20px;width:48%'>\n\t\t\t\t\t<div class=\"fusion-column-wrapper\" style=\"background-position:left top;background-repeat:no-repeat;-webkit-background-size:cover;-moz-background-size:cover;-o-background-size:cover;background-size:cover;\"   data-bg-url=\"\">\n\t\t\t\t\t\t<div class=\"fusion-text\"><p>Pie\u0161imas ir kompozicija Rami\u0173 bi\u010di\u0173 MEN\u0172 STUDIJOJE, tai \u2013 pie\u0161imo, eskizavimo ir kompozicij\u0173 pamokos, naudojant \u012fvairias technikas, neapsiribojant vien pie\u0161tuku ar akademiniu pie\u0161imu. Kurso tikslas \u2013 supa\u017eindinti su pie\u0161imo pagrindais, strukt\u016br\u0173 matymu ir komponavimu lape, pasitelkiant improvizacinius eskizavimo b\u016bdus.<\/p>\n<p>&nbsp;<\/p>\n<p>Paruo\u0161iame stojimams \u012f auk\u0161t\u0105sias ir kolegijas meno pakraipos mokymo \u012fstaigas.<\/p>\n<p>PIE\u0160IMAS, KOMPOZICIJA IR SPALVOTYRA<\/p>\n<p>&nbsp;<\/p>\n<p>PIE\u0160IMAS<\/p>\n<ol>\n<li>Proporcijos<\/li>\n<li>perspektyva<\/li>\n<li>Geometrini\u0173 k\u016bn\u0173 pie\u0161imas<\/li>\n<li>\u0160trichavimas, formos modeliavimas<\/li>\n<\/ol>\n<p>SPALVOTYRA-KOMPOZICIJA<\/p>\n<ol>\n<li>Iteno spalv\u0173 ratas (\u0161iltos-\u0161altos spalvos)<\/li>\n<li>Statika-dinamika<\/li>\n<li>Kontrastas-niuansas<\/li>\n<li>Simetrija-asimetrija<\/li>\n<li>Ritmas<\/li>\n<\/ol>\n<p>&nbsp;<\/p>\n<p>&nbsp;<\/p>\n<p><strong>Pie\u0161imo, spalvotyros ir kompozicijos\u00a0pamok\u0173 kaina:<\/strong><\/p>\n<p><strong>Pamoka:\u00a0<\/strong>\u00a02 pilnos valandos &#8211; 20 Eur. \u012e kain\u0105 \u012fskai\u010diuotos visos med\u017eiagos.<\/p>\n<p>&nbsp;<\/p>\n<p>Pie\u0161imo, spalvotyros ir kompozicijos\u00a0pamokos vyksta: <strong>PIRMADIENIAIS \u00a0prad\u017eia 18.00 VAL<\/strong>.<\/p>\n<p>&nbsp;<\/p>\n<p><strong>Prisijungti prie grup\u0117s galima bet kuriuo metu<\/strong>\u2013 su kiekvienu dalyviu dirbama individualiai, atsi\u017evelgiant \u012f asmens pasiruo\u0161imo bei tobul\u0117jimo lyg\u012f.<\/p>\n<h3><strong>Menin\u0117 patirtis neb\u016btina!<\/strong><\/h3>\n<p>&nbsp;<\/p>\n<p>Daugiau informacijos: +37069872888 arba info@menustudija.lt<\/p>\n<p><strong>B\u016aTINA i\u0161ankstin\u0117 registracija<\/strong><\/p>\n<\/div><div class=\"fusion-button-wrapper\"><a class=\"fusion-button button-flat fusion-button-default-shape fusion-button-default-size button-default button-1 fusion-button-default-span fusion-button-default-type\" target=\"_blank\" rel=\"noopener noreferrer\" href=\"\/registracija\"><span class=\"fusion-button-text\">Registruotis<\/span><\/a><\/div><div class=\"fusion-clearfix\"><\/div>\n\n\t\t\t\t\t<\/div>\n\t\t\t\t<\/div><div  class=\"fusion-layout-column fusion_builder_column fusion_builder_column_1_1 fusion-builder-column-3 fusion-one-full fusion-column-first fusion-column-last fusion-column-no-min-height 1_1\"  style='margin-top:0px;margin-bottom:0px;'>\n\t\t\t\t\t<div class=\"fusion-column-wrapper\" style=\"background-position:left top;background-repeat:no-repeat;-webkit-background-size:cover;-moz-background-size:cover;-o-background-size:cover;background-size:cover;\"   data-bg-url=\"\">\n\t\t\t\t\t\t<div class=\"fusion-sep-clear\"><\/div><div class=\"fusion-separator fusion-full-width-sep sep-none\" style=\"margin-left: auto;margin-right: auto;margin-top:;\"><\/div><div class=\"fusion-clearfix\"><\/div>\n\n\t\t\t\t\t<\/div>\n\t\t\t\t<\/div><div  class=\"fusion-layout-column fusion_builder_column fusion_builder_column_1_1 fusion-builder-column-4 fusion-one-full fusion-column-first fusion-column-last fusion-column-no-min-height 1_1\"  style='margin-top:0px;margin-bottom:0px;'>\n\t\t\t\t\t<div class=\"fusion-column-wrapper\" style=\"background-position:left top;background-repeat:no-repeat;-webkit-background-size:cover;-moz-background-size:cover;-o-background-size:cover;background-size:cover;\"   data-bg-url=\"\">\n\t\t\t\t\t\t<div class=\"fusion-slider-sc fusion-flexslider-loading flexslider flexslider-hover-type-none\" style=\"max-width:100%;height:100%;\"><ul class=\"slides\"><li class=\"image\"><span class=\"fusion-image-hover-element hover-type-none\"><img  \/><\/span><\/li><\/ul><\/div><div class=\"fusion-clearfix\"><\/div>\n\n\t\t\t\t\t<\/div>\n\t\t\t\t<\/div><\/div><\/div>\n","protected":false},"excerpt":{"rendered":"","protected":false},"author":6,"featured_media":0,"parent":11688,"menu_order":0,"comment_status":"closed","ping_status":"closed","template":"","meta":{"footnotes":""},"class_list":["post-11700","page","type-page","status-publish","hentry"],"yoast_head":"<!-- This site is optimized with the Yoast SEO plugin v26.8 - https:\/\/yoast.com\/product\/yoast-seo-wordpress\/ -->\n<title>Akademinis pie\u0161imas - Rami\u0173 Bi\u010di\u0173 Men\u0173 Studija<\/title>\n<meta name=\"robots\" content=\"index, follow, max-snippet:-1, max-image-preview:large, max-video-preview:-1\" \/>\n<link rel=\"canonical\" href=\"http:\/\/www.menustudija.lt\/lt\/kurybiniai-uzsiemimai\/akademinis-piesimas\/\" \/>\n<meta property=\"og:locale\" content=\"lt_LT\" \/>\n<meta property=\"og:type\" content=\"article\" \/>\n<meta property=\"og:title\" content=\"Akademinis pie\u0161imas - Rami\u0173 Bi\u010di\u0173 Men\u0173 Studija\" \/>\n<meta property=\"og:url\" content=\"http:\/\/www.menustudija.lt\/lt\/kurybiniai-uzsiemimai\/akademinis-piesimas\/\" \/>\n<meta property=\"og:site_name\" content=\"Rami\u0173 Bi\u010di\u0173 Men\u0173 Studija\" \/>\n<meta property=\"article:modified_time\" content=\"2018-12-26T15:43:12+00:00\" \/>\n<meta name=\"twitter:card\" content=\"summary_large_image\" \/>\n<meta name=\"twitter:label1\" content=\"Est. reading time\" \/>\n\t<meta name=\"twitter:data1\" content=\"3 minut\u0117s\" \/>\n<script type=\"application\/ld+json\" class=\"yoast-schema-graph\">{\"@context\":\"https:\/\/schema.org\",\"@graph\":[{\"@type\":\"WebPage\",\"@id\":\"http:\/\/www.menustudija.lt\/lt\/kurybiniai-uzsiemimai\/akademinis-piesimas\/\",\"url\":\"http:\/\/www.menustudija.lt\/lt\/kurybiniai-uzsiemimai\/akademinis-piesimas\/\",\"name\":\"Akademinis pie\u0161imas - Rami\u0173 Bi\u010di\u0173 Men\u0173 Studija\",\"isPartOf\":{\"@id\":\"https:\/\/www.menustudija.lt\/lt\/#website\"},\"datePublished\":\"2016-09-06T11:55:19+00:00\",\"dateModified\":\"2018-12-26T15:43:12+00:00\",\"breadcrumb\":{\"@id\":\"http:\/\/www.menustudija.lt\/lt\/kurybiniai-uzsiemimai\/akademinis-piesimas\/#breadcrumb\"},\"inLanguage\":\"lt-LT\",\"potentialAction\":[{\"@type\":\"ReadAction\",\"target\":[\"http:\/\/www.menustudija.lt\/lt\/kurybiniai-uzsiemimai\/akademinis-piesimas\/\"]}]},{\"@type\":\"BreadcrumbList\",\"@id\":\"http:\/\/www.menustudija.lt\/lt\/kurybiniai-uzsiemimai\/akademinis-piesimas\/#breadcrumb\",\"itemListElement\":[{\"@type\":\"ListItem\",\"position\":1,\"name\":\"Home\",\"item\":\"http:\/\/www.menustudija.lt\/lt\/\"},{\"@type\":\"ListItem\",\"position\":2,\"name\":\"K\u016brybiniai u\u017esi\u0117mimai\",\"item\":\"http:\/\/www.menustudija.lt\/lt\/kurybiniai-uzsiemimai\/\"},{\"@type\":\"ListItem\",\"position\":3,\"name\":\"Akademinis pie\u0161imas\"}]},{\"@type\":\"WebSite\",\"@id\":\"https:\/\/www.menustudija.lt\/lt\/#website\",\"url\":\"https:\/\/www.menustudija.lt\/lt\/\",\"name\":\"Rami\u0173 Bi\u010di\u0173 Men\u0173 Studija\",\"description\":\"Rami\u0173 Bi\u010di\u0173 Men\u0173 Studija - mintims, sielai, k\u016bnui\",\"publisher\":{\"@id\":\"https:\/\/www.menustudija.lt\/lt\/#organization\"},\"potentialAction\":[{\"@type\":\"SearchAction\",\"target\":{\"@type\":\"EntryPoint\",\"urlTemplate\":\"https:\/\/www.menustudija.lt\/lt\/?s={search_term_string}\"},\"query-input\":{\"@type\":\"PropertyValueSpecification\",\"valueRequired\":true,\"valueName\":\"search_term_string\"}}],\"inLanguage\":\"lt-LT\"},{\"@type\":\"Organization\",\"@id\":\"https:\/\/www.menustudija.lt\/lt\/#organization\",\"name\":\"Rami\u0173 Bi\u010di\u0173 Men\u0173 Studija\",\"url\":\"https:\/\/www.menustudija.lt\/lt\/\",\"logo\":{\"@type\":\"ImageObject\",\"inLanguage\":\"lt-LT\",\"@id\":\"https:\/\/www.menustudija.lt\/lt\/#\/schema\/logo\/image\/\",\"url\":\"http:\/\/www.menustudija.lt\/wp-content\/uploads\/2019\/08\/cropped-RBMS-logo-2-page-001-scaled.jpg\",\"contentUrl\":\"http:\/\/www.menustudija.lt\/wp-content\/uploads\/2019\/08\/cropped-RBMS-logo-2-page-001-scaled.jpg\",\"width\":2560,\"height\":768,\"caption\":\"Rami\u0173 Bi\u010di\u0173 Men\u0173 Studija\"},\"image\":{\"@id\":\"https:\/\/www.menustudija.lt\/lt\/#\/schema\/logo\/image\/\"}}]}<\/script>\n<!-- \/ Yoast SEO plugin. -->","yoast_head_json":{"title":"Akademinis pie\u0161imas - Rami\u0173 Bi\u010di\u0173 Men\u0173 Studija","robots":{"index":"index","follow":"follow","max-snippet":"max-snippet:-1","max-image-preview":"max-image-preview:large","max-video-preview":"max-video-preview:-1"},"canonical":"http:\/\/www.menustudija.lt\/lt\/kurybiniai-uzsiemimai\/akademinis-piesimas\/","og_locale":"lt_LT","og_type":"article","og_title":"Akademinis pie\u0161imas - Rami\u0173 Bi\u010di\u0173 Men\u0173 Studija","og_url":"http:\/\/www.menustudija.lt\/lt\/kurybiniai-uzsiemimai\/akademinis-piesimas\/","og_site_name":"Rami\u0173 Bi\u010di\u0173 Men\u0173 Studija","article_modified_time":"2018-12-26T15:43:12+00:00","twitter_card":"summary_large_image","twitter_misc":{"Est. reading time":"3 minut\u0117s"},"schema":{"@context":"https:\/\/schema.org","@graph":[{"@type":"WebPage","@id":"http:\/\/www.menustudija.lt\/lt\/kurybiniai-uzsiemimai\/akademinis-piesimas\/","url":"http:\/\/www.menustudija.lt\/lt\/kurybiniai-uzsiemimai\/akademinis-piesimas\/","name":"Akademinis pie\u0161imas - Rami\u0173 Bi\u010di\u0173 Men\u0173 Studija","isPartOf":{"@id":"https:\/\/www.menustudija.lt\/lt\/#website"},"datePublished":"2016-09-06T11:55:19+00:00","dateModified":"2018-12-26T15:43:12+00:00","breadcrumb":{"@id":"http:\/\/www.menustudija.lt\/lt\/kurybiniai-uzsiemimai\/akademinis-piesimas\/#breadcrumb"},"inLanguage":"lt-LT","potentialAction":[{"@type":"ReadAction","target":["http:\/\/www.menustudija.lt\/lt\/kurybiniai-uzsiemimai\/akademinis-piesimas\/"]}]},{"@type":"BreadcrumbList","@id":"http:\/\/www.menustudija.lt\/lt\/kurybiniai-uzsiemimai\/akademinis-piesimas\/#breadcrumb","itemListElement":[{"@type":"ListItem","position":1,"name":"Home","item":"http:\/\/www.menustudija.lt\/lt\/"},{"@type":"ListItem","position":2,"name":"K\u016brybiniai u\u017esi\u0117mimai","item":"http:\/\/www.menustudija.lt\/lt\/kurybiniai-uzsiemimai\/"},{"@type":"ListItem","position":3,"name":"Akademinis pie\u0161imas"}]},{"@type":"WebSite","@id":"https:\/\/www.menustudija.lt\/lt\/#website","url":"https:\/\/www.menustudija.lt\/lt\/","name":"Rami\u0173 Bi\u010di\u0173 Men\u0173 Studija","description":"Rami\u0173 Bi\u010di\u0173 Men\u0173 Studija - mintims, sielai, k\u016bnui","publisher":{"@id":"https:\/\/www.menustudija.lt\/lt\/#organization"},"potentialAction":[{"@type":"SearchAction","target":{"@type":"EntryPoint","urlTemplate":"https:\/\/www.menustudija.lt\/lt\/?s={search_term_string}"},"query-input":{"@type":"PropertyValueSpecification","valueRequired":true,"valueName":"search_term_string"}}],"inLanguage":"lt-LT"},{"@type":"Organization","@id":"https:\/\/www.menustudija.lt\/lt\/#organization","name":"Rami\u0173 Bi\u010di\u0173 Men\u0173 Studija","url":"https:\/\/www.menustudija.lt\/lt\/","logo":{"@type":"ImageObject","inLanguage":"lt-LT","@id":"https:\/\/www.menustudija.lt\/lt\/#\/schema\/logo\/image\/","url":"http:\/\/www.menustudija.lt\/wp-content\/uploads\/2019\/08\/cropped-RBMS-logo-2-page-001-scaled.jpg","contentUrl":"http:\/\/www.menustudija.lt\/wp-content\/uploads\/2019\/08\/cropped-RBMS-logo-2-page-001-scaled.jpg","width":2560,"height":768,"caption":"Rami\u0173 Bi\u010di\u0173 Men\u0173 Studija"},"image":{"@id":"https:\/\/www.menustudija.lt\/lt\/#\/schema\/logo\/image\/"}}]}},"_links":{"self":[{"href":"http:\/\/www.menustudija.lt\/lt\/wp-json\/wp\/v2\/pages\/11700","targetHints":{"allow":["GET"]}}],"collection":[{"href":"http:\/\/www.menustudija.lt\/lt\/wp-json\/wp\/v2\/pages"}],"about":[{"href":"http:\/\/www.menustudija.lt\/lt\/wp-json\/wp\/v2\/types\/page"}],"author":[{"embeddable":true,"href":"http:\/\/www.menustudija.lt\/lt\/wp-json\/wp\/v2\/users\/6"}],"replies":[{"embeddable":true,"href":"http:\/\/www.menustudija.lt\/lt\/wp-json\/wp\/v2\/comments?post=11700"}],"version-history":[{"count":10,"href":"http:\/\/www.menustudija.lt\/lt\/wp-json\/wp\/v2\/pages\/11700\/revisions"}],"predecessor-version":[{"id":21119,"href":"http:\/\/www.menustudija.lt\/lt\/wp-json\/wp\/v2\/pages\/11700\/revisions\/21119"}],"up":[{"embeddable":true,"href":"http:\/\/www.menustudija.lt\/lt\/wp-json\/wp\/v2\/pages\/11688"}],"wp:attachment":[{"href":"http:\/\/www.menustudija.lt\/lt\/wp-json\/wp\/v2\/media?parent=11700"}],"curies":[{"name":"wp","href":"https:\/\/api.w.org\/{rel}","templated":true}]}}