{"id":11701,"date":"2016-09-06T09:55:20","date_gmt":"2016-09-06T11:55:20","guid":{"rendered":"http:\/\/www.menustudija.lt\/?page_id=11701"},"modified":"2019-03-07T07:47:44","modified_gmt":"2019-03-07T09:47:44","slug":"dailes-biciuliu-klubas","status":"publish","type":"page","link":"http:\/\/www.menustudija.lt\/lt\/kurybiniai-uzsiemimai\/dailes-biciuliu-klubas\/","title":{"rendered":"Dail\u0117s bi\u010diuli\u0173 klubas"},"content":{"rendered":"<div class=\"fusion-fullwidth fullwidth-box hundred-percent-fullwidth non-hundred-percent-height-scrolling\"  style='background-color: #ffffff;background-position: center center;background-repeat: no-repeat;padding-top:0px;padding-right:0px;padding-bottom:0px;padding-left:0px;'><div class=\"fusion-builder-row fusion-row \"><div  class=\"fusion-layout-column fusion_builder_column fusion_builder_column_1_2 fusion-builder-column-1 fusion-one-half fusion-column-first 1_2\"  style='margin-top:0px;margin-bottom:20px;width:48%; margin-right: 4%;'>\n\t\t\t\t\t<div class=\"fusion-column-wrapper\" style=\"background-position:left top;background-repeat:no-repeat;-webkit-background-size:cover;-moz-background-size:cover;-o-background-size:cover;background-size:cover;\"   data-bg-url=\"\">\n\t\t\t\t\t\t<div class=\"fusion-slider-sc fusion-flexslider-loading flexslider flexslider-hover-type-none\" style=\"max-width:100%;height:100%;\"><ul class=\"slides\"><li class=\"image\"><span class=\"fusion-image-hover-element hover-type-none\"><img loading=\"lazy\" decoding=\"async\" src=\"http:\/\/www.menustudija.lt\/wp-content\/uploads\/2016\/09\/1385949_581793088534621_1404724943_n.jpg\" width=\"960\" height=\"640\" \/><\/span><\/li><li class=\"image\"><span class=\"fusion-image-hover-element hover-type-none\"><img loading=\"lazy\" decoding=\"async\" src=\"http:\/\/www.menustudija.lt\/wp-content\/uploads\/2016\/09\/1450210_581793295201267_1037571197_n.jpg\" width=\"690\" height=\"960\" \/><\/span><\/li><li class=\"image\"><span class=\"fusion-image-hover-element hover-type-none\"><img loading=\"lazy\" decoding=\"async\" src=\"http:\/\/www.menustudija.lt\/wp-content\/uploads\/2016\/09\/10455747_675046372542625_4125428345614213547_n.jpg\" width=\"960\" height=\"680\" \/><\/span><\/li><li class=\"image\"><span class=\"fusion-image-hover-element hover-type-none\"><img loading=\"lazy\" decoding=\"async\" src=\"http:\/\/www.menustudija.lt\/wp-content\/uploads\/2016\/09\/11182060_822574994456428_1453095064271880996_n.jpg\" width=\"960\" height=\"640\" \/><\/span><\/li><li class=\"image\"><span class=\"fusion-image-hover-element hover-type-none\"><img loading=\"lazy\" decoding=\"async\" src=\"http:\/\/www.menustudija.lt\/wp-content\/uploads\/2016\/09\/10373989_671853692861893_4779039138613415267_n.jpg\" width=\"689\" height=\"960\" \/><\/span><\/li><li class=\"image\"><span class=\"fusion-image-hover-element hover-type-none\"><img loading=\"lazy\" decoding=\"async\" src=\"http:\/\/www.menustudija.lt\/wp-content\/uploads\/2016\/09\/10361050_671853869528542_1496445346704564373_n.jpg\" width=\"960\" height=\"669\" \/><\/span><\/li><li class=\"image\"><span class=\"fusion-image-hover-element hover-type-none\"><img loading=\"lazy\" decoding=\"async\" src=\"http:\/\/www.menustudija.lt\/wp-content\/uploads\/2016\/09\/10262255_668758513171411_3261485739509610289_n.jpg\" width=\"960\" height=\"597\" \/><\/span><\/li><li class=\"image\"><span class=\"fusion-image-hover-element hover-type-none\"><img loading=\"lazy\" decoding=\"async\" src=\"http:\/\/www.menustudija.lt\/wp-content\/uploads\/2016\/09\/1623746_621104607936802_1102484875_n.jpg\" width=\"737\" height=\"960\" \/><\/span><\/li><li class=\"image\"><span class=\"fusion-image-hover-element hover-type-none\"><img loading=\"lazy\" decoding=\"async\" src=\"http:\/\/www.menustudija.lt\/wp-content\/uploads\/2016\/09\/1452168_587863931260870_383715547_n.jpg\" width=\"960\" height=\"641\" \/><\/span><\/li><li class=\"image\"><span class=\"fusion-image-hover-element hover-type-none\"><img loading=\"lazy\" decoding=\"async\" src=\"http:\/\/www.menustudija.lt\/wp-content\/uploads\/2016\/09\/1422626_581793375201259_728438694_n.jpg\" width=\"960\" height=\"641\" \/><\/span><\/li><li class=\"image\"><span class=\"fusion-image-hover-element hover-type-none\"><img loading=\"lazy\" decoding=\"async\" src=\"http:\/\/www.menustudija.lt\/wp-content\/uploads\/2016\/09\/1391605_581793091867954_1016187165_n.jpg\" width=\"960\" height=\"640\" \/><\/span><\/li><\/ul><\/div><div class=\"fusion-clearfix\"><\/div>\n\n\t\t\t\t\t<\/div>\n\t\t\t\t<\/div><div  class=\"fusion-layout-column fusion_builder_column fusion_builder_column_1_2 fusion-builder-column-2 fusion-one-half fusion-column-last 1_2\"  style='margin-top:0px;margin-bottom:20px;width:48%'>\n\t\t\t\t\t<div class=\"fusion-column-wrapper\" style=\"background-position:left top;background-repeat:no-repeat;-webkit-background-size:cover;-moz-background-size:cover;-o-background-size:cover;background-size:cover;\"   data-bg-url=\"\">\n\t\t\t\t\t\t<div class=\"fusion-text\"><p>Rami\u0173 Bi\u010di\u0173 MEN\u0172 STUDIJOJE susib\u016br\u0117 Dail\u0117s Bi\u010diuli\u0173 Klubas. Tai dail\u0117s pa\u017einimo programa m\u016bs\u0173 ma\u017eiesiems (6-11 met\u0173). Kuriame, mokom\u0117s ir \u017eaid\u017eiame!<\/p>\n<div id=\"top\">\n<div id=\"bottom\">\n<div id=\"main\">\n<div id=\"content\">\n<div id=\"text_container\">\n<p align=\"center\">DAIL\u0116S BI\u010cIULI\u0172 KLUBAS \u2013 aktyvi, \u017eaisminga ir k\u016brybi\u0161ka dail\u0117s ir erdvinio pasaulio pa\u017einimo programa vaikams. \u010cia kursime ir fantazuosime, bendrausime ir bandysime visapusi\u0161kai pa\u017einti spalvot\u0105 dail\u0117s pasaul\u012f drauge.<\/p>\n<p>Praktini\u0173 u\u017esi\u0117mim\u0173 tikslas \u2013 vaizduot\u0117s ir geb\u0117jimo kurti (konstruoti\/formuoti) lavinimas. Kiekvienos praktin\u0117s pamokos dal\u012f sudaro vizualiosios arba taikomosios dail\u0117s k\u016brinio atlikimas.<\/p>\n<ul>\n<li>Supa\u017eindinti vaikus su \u017einomais meno ir architekt\u016bros k\u016briniais bei menininkais;<\/li>\n<li>Skatinti vaik\u0173 k\u016brybi\u0161kum\u0105;<\/li>\n<li>Suteikti vaikams galimyb\u0119 atrasti kiek \u012fmanoma daugiau skirting\u0173 menin\u0117s rai\u0161kos form\u0173,technini\u0173 galimybi\u0173 ir alternatyvi\u0173 med\u017eiagos panaudojim\u0173;<\/li>\n<li>vaizduot\u0117s ir geb\u0117jimo kurti (konstruoti\/formuoti) lavinimas;<\/li>\n<\/ul>\n<p>U\u017edaviniai:<\/p>\n<p>\u2022 K\u016brybi\u0161kumo skatinimas;<\/p>\n<p>\u2022 Dail\u0117s rai\u0161kos priemoni\u0173 taikymas;<\/p>\n<p>\u2022 Vaizduot\u0117s lavinimas;<\/p>\n<p>\u2022 Estetinio suvokimo geb\u0117jim\u0173 ugdymas;<\/p>\n<p>\u2022 Vizualinio meno vertybi\u0173 analizavimas;<\/p>\n<p>\u2022 Vilniaus miesto kult\u016brini\u0173 erdvi\u0173 pa\u017einimas.<\/p>\n<\/div>\n<p>Su detalesne bendro pob\u016bd\u017eio u\u017esi\u0117mim\u0173 vaikams programa galite susipa\u017einti u\u017esuk\u0119 pas mus \u012f studij\u0105.<\/p>\n<\/div>\n<\/div>\n<\/div>\n<\/div>\n<\/div><div class=\"fusion-clearfix\"><\/div>\n\n\t\t\t\t\t<\/div>\n\t\t\t\t<\/div><div  class=\"fusion-layout-column fusion_builder_column fusion_builder_column_1_1 fusion-builder-column-3 fusion-one-full fusion-column-first fusion-column-last fusion-column-no-min-height 1_1\"  style='margin-top:0px;margin-bottom:0px;'>\n\t\t\t\t\t<div class=\"fusion-column-wrapper\" style=\"background-position:left top;background-repeat:no-repeat;-webkit-background-size:cover;-moz-background-size:cover;-o-background-size:cover;background-size:cover;\"   data-bg-url=\"\">\n\t\t\t\t\t\t<div class=\"fusion-sep-clear\"><\/div><div class=\"fusion-separator fusion-full-width-sep sep-none\" style=\"margin-left: auto;margin-right: auto;margin-top:;\"><\/div><div class=\"fusion-clearfix\"><\/div>\n\n\t\t\t\t\t<\/div>\n\t\t\t\t<\/div><div  class=\"fusion-layout-column fusion_builder_column fusion_builder_column_1_2 fusion-builder-column-4 fusion-one-half fusion-column-first 1_2\"  style='margin-top:0px;margin-bottom:20px;width:48%; margin-right: 4%;'>\n\t\t\t\t\t<div class=\"fusion-column-wrapper\" style=\"background-position:left top;background-repeat:no-repeat;-webkit-background-size:cover;-moz-background-size:cover;-o-background-size:cover;background-size:cover;\"   data-bg-url=\"\">\n\t\t\t\t\t\t<div class=\"fusion-text\"><p>K\u0105 veiksime?<\/p>\n<p>K\u016brybini\u0173 dirbtuvi\u0173 metu supa\u017eindinsime su kompozicijos pagrindais, dail\u0117s r\u016b\u0161imis bei mus supan\u010diu meno pasauliu. Kart\u0105 per m\u0117nes\u012f lankysime \u012fvairias dail\u0117s parodas ir muziejus. Su vaikais kalb\u0117sime meno temomis, bandysime nagrin\u0117ti vizualinio meno vertybes nuo papras\u010diausi\u0173 technini\u0173 dalyk\u0173 iki estetini\u0173, id\u0117jini\u0173 niuans\u0173. Eskizavimo s\u0105siuviniuose mokysim\u0117s greitai fiksuoti ir interpretuoti parodos eksponatus ar j\u0173 fragmentus.<\/p>\n<\/div><div class=\"fusion-clearfix\"><\/div>\n\n\t\t\t\t\t<\/div>\n\t\t\t\t<\/div><div  class=\"fusion-layout-column fusion_builder_column fusion_builder_column_1_2 fusion-builder-column-5 fusion-one-half fusion-column-last 1_2\"  style='margin-top:0px;margin-bottom:20px;width:48%'>\n\t\t\t\t\t<div class=\"fusion-column-wrapper\" style=\"background-position:left top;background-repeat:no-repeat;-webkit-background-size:cover;-moz-background-size:cover;-o-background-size:cover;background-size:cover;\"   data-bg-url=\"\">\n\t\t\t\t\t\t<div class=\"fusion-text\"><p>U\u017esi\u0117mim\u0173 laikas:<\/p>\n<p>Antradienis 16.00-17.30 val.<\/p>\n<p>Ketvirtadienis\u00a016.00-17.30 val.<\/p>\n<p>Grup\u0119 sudaro ne daugiau kaip 8 bi\u010diuliai. (5-11 m.)<\/p>\n<p>U\u017esi\u0117mim\u0173 vieta:\u00a0\u00a0Rami\u0173 Bi\u010di\u0173 MEN\u0172 STUDIJA \u017demaitijos g. 11, Vilnius<\/p>\n<p>Kaina:<\/p>\n<ul>\n<li>vieno u\u017esi\u0117mimo kaina 15 EUR, per m\u0117nes\u012f vyks 4 u\u017esi\u0117mimai<\/li>\n<li>\u012f u\u017esi\u0117mim\u0173 kain\u0105 \u012feina visos priemon\u0117s;<\/li>\n<li>bilietai \u012f muziejus bei parodas ne\u012fskai\u010diuoti.<\/li>\n<\/ul>\n<p><b>B\u016btina registracija.<\/b><\/p>\n<p>Daugiau informacijos: \u00a0tel. +370 698 72 888,\u00a0<a href=\"http:\/\/www.menustudija.lt\/vaikams-2\/renginiai@menustudija.lt\">vaikams@menustudija.lt<\/a>\u00a0arba tiesiog u\u017esukite \u012f studij\u0105 pirmadieniais-ketvirtadieniais 13.00-21.00 val., \u0161e\u0161tadieniais \u2013 11.00-17.00 val.<\/p>\n<\/div><div class=\"fusion-button-wrapper\"><a class=\"fusion-button button-flat fusion-button-default-shape fusion-button-default-size button-default button-1 fusion-button-default-span fusion-button-default-type\" target=\"_blank\" rel=\"noopener noreferrer\" href=\"\/registracija\"><span class=\"fusion-button-text\">Registruotis<\/span><\/a><\/div><div class=\"fusion-clearfix\"><\/div>\n\n\t\t\t\t\t<\/div>\n\t\t\t\t<\/div><div  class=\"fusion-layout-column fusion_builder_column fusion_builder_column_1_1 fusion-builder-column-6 fusion-one-full fusion-column-first fusion-column-last fusion-column-no-min-height 1_1\"  style='margin-top:0px;margin-bottom:0px;'>\n\t\t\t\t\t<div class=\"fusion-column-wrapper\" style=\"background-position:left top;background-repeat:no-repeat;-webkit-background-size:cover;-moz-background-size:cover;-o-background-size:cover;background-size:cover;\"   data-bg-url=\"\">\n\t\t\t\t\t\t<div class=\"fusion-sep-clear\"><\/div><div class=\"fusion-separator fusion-full-width-sep sep-none\" style=\"margin-left: auto;margin-right: auto;margin-top:;\"><\/div><div class=\"fusion-clearfix\"><\/div>\n\n\t\t\t\t\t<\/div>\n\t\t\t\t<\/div><div  class=\"fusion-layout-column fusion_builder_column fusion_builder_column_1_1 fusion-builder-column-7 fusion-one-full fusion-column-first fusion-column-last 1_1\"  style='margin-top:0px;margin-bottom:20px;'>\n\t\t\t\t\t<div class=\"fusion-column-wrapper\" style=\"background-position:left top;background-repeat:no-repeat;-webkit-background-size:cover;-moz-background-size:cover;-o-background-size:cover;background-size:cover;\"   data-bg-url=\"\">\n\t\t\t\t\t\t<div class=\"fusion-clearfix\"><\/div>\n\n\t\t\t\t\t<\/div>\n\t\t\t\t<\/div><div  class=\"fusion-layout-column fusion_builder_column fusion_builder_column_1_1 fusion-builder-column-8 fusion-one-full fusion-column-first fusion-column-last fusion-column-no-min-height 1_1\"  style='margin-top:0px;margin-bottom:0px;'>\n\t\t\t\t\t<div class=\"fusion-column-wrapper\" style=\"background-position:left top;background-repeat:no-repeat;-webkit-background-size:cover;-moz-background-size:cover;-o-background-size:cover;background-size:cover;\"   data-bg-url=\"\">\n\t\t\t\t\t\t<div class=\"fusion-slider-sc fusion-flexslider-loading flexslider flexslider-hover-type-none\" style=\"max-width:100%;height:100%;\"><ul class=\"slides\"><li class=\"image\"><span class=\"fusion-image-hover-element hover-type-none\"><img  \/><\/span><\/li><\/ul><\/div><div class=\"fusion-clearfix\"><\/div>\n\n\t\t\t\t\t<\/div>\n\t\t\t\t<\/div><\/div><\/div>\n","protected":false},"excerpt":{"rendered":"","protected":false},"author":6,"featured_media":0,"parent":11688,"menu_order":0,"comment_status":"closed","ping_status":"closed","template":"","meta":{"footnotes":""},"class_list":["post-11701","page","type-page","status-publish","hentry"],"yoast_head":"<!-- This site is optimized with the Yoast SEO plugin v26.8 - https:\/\/yoast.com\/product\/yoast-seo-wordpress\/ -->\n<title>Dail\u0117s bi\u010diuli\u0173 klubas - Rami\u0173 Bi\u010di\u0173 Men\u0173 Studija<\/title>\n<meta name=\"robots\" content=\"index, follow, max-snippet:-1, max-image-preview:large, max-video-preview:-1\" \/>\n<link rel=\"canonical\" href=\"http:\/\/www.menustudija.lt\/lt\/kurybiniai-uzsiemimai\/dailes-biciuliu-klubas\/\" \/>\n<meta property=\"og:locale\" content=\"lt_LT\" \/>\n<meta property=\"og:type\" content=\"article\" \/>\n<meta property=\"og:title\" content=\"Dail\u0117s bi\u010diuli\u0173 klubas - Rami\u0173 Bi\u010di\u0173 Men\u0173 Studija\" \/>\n<meta property=\"og:url\" content=\"http:\/\/www.menustudija.lt\/lt\/kurybiniai-uzsiemimai\/dailes-biciuliu-klubas\/\" \/>\n<meta property=\"og:site_name\" content=\"Rami\u0173 Bi\u010di\u0173 Men\u0173 Studija\" \/>\n<meta property=\"article:modified_time\" content=\"2019-03-07T09:47:44+00:00\" \/>\n<meta name=\"twitter:card\" content=\"summary_large_image\" \/>\n<meta name=\"twitter:label1\" content=\"Est. reading time\" \/>\n\t<meta name=\"twitter:data1\" content=\"6 minut\u0117s\" \/>\n<script type=\"application\/ld+json\" class=\"yoast-schema-graph\">{\"@context\":\"https:\/\/schema.org\",\"@graph\":[{\"@type\":\"WebPage\",\"@id\":\"http:\/\/www.menustudija.lt\/lt\/kurybiniai-uzsiemimai\/dailes-biciuliu-klubas\/\",\"url\":\"http:\/\/www.menustudija.lt\/lt\/kurybiniai-uzsiemimai\/dailes-biciuliu-klubas\/\",\"name\":\"Dail\u0117s bi\u010diuli\u0173 klubas - Rami\u0173 Bi\u010di\u0173 Men\u0173 Studija\",\"isPartOf\":{\"@id\":\"http:\/\/www.menustudija.lt\/lt\/#website\"},\"datePublished\":\"2016-09-06T11:55:20+00:00\",\"dateModified\":\"2019-03-07T09:47:44+00:00\",\"breadcrumb\":{\"@id\":\"http:\/\/www.menustudija.lt\/lt\/kurybiniai-uzsiemimai\/dailes-biciuliu-klubas\/#breadcrumb\"},\"inLanguage\":\"lt-LT\",\"potentialAction\":[{\"@type\":\"ReadAction\",\"target\":[\"http:\/\/www.menustudija.lt\/lt\/kurybiniai-uzsiemimai\/dailes-biciuliu-klubas\/\"]}]},{\"@type\":\"BreadcrumbList\",\"@id\":\"http:\/\/www.menustudija.lt\/lt\/kurybiniai-uzsiemimai\/dailes-biciuliu-klubas\/#breadcrumb\",\"itemListElement\":[{\"@type\":\"ListItem\",\"position\":1,\"name\":\"Home\",\"item\":\"http:\/\/www.menustudija.lt\/lt\/\"},{\"@type\":\"ListItem\",\"position\":2,\"name\":\"K\u016brybiniai u\u017esi\u0117mimai\",\"item\":\"http:\/\/www.menustudija.lt\/lt\/kurybiniai-uzsiemimai\/\"},{\"@type\":\"ListItem\",\"position\":3,\"name\":\"Dail\u0117s bi\u010diuli\u0173 klubas\"}]},{\"@type\":\"WebSite\",\"@id\":\"http:\/\/www.menustudija.lt\/lt\/#website\",\"url\":\"http:\/\/www.menustudija.lt\/lt\/\",\"name\":\"Rami\u0173 Bi\u010di\u0173 Men\u0173 Studija\",\"description\":\"Rami\u0173 Bi\u010di\u0173 Men\u0173 Studija - mintims, sielai, k\u016bnui\",\"publisher\":{\"@id\":\"http:\/\/www.menustudija.lt\/lt\/#organization\"},\"potentialAction\":[{\"@type\":\"SearchAction\",\"target\":{\"@type\":\"EntryPoint\",\"urlTemplate\":\"http:\/\/www.menustudija.lt\/lt\/?s={search_term_string}\"},\"query-input\":{\"@type\":\"PropertyValueSpecification\",\"valueRequired\":true,\"valueName\":\"search_term_string\"}}],\"inLanguage\":\"lt-LT\"},{\"@type\":\"Organization\",\"@id\":\"http:\/\/www.menustudija.lt\/lt\/#organization\",\"name\":\"Rami\u0173 Bi\u010di\u0173 Men\u0173 Studija\",\"url\":\"http:\/\/www.menustudija.lt\/lt\/\",\"logo\":{\"@type\":\"ImageObject\",\"inLanguage\":\"lt-LT\",\"@id\":\"http:\/\/www.menustudija.lt\/lt\/#\/schema\/logo\/image\/\",\"url\":\"http:\/\/www.menustudija.lt\/wp-content\/uploads\/2019\/08\/cropped-RBMS-logo-2-page-001-scaled.jpg\",\"contentUrl\":\"http:\/\/www.menustudija.lt\/wp-content\/uploads\/2019\/08\/cropped-RBMS-logo-2-page-001-scaled.jpg\",\"width\":2560,\"height\":768,\"caption\":\"Rami\u0173 Bi\u010di\u0173 Men\u0173 Studija\"},\"image\":{\"@id\":\"http:\/\/www.menustudija.lt\/lt\/#\/schema\/logo\/image\/\"}}]}<\/script>\n<!-- \/ Yoast SEO plugin. -->","yoast_head_json":{"title":"Dail\u0117s bi\u010diuli\u0173 klubas - Rami\u0173 Bi\u010di\u0173 Men\u0173 Studija","robots":{"index":"index","follow":"follow","max-snippet":"max-snippet:-1","max-image-preview":"max-image-preview:large","max-video-preview":"max-video-preview:-1"},"canonical":"http:\/\/www.menustudija.lt\/lt\/kurybiniai-uzsiemimai\/dailes-biciuliu-klubas\/","og_locale":"lt_LT","og_type":"article","og_title":"Dail\u0117s bi\u010diuli\u0173 klubas - Rami\u0173 Bi\u010di\u0173 Men\u0173 Studija","og_url":"http:\/\/www.menustudija.lt\/lt\/kurybiniai-uzsiemimai\/dailes-biciuliu-klubas\/","og_site_name":"Rami\u0173 Bi\u010di\u0173 Men\u0173 Studija","article_modified_time":"2019-03-07T09:47:44+00:00","twitter_card":"summary_large_image","twitter_misc":{"Est. reading time":"6 minut\u0117s"},"schema":{"@context":"https:\/\/schema.org","@graph":[{"@type":"WebPage","@id":"http:\/\/www.menustudija.lt\/lt\/kurybiniai-uzsiemimai\/dailes-biciuliu-klubas\/","url":"http:\/\/www.menustudija.lt\/lt\/kurybiniai-uzsiemimai\/dailes-biciuliu-klubas\/","name":"Dail\u0117s bi\u010diuli\u0173 klubas - Rami\u0173 Bi\u010di\u0173 Men\u0173 Studija","isPartOf":{"@id":"http:\/\/www.menustudija.lt\/lt\/#website"},"datePublished":"2016-09-06T11:55:20+00:00","dateModified":"2019-03-07T09:47:44+00:00","breadcrumb":{"@id":"http:\/\/www.menustudija.lt\/lt\/kurybiniai-uzsiemimai\/dailes-biciuliu-klubas\/#breadcrumb"},"inLanguage":"lt-LT","potentialAction":[{"@type":"ReadAction","target":["http:\/\/www.menustudija.lt\/lt\/kurybiniai-uzsiemimai\/dailes-biciuliu-klubas\/"]}]},{"@type":"BreadcrumbList","@id":"http:\/\/www.menustudija.lt\/lt\/kurybiniai-uzsiemimai\/dailes-biciuliu-klubas\/#breadcrumb","itemListElement":[{"@type":"ListItem","position":1,"name":"Home","item":"http:\/\/www.menustudija.lt\/lt\/"},{"@type":"ListItem","position":2,"name":"K\u016brybiniai u\u017esi\u0117mimai","item":"http:\/\/www.menustudija.lt\/lt\/kurybiniai-uzsiemimai\/"},{"@type":"ListItem","position":3,"name":"Dail\u0117s bi\u010diuli\u0173 klubas"}]},{"@type":"WebSite","@id":"http:\/\/www.menustudija.lt\/lt\/#website","url":"http:\/\/www.menustudija.lt\/lt\/","name":"Rami\u0173 Bi\u010di\u0173 Men\u0173 Studija","description":"Rami\u0173 Bi\u010di\u0173 Men\u0173 Studija - mintims, sielai, k\u016bnui","publisher":{"@id":"http:\/\/www.menustudija.lt\/lt\/#organization"},"potentialAction":[{"@type":"SearchAction","target":{"@type":"EntryPoint","urlTemplate":"http:\/\/www.menustudija.lt\/lt\/?s={search_term_string}"},"query-input":{"@type":"PropertyValueSpecification","valueRequired":true,"valueName":"search_term_string"}}],"inLanguage":"lt-LT"},{"@type":"Organization","@id":"http:\/\/www.menustudija.lt\/lt\/#organization","name":"Rami\u0173 Bi\u010di\u0173 Men\u0173 Studija","url":"http:\/\/www.menustudija.lt\/lt\/","logo":{"@type":"ImageObject","inLanguage":"lt-LT","@id":"http:\/\/www.menustudija.lt\/lt\/#\/schema\/logo\/image\/","url":"http:\/\/www.menustudija.lt\/wp-content\/uploads\/2019\/08\/cropped-RBMS-logo-2-page-001-scaled.jpg","contentUrl":"http:\/\/www.menustudija.lt\/wp-content\/uploads\/2019\/08\/cropped-RBMS-logo-2-page-001-scaled.jpg","width":2560,"height":768,"caption":"Rami\u0173 Bi\u010di\u0173 Men\u0173 Studija"},"image":{"@id":"http:\/\/www.menustudija.lt\/lt\/#\/schema\/logo\/image\/"}}]}},"_links":{"self":[{"href":"http:\/\/www.menustudija.lt\/lt\/wp-json\/wp\/v2\/pages\/11701","targetHints":{"allow":["GET"]}}],"collection":[{"href":"http:\/\/www.menustudija.lt\/lt\/wp-json\/wp\/v2\/pages"}],"about":[{"href":"http:\/\/www.menustudija.lt\/lt\/wp-json\/wp\/v2\/types\/page"}],"author":[{"embeddable":true,"href":"http:\/\/www.menustudija.lt\/lt\/wp-json\/wp\/v2\/users\/6"}],"replies":[{"embeddable":true,"href":"http:\/\/www.menustudija.lt\/lt\/wp-json\/wp\/v2\/comments?post=11701"}],"version-history":[{"count":10,"href":"http:\/\/www.menustudija.lt\/lt\/wp-json\/wp\/v2\/pages\/11701\/revisions"}],"predecessor-version":[{"id":20994,"href":"http:\/\/www.menustudija.lt\/lt\/wp-json\/wp\/v2\/pages\/11701\/revisions\/20994"}],"up":[{"embeddable":true,"href":"http:\/\/www.menustudija.lt\/lt\/wp-json\/wp\/v2\/pages\/11688"}],"wp:attachment":[{"href":"http:\/\/www.menustudija.lt\/lt\/wp-json\/wp\/v2\/media?parent=11701"}],"curies":[{"name":"wp","href":"https:\/\/api.w.org\/{rel}","templated":true}]}}