{"id":11744,"date":"2016-09-06T10:19:40","date_gmt":"2016-09-06T12:19:40","guid":{"rendered":"http:\/\/www.menustudija.lt\/?page_id=11744"},"modified":"2019-03-07T07:47:36","modified_gmt":"2019-03-07T09:47:36","slug":"menai","status":"publish","type":"page","link":"http:\/\/www.menustudija.lt\/lt\/menai\/","title":{"rendered":"Studijaaaa"},"content":{"rendered":"<div class=\"fusion-fullwidth fullwidth-box hundred-percent-fullwidth non-hundred-percent-height-scrolling\"  style='background-color: #ffffff;background-position: center center;background-repeat: no-repeat;padding-top:0px;padding-right:0px;padding-bottom:0px;padding-left:0px;'><div class=\"fusion-builder-row fusion-row \"><div  class=\"fusion-layout-column fusion_builder_column fusion_builder_column_1_2 fusion-builder-column-1 fusion-one-half fusion-column-first 1_2\"  style='margin-top:0px;margin-bottom:20px;width:48%; margin-right: 4%;'>\n\t\t\t\t\t<div class=\"fusion-column-wrapper\" style=\"background-position:left top;background-repeat:no-repeat;-webkit-background-size:cover;-moz-background-size:cover;-o-background-size:cover;background-size:cover;\"   data-bg-url=\"\">\n\t\t\t\t\t\t<div class=\"fusion-slider-sc fusion-flexslider-loading flexslider flexslider-hover-type-none\" style=\"max-width:100%;height:100%;\"><ul class=\"slides\"><li class=\"image\"><span class=\"fusion-image-hover-element hover-type-none\"><img loading=\"lazy\" decoding=\"async\" src=\"http:\/\/www.menustudija.lt\/wp-content\/uploads\/2016\/09\/katinas-miega-300x200.jpg\" width=\"300\" height=\"200\" \/><\/span><\/li><li class=\"image\"><span class=\"fusion-image-hover-element hover-type-none\"><img loading=\"lazy\" decoding=\"async\" src=\"http:\/\/www.menustudija.lt\/wp-content\/uploads\/2016\/09\/IMG_8678-300x200.jpg\" width=\"300\" height=\"200\" \/><\/span><\/li><li class=\"image\"><span class=\"fusion-image-hover-element hover-type-none\"><img loading=\"lazy\" decoding=\"async\" src=\"http:\/\/www.menustudija.lt\/wp-content\/uploads\/2016\/09\/IMG_8676-300x200.jpg\" width=\"300\" height=\"200\" \/><\/span><\/li><li class=\"image\"><span class=\"fusion-image-hover-element hover-type-none\"><img loading=\"lazy\" decoding=\"async\" src=\"http:\/\/www.menustudija.lt\/wp-content\/uploads\/2016\/09\/IMG_8673-e1474538470354-200x300.jpg\" width=\"200\" height=\"300\" \/><\/span><\/li><li class=\"image\"><span class=\"fusion-image-hover-element hover-type-none\"><img loading=\"lazy\" decoding=\"async\" src=\"http:\/\/www.menustudija.lt\/wp-content\/uploads\/2016\/09\/IMG_8669-300x200.jpg\" width=\"300\" height=\"200\" \/><\/span><\/li><li class=\"image\"><span class=\"fusion-image-hover-element hover-type-none\"><img loading=\"lazy\" decoding=\"async\" src=\"http:\/\/www.menustudija.lt\/wp-content\/uploads\/2016\/09\/IMG_8667-300x200.jpg\" width=\"300\" height=\"200\" \/><\/span><\/li><li class=\"image\"><span class=\"fusion-image-hover-element hover-type-none\"><img loading=\"lazy\" decoding=\"async\" src=\"http:\/\/www.menustudija.lt\/wp-content\/uploads\/2016\/09\/IMG_8666-e1474538519255-200x300.jpg\" width=\"200\" height=\"300\" \/><\/span><\/li><li class=\"image\"><span class=\"fusion-image-hover-element hover-type-none\"><img loading=\"lazy\" decoding=\"async\" src=\"http:\/\/www.menustudija.lt\/wp-content\/uploads\/2016\/09\/IMG_8661-300x200.jpg\" width=\"300\" height=\"200\" \/><\/span><\/li><li class=\"image\"><span class=\"fusion-image-hover-element hover-type-none\"><img loading=\"lazy\" decoding=\"async\" src=\"http:\/\/www.menustudija.lt\/wp-content\/uploads\/2016\/09\/IMG_8658-300x200.jpg\" width=\"300\" height=\"200\" \/><\/span><\/li><li class=\"image\"><span class=\"fusion-image-hover-element hover-type-none\"><img loading=\"lazy\" decoding=\"async\" src=\"http:\/\/www.menustudija.lt\/wp-content\/uploads\/2016\/09\/IMG_8655-e1474538563855-200x300.jpg\" width=\"200\" height=\"300\" \/><\/span><\/li><li class=\"image\"><span class=\"fusion-image-hover-element hover-type-none\"><img loading=\"lazy\" decoding=\"async\" src=\"http:\/\/www.menustudija.lt\/wp-content\/uploads\/2016\/09\/IMG_8638-e1474538596113-200x300.jpg\" width=\"200\" height=\"300\" \/><\/span><\/li><li class=\"image\"><span class=\"fusion-image-hover-element hover-type-none\"><img loading=\"lazy\" decoding=\"async\" src=\"http:\/\/www.menustudija.lt\/wp-content\/uploads\/2016\/09\/IMG_8628-300x200.jpg\" width=\"300\" height=\"200\" \/><\/span><\/li><li class=\"image\"><span class=\"fusion-image-hover-element hover-type-none\"><img loading=\"lazy\" decoding=\"async\" src=\"http:\/\/www.menustudija.lt\/wp-content\/uploads\/2016\/09\/IMG_8630-300x200.jpg\" width=\"300\" height=\"200\" \/><\/span><\/li><li class=\"image\"><span class=\"fusion-image-hover-element hover-type-none\"><img loading=\"lazy\" decoding=\"async\" src=\"http:\/\/www.menustudija.lt\/wp-content\/uploads\/2016\/09\/IMG_8616-300x200.jpg\" width=\"300\" height=\"200\" \/><\/span><\/li><\/ul><\/div><div class=\"fusion-clearfix\"><\/div>\n\n\t\t\t\t\t<\/div>\n\t\t\t\t<\/div><div  class=\"fusion-layout-column fusion_builder_column fusion_builder_column_1_2 fusion-builder-column-2 fusion-one-half fusion-column-last 1_2\"  style='margin-top:0px;margin-bottom:20px;width:48%'>\n\t\t\t\t\t<div class=\"fusion-column-wrapper\" style=\"background-position:left top;background-repeat:no-repeat;-webkit-background-size:cover;-moz-background-size:cover;-o-background-size:cover;background-size:cover;\"   data-bg-url=\"\">\n\t\t\t\t\t\t<div class=\"fusion-text\"><h3>Sveiki atvyk\u0119 \u012f m\u016bs\u0173 studija.<\/h3>\n<p>&nbsp;<\/p>\n<ul>\n<li>Tai vieta, kur laikas b\u0117ga greitai, kur u\u017esimir\u0161ta visi kasdienyb\u0117s sunkumai ir r\u016bpes\u010diai.<\/li>\n<li>Tai vieta, kur gyvena burys katin\u0173, meili\u0173 ir draugi\u0161k\u0173, dalyvaujan\u010di\u0173 kartu su jumis<\/li>\n<li>Tai vieta, kurioje galima pasivai\u0161inti skania arbata ir puikia Taste Map kava, o neretai ir kokiu skan\u0117stu prie j\u0173.<\/li>\n<li>Tai vieta, kur ne tik ilsimasi, bet ir tobul\u0117jama &#8211; prosefional\u016bs mokytojai, \u012frengimai, med\u017eiagos ir svarbiausia &#8211; tobul\u0117jimui skirta aura<\/li>\n<li>Tai vieta \u0161ventimui &#8211; apsilankykite kartu su savo kolektyvu, draugais ir pajuskite k\u016brybos malonum\u0105<\/li>\n<\/ul>\n<p>M\u016bs\u0173 studijoje yra skirtingos erdv\u0117s &#8211; galerija, taikom\u0173j\u0173 men\u0173 erdv\u0117, vaizduojam\u0173j\u0173 men\u0173 erdv\u0117 ir poilsin\u0117 erdv\u0117.<\/p>\n<p>Visos erdv\u0117s skirtos JUMS, J\u016bs\u0173 poilsiui, atsipalaidavimui, tobul\u0117jimui ir k\u016brybai.<\/p>\n<p>U\u017esukite pasi\u017evalgyti, susipa\u017einti, pabendrauti su kolektyvu &#8211; tai pad\u0117s Jums apsispresti keliauti k\u016brybos keliu kartu su mumis.<\/p>\n<p>Iki susitikim\u0173 \u017demaitijos g. 11, Vilniuje<\/p>\n<\/div><div class=\"fusion-clearfix\"><\/div>\n\n\t\t\t\t\t<\/div>\n\t\t\t\t<\/div><div  class=\"fusion-layout-column fusion_builder_column fusion_builder_column_1_1 fusion-builder-column-3 fusion-one-full fusion-column-first fusion-column-last 1_1\"  style='margin-top:0px;margin-bottom:20px;'>\n\t\t\t\t\t<div class=\"fusion-column-wrapper\" style=\"background-position:left top;background-repeat:no-repeat;-webkit-background-size:cover;-moz-background-size:cover;-o-background-size:cover;background-size:cover;\"   data-bg-url=\"\">\n\t\t\t\t\t\t<div class=\"fusion-sep-clear\"><\/div><div class=\"fusion-separator fusion-full-width-sep sep-none\" style=\"margin-left: auto;margin-right: auto;margin-top:;\"><\/div><div class=\"fusion-clearfix\"><\/div>\n\n\t\t\t\t\t<\/div>\n\t\t\t\t<\/div><div  class=\"fusion-layout-column fusion_builder_column fusion_builder_column_1_1 fusion-builder-column-4 fusion-one-full fusion-column-first fusion-column-last 1_1\"  style='margin-top:0px;margin-bottom:20px;'>\n\t\t\t\t\t<div class=\"fusion-column-wrapper\" style=\"background-position:left top;background-repeat:no-repeat;-webkit-background-size:cover;-moz-background-size:cover;-o-background-size:cover;background-size:cover;\"   data-bg-url=\"\">\n\t\t\t\t\t\t<div class=\"fusion-button-wrapper fusion-aligncenter\"><a class=\"fusion-button button-flat fusion-button-default-shape fusion-button-default-size button-default button-1 fusion-button-default-span fusion-button-default-type\" target=\"_self\" href=\"\/studija\/kontaktai\"><span class=\"fusion-button-text\">Susisiekite<\/span><\/a><\/div><div class=\"fusion-clearfix\"><\/div>\n\n\t\t\t\t\t<\/div>\n\t\t\t\t<\/div><\/div><\/div>\n","protected":false},"excerpt":{"rendered":"","protected":false},"author":6,"featured_media":0,"parent":0,"menu_order":0,"comment_status":"closed","ping_status":"closed","template":"","meta":{"footnotes":""},"class_list":["post-11744","page","type-page","status-publish","hentry"],"yoast_head":"<!-- This site is optimized with the Yoast SEO plugin v26.8 - https:\/\/yoast.com\/product\/yoast-seo-wordpress\/ -->\n<title>Studijaaaa - Rami\u0173 Bi\u010di\u0173 Men\u0173 Studija<\/title>\n<meta name=\"robots\" content=\"index, follow, max-snippet:-1, max-image-preview:large, max-video-preview:-1\" \/>\n<link rel=\"canonical\" href=\"http:\/\/www.menustudija.lt\/lt\/menai\/\" \/>\n<meta property=\"og:locale\" content=\"lt_LT\" \/>\n<meta property=\"og:type\" content=\"article\" \/>\n<meta property=\"og:title\" content=\"Studijaaaa - Rami\u0173 Bi\u010di\u0173 Men\u0173 Studija\" \/>\n<meta property=\"og:url\" content=\"http:\/\/www.menustudija.lt\/lt\/menai\/\" \/>\n<meta property=\"og:site_name\" content=\"Rami\u0173 Bi\u010di\u0173 Men\u0173 Studija\" \/>\n<meta property=\"article:modified_time\" content=\"2019-03-07T09:47:36+00:00\" \/>\n<meta name=\"twitter:card\" content=\"summary_large_image\" \/>\n<meta name=\"twitter:label1\" content=\"Est. reading time\" \/>\n\t<meta name=\"twitter:data1\" content=\"4 minut\u0117s\" \/>\n<script type=\"application\/ld+json\" class=\"yoast-schema-graph\">{\"@context\":\"https:\/\/schema.org\",\"@graph\":[{\"@type\":\"WebPage\",\"@id\":\"http:\/\/www.menustudija.lt\/lt\/menai\/\",\"url\":\"http:\/\/www.menustudija.lt\/lt\/menai\/\",\"name\":\"Studijaaaa - Rami\u0173 Bi\u010di\u0173 Men\u0173 Studija\",\"isPartOf\":{\"@id\":\"http:\/\/www.menustudija.lt\/lt\/#website\"},\"datePublished\":\"2016-09-06T12:19:40+00:00\",\"dateModified\":\"2019-03-07T09:47:36+00:00\",\"breadcrumb\":{\"@id\":\"http:\/\/www.menustudija.lt\/lt\/menai\/#breadcrumb\"},\"inLanguage\":\"lt-LT\",\"potentialAction\":[{\"@type\":\"ReadAction\",\"target\":[\"http:\/\/www.menustudija.lt\/lt\/menai\/\"]}]},{\"@type\":\"BreadcrumbList\",\"@id\":\"http:\/\/www.menustudija.lt\/lt\/menai\/#breadcrumb\",\"itemListElement\":[{\"@type\":\"ListItem\",\"position\":1,\"name\":\"Home\",\"item\":\"http:\/\/www.menustudija.lt\/lt\/\"},{\"@type\":\"ListItem\",\"position\":2,\"name\":\"Studijaaaa\"}]},{\"@type\":\"WebSite\",\"@id\":\"http:\/\/www.menustudija.lt\/lt\/#website\",\"url\":\"http:\/\/www.menustudija.lt\/lt\/\",\"name\":\"Rami\u0173 Bi\u010di\u0173 Men\u0173 Studija\",\"description\":\"Rami\u0173 Bi\u010di\u0173 Men\u0173 Studija - mintims, sielai, k\u016bnui\",\"publisher\":{\"@id\":\"http:\/\/www.menustudija.lt\/lt\/#organization\"},\"potentialAction\":[{\"@type\":\"SearchAction\",\"target\":{\"@type\":\"EntryPoint\",\"urlTemplate\":\"http:\/\/www.menustudija.lt\/lt\/?s={search_term_string}\"},\"query-input\":{\"@type\":\"PropertyValueSpecification\",\"valueRequired\":true,\"valueName\":\"search_term_string\"}}],\"inLanguage\":\"lt-LT\"},{\"@type\":\"Organization\",\"@id\":\"http:\/\/www.menustudija.lt\/lt\/#organization\",\"name\":\"Rami\u0173 Bi\u010di\u0173 Men\u0173 Studija\",\"url\":\"http:\/\/www.menustudija.lt\/lt\/\",\"logo\":{\"@type\":\"ImageObject\",\"inLanguage\":\"lt-LT\",\"@id\":\"http:\/\/www.menustudija.lt\/lt\/#\/schema\/logo\/image\/\",\"url\":\"http:\/\/www.menustudija.lt\/wp-content\/uploads\/2019\/08\/cropped-RBMS-logo-2-page-001-scaled.jpg\",\"contentUrl\":\"http:\/\/www.menustudija.lt\/wp-content\/uploads\/2019\/08\/cropped-RBMS-logo-2-page-001-scaled.jpg\",\"width\":2560,\"height\":768,\"caption\":\"Rami\u0173 Bi\u010di\u0173 Men\u0173 Studija\"},\"image\":{\"@id\":\"http:\/\/www.menustudija.lt\/lt\/#\/schema\/logo\/image\/\"}}]}<\/script>\n<!-- \/ Yoast SEO plugin. -->","yoast_head_json":{"title":"Studijaaaa - Rami\u0173 Bi\u010di\u0173 Men\u0173 Studija","robots":{"index":"index","follow":"follow","max-snippet":"max-snippet:-1","max-image-preview":"max-image-preview:large","max-video-preview":"max-video-preview:-1"},"canonical":"http:\/\/www.menustudija.lt\/lt\/menai\/","og_locale":"lt_LT","og_type":"article","og_title":"Studijaaaa - Rami\u0173 Bi\u010di\u0173 Men\u0173 Studija","og_url":"http:\/\/www.menustudija.lt\/lt\/menai\/","og_site_name":"Rami\u0173 Bi\u010di\u0173 Men\u0173 Studija","article_modified_time":"2019-03-07T09:47:36+00:00","twitter_card":"summary_large_image","twitter_misc":{"Est. reading time":"4 minut\u0117s"},"schema":{"@context":"https:\/\/schema.org","@graph":[{"@type":"WebPage","@id":"http:\/\/www.menustudija.lt\/lt\/menai\/","url":"http:\/\/www.menustudija.lt\/lt\/menai\/","name":"Studijaaaa - Rami\u0173 Bi\u010di\u0173 Men\u0173 Studija","isPartOf":{"@id":"http:\/\/www.menustudija.lt\/lt\/#website"},"datePublished":"2016-09-06T12:19:40+00:00","dateModified":"2019-03-07T09:47:36+00:00","breadcrumb":{"@id":"http:\/\/www.menustudija.lt\/lt\/menai\/#breadcrumb"},"inLanguage":"lt-LT","potentialAction":[{"@type":"ReadAction","target":["http:\/\/www.menustudija.lt\/lt\/menai\/"]}]},{"@type":"BreadcrumbList","@id":"http:\/\/www.menustudija.lt\/lt\/menai\/#breadcrumb","itemListElement":[{"@type":"ListItem","position":1,"name":"Home","item":"http:\/\/www.menustudija.lt\/lt\/"},{"@type":"ListItem","position":2,"name":"Studijaaaa"}]},{"@type":"WebSite","@id":"http:\/\/www.menustudija.lt\/lt\/#website","url":"http:\/\/www.menustudija.lt\/lt\/","name":"Rami\u0173 Bi\u010di\u0173 Men\u0173 Studija","description":"Rami\u0173 Bi\u010di\u0173 Men\u0173 Studija - mintims, sielai, k\u016bnui","publisher":{"@id":"http:\/\/www.menustudija.lt\/lt\/#organization"},"potentialAction":[{"@type":"SearchAction","target":{"@type":"EntryPoint","urlTemplate":"http:\/\/www.menustudija.lt\/lt\/?s={search_term_string}"},"query-input":{"@type":"PropertyValueSpecification","valueRequired":true,"valueName":"search_term_string"}}],"inLanguage":"lt-LT"},{"@type":"Organization","@id":"http:\/\/www.menustudija.lt\/lt\/#organization","name":"Rami\u0173 Bi\u010di\u0173 Men\u0173 Studija","url":"http:\/\/www.menustudija.lt\/lt\/","logo":{"@type":"ImageObject","inLanguage":"lt-LT","@id":"http:\/\/www.menustudija.lt\/lt\/#\/schema\/logo\/image\/","url":"http:\/\/www.menustudija.lt\/wp-content\/uploads\/2019\/08\/cropped-RBMS-logo-2-page-001-scaled.jpg","contentUrl":"http:\/\/www.menustudija.lt\/wp-content\/uploads\/2019\/08\/cropped-RBMS-logo-2-page-001-scaled.jpg","width":2560,"height":768,"caption":"Rami\u0173 Bi\u010di\u0173 Men\u0173 Studija"},"image":{"@id":"http:\/\/www.menustudija.lt\/lt\/#\/schema\/logo\/image\/"}}]}},"_links":{"self":[{"href":"http:\/\/www.menustudija.lt\/lt\/wp-json\/wp\/v2\/pages\/11744","targetHints":{"allow":["GET"]}}],"collection":[{"href":"http:\/\/www.menustudija.lt\/lt\/wp-json\/wp\/v2\/pages"}],"about":[{"href":"http:\/\/www.menustudija.lt\/lt\/wp-json\/wp\/v2\/types\/page"}],"author":[{"embeddable":true,"href":"http:\/\/www.menustudija.lt\/lt\/wp-json\/wp\/v2\/users\/6"}],"replies":[{"embeddable":true,"href":"http:\/\/www.menustudija.lt\/lt\/wp-json\/wp\/v2\/comments?post=11744"}],"version-history":[{"count":11,"href":"http:\/\/www.menustudija.lt\/lt\/wp-json\/wp\/v2\/pages\/11744\/revisions"}],"predecessor-version":[{"id":19368,"href":"http:\/\/www.menustudija.lt\/lt\/wp-json\/wp\/v2\/pages\/11744\/revisions\/19368"}],"wp:attachment":[{"href":"http:\/\/www.menustudija.lt\/lt\/wp-json\/wp\/v2\/media?parent=11744"}],"curies":[{"name":"wp","href":"https:\/\/api.w.org\/{rel}","templated":true}]}}