{"id":11871,"date":"2016-09-08T14:00:39","date_gmt":"2016-09-08T16:00:39","guid":{"rendered":"http:\/\/www.menustudija.lt\/?page_id=11871"},"modified":"2019-03-07T07:47:36","modified_gmt":"2019-03-07T09:47:36","slug":"kurso-programa","status":"publish","type":"page","link":"http:\/\/www.menustudija.lt\/lt\/kurybiniai-uzsiemimai\/juvelyrikos-mokykla\/kurso-programa\/","title":{"rendered":"Juvelyrikos kurso programa"},"content":{"rendered":"<div class=\"fusion-fullwidth fullwidth-box hundred-percent-fullwidth non-hundred-percent-height-scrolling\"  style='background-color: #ffffff;background-position: center center;background-repeat: no-repeat;padding-top:0px;padding-right:0px;padding-bottom:0px;padding-left:0px;'><div class=\"fusion-builder-row fusion-row \"><div  class=\"fusion-layout-column fusion_builder_column fusion_builder_column_1_1 fusion-builder-column-1 fusion-one-full fusion-column-first fusion-column-last 1_1\"  style='margin-top:0px;margin-bottom:20px;'>\n\t\t\t\t\t<div class=\"fusion-column-wrapper\" style=\"background-position:left top;background-repeat:no-repeat;-webkit-background-size:cover;-moz-background-size:cover;-o-background-size:cover;background-size:cover;\"   data-bg-url=\"\">\n\t\t\t\t\t\t<div class=\"fusion-text\"><p>Juvelyrikos kurso programa<\/p>\n<div id=\"top\">\n<div id=\"bottom\">\n<div id=\"main\">\n<div id=\"content\">\n<div id=\"text_container\">\n<p><strong>Teorin\u0117 \u2013 pa\u017eintin\u0117 dalis<\/strong><\/p>\n<p>1. Juvelyro darbo vieta, naudojami \u012frankiai, \u012frengimai:<\/p>\n<p>a. Teisingas s\u0117d\u0117jimas ir darbas juvelyro darbo vietoje.<\/p>\n<p>b. Naudojam\u0173 \u012franki\u0173 paskirtis ir naudojimas.<\/p>\n<p>c. Taisyklingas ir saugus \u012frengim\u0173 naudojimas.<\/p>\n<p>d. Darbas su kitomis darbo procese naudojamomis pagalbin\u0117mis med\u017eiagomis.<\/p>\n<p>e. Darbo sauga.<\/p>\n<p>2. Juvelyrikoje naudojami metalai, med\u017eiagos bei j\u0173 savyb\u0117s:<\/p>\n<p>a. Tauri\u0173j\u0173 metal\u0173 prabos ir \u017eenklinimas.<\/p>\n<p>b. Tauri\u0173j\u0173 metal\u0173 legiravimas, savyb\u0117s ir apdirbimas.<\/p>\n<p>c. Juvelyrikoje naudojami akmenys, j\u0173 formos ir \u012fstatymo \u012f dirbin\u012f b\u016bdai.<\/p>\n<p>d. Kitos juvelyrikoje naudojamos med\u017eiagos ir j\u0173 apdirbimas.<\/p>\n<p><strong>Praktin\u0117 dalis<\/strong><\/p>\n<p><strong>\u00a0I. Papuo\u0161alo gamyba i\u0161 metalo<\/strong><\/p>\n<p>1. Papuo\u0161alo eskizas, projektavimas, pasiruo\u0161imas.<\/p>\n<p>2. Metalo paruo\u0161imas:<\/p>\n<p>a. Lydimas, suliejimas \u012f form\u0105.<\/p>\n<p>b. Skardos ir profilio valcavimas.<\/p>\n<p>c. Atlaidinimas.<\/p>\n<p>d. Vielos ir profilio traukimas.<\/p>\n<p>3. Ruo\u0161ini\u0173 gamyba ir j\u0173 sujungimas:<\/p>\n<p>a. Matavimas.<\/p>\n<p>b. Kirpimas.<\/p>\n<p>c. Pjovimas.<\/p>\n<p>d. Dildymas.<\/p>\n<p>e. Metalo firmavimas: lenkimas, gaubimas.<\/p>\n<p>f. Ruo\u0161ini\u0173 suvedimas ir sujungimas: litavimas, kniedijimas.<\/p>\n<p>g. Litavimas:<\/p>\n<p>\u2013 Paruo\u0161imas lituoti.<\/p>\n<p>\u2013 Lydmetaliai ir j\u0173 savyb\u0117s, tinkamo lydmetalio parinkimas.<\/p>\n<p>\u2013 Fliusai.<\/p>\n<p>\u2013 Litavimas, oksid\u0173 \u0161alinimas.<\/p>\n<p>4. A\u017e\u016bro i\u0161pjaustymas pj\u016bkleliu:<\/p>\n<p>a. Naudojimasis pj\u016bklelio r\u0117meliu: laikymas, pj\u016bklelio \u012fstatymas ir keitimas.<\/p>\n<p>b. Pjaustymas.<\/p>\n<p>c. I\u0161pjaustyt\u0173 ra\u0161t\u0173 ir pavir\u0161i\u0173 u\u017ebaigimas.<\/p>\n<p>5. Dirbinio u\u017ebaigimas:<\/p>\n<p>a. Poliravimas: magnetinis \u2013 ma\u0161ininis, rankinis \u00a0\u2013 poliravimo diskais.<\/p>\n<p>b. Dekoravimas: kalin\u0117jimas, abrazyvai.<\/p>\n<p>c. Spalvinis metalo apdirbimas: patinavimas, oksidavimas.<\/p>\n<p>d. Plovimas ir valymas.<\/p>\n<p><strong>II. Papuo\u0161alo gamyba i\u0161 va\u0161ko<\/strong><\/p>\n<p>1. Trumpas supa\u017eindinimas su liejimo procesu:<\/p>\n<p>a. Liejimo b\u016bdai ir \u012frengimai.<\/p>\n<p>b. Naudojamos med\u017eiagos.<\/p>\n<p>c. Va\u0161k\u0173 r\u016b\u0161ys ir savyb\u0117s.<\/p>\n<p>d. Liejimo b\u016bdu gaminam\u0173 papuo\u0161al\u0173 proceso tvarka ir problematikos.<\/p>\n<p>2. Papuo\u0161alo eskizas, projektavimas, pasiruo\u0161imas.<\/p>\n<p>3. Va\u0161ko modeliavimas ir apdirbimas:<\/p>\n<p>a. Va\u0161ko parinkimas.<\/p>\n<p>b. Pjovimas.<\/p>\n<p>c. Frezavimas.<\/p>\n<p>d. Modelio sieneli\u0173 storio matavimas.<\/p>\n<p>e. Lydymas ir litavimas.<\/p>\n<p>f. Poliravimas.<\/p>\n<p>g. Lietis ir jos montavimas.<\/p>\n<p>4. Atlieto dirbinio apdirbimas:<\/p>\n<p>a. Galimo liejimo defekt\u0173 aptarimas.<\/p>\n<p>b. Lieties nu\u0117mimas.<\/p>\n<p>c. Atlieto gaminio pavir\u0161iaus apdirbimas: \u0161lifavimas, poliravimas.<\/p>\n<p>d. Fakt\u016bravimas ir tonavimas.<\/p>\n<p>e. Papuo\u0161alo plovimas ir valymas.<\/p>\n<p><strong>III. Papuo\u0161alo gamyba su akmens \u012fstatymu<\/strong><\/p>\n<p>1. Juvelyriniai akmenys, forma, apdirbimas.<\/p>\n<p>2. \u012estatymo b\u016bdai:<\/p>\n<p>a. U\u017edaras kastas.<\/p>\n<p>b. Atviras kastas.<\/p>\n<p>c. Tvirtinimas plok\u0161tumoje r\u0117\u017etukais (\u0161tikeliais).<\/p>\n<p>3. Akmens \u012fstatymas \u012f dirbin\u012f:<\/p>\n<p>a. Kasto gamyba.<\/p>\n<p>b. Akmens \u012fstatymas \u012f kast\u0105 u\u017ever\u010diant, u\u017ekalant.<\/p>\n<p>c. Galutinis apdirbimas ir u\u017ebaigimas.<\/p>\n<p><strong>\u00a0IV. Kitos papuo\u0161alo gamyboje naudojamos technikos<\/strong><\/p>\n<p>1. Filigrana.<\/p>\n<p>2. Granuliacija.<\/p>\n<p>3. Emal\u0117.<\/p>\n<p>4. Stiklo karoliukai.<\/p>\n<p><strong>\u00a0Baigiamoji-t\u0119stin\u0117 dalis \u2013 savaranki\u0161kas darbas<\/strong><\/p>\n<p>1. Savaranki\u0161kas k\u016brybinis darbas.<\/p>\n<p>2. Dalyvavimas parodose.<\/p>\n<p>\u00a9 V\u0161\u012e \u201dRAMIOS BIT\u0116S\u201d. Men\u0173 studija<\/p>\n<\/div>\n<\/div>\n<\/div>\n<\/div>\n<\/div>\n<\/div><div class=\"fusion-clearfix\"><\/div>\n\n\t\t\t\t\t<\/div>\n\t\t\t\t<\/div><\/div><\/div>\n","protected":false},"excerpt":{"rendered":"","protected":false},"author":6,"featured_media":0,"parent":11691,"menu_order":0,"comment_status":"closed","ping_status":"closed","template":"","meta":{"footnotes":""},"class_list":["post-11871","page","type-page","status-publish","hentry"],"yoast_head":"<!-- This site is optimized with the Yoast SEO plugin v26.8 - https:\/\/yoast.com\/product\/yoast-seo-wordpress\/ -->\n<title>Juvelyrikos kurso programa - Rami\u0173 Bi\u010di\u0173 Men\u0173 Studija<\/title>\n<meta name=\"robots\" content=\"index, follow, max-snippet:-1, max-image-preview:large, max-video-preview:-1\" \/>\n<link rel=\"canonical\" href=\"http:\/\/www.menustudija.lt\/lt\/kurybiniai-uzsiemimai\/juvelyrikos-mokykla\/kurso-programa\/\" \/>\n<meta property=\"og:locale\" content=\"lt_LT\" \/>\n<meta property=\"og:type\" content=\"article\" \/>\n<meta property=\"og:title\" content=\"Juvelyrikos kurso programa - Rami\u0173 Bi\u010di\u0173 Men\u0173 Studija\" \/>\n<meta property=\"og:url\" content=\"http:\/\/www.menustudija.lt\/lt\/kurybiniai-uzsiemimai\/juvelyrikos-mokykla\/kurso-programa\/\" \/>\n<meta property=\"og:site_name\" content=\"Rami\u0173 Bi\u010di\u0173 Men\u0173 Studija\" \/>\n<meta property=\"article:modified_time\" content=\"2019-03-07T09:47:36+00:00\" \/>\n<meta name=\"twitter:card\" content=\"summary_large_image\" \/>\n<meta name=\"twitter:label1\" content=\"Est. reading time\" \/>\n\t<meta name=\"twitter:data1\" content=\"2 minut\u0117s\" \/>\n<script type=\"application\/ld+json\" class=\"yoast-schema-graph\">{\"@context\":\"https:\/\/schema.org\",\"@graph\":[{\"@type\":\"WebPage\",\"@id\":\"http:\/\/www.menustudija.lt\/lt\/kurybiniai-uzsiemimai\/juvelyrikos-mokykla\/kurso-programa\/\",\"url\":\"http:\/\/www.menustudija.lt\/lt\/kurybiniai-uzsiemimai\/juvelyrikos-mokykla\/kurso-programa\/\",\"name\":\"Juvelyrikos kurso programa - Rami\u0173 Bi\u010di\u0173 Men\u0173 Studija\",\"isPartOf\":{\"@id\":\"http:\/\/www.menustudija.lt\/lt\/#website\"},\"datePublished\":\"2016-09-08T16:00:39+00:00\",\"dateModified\":\"2019-03-07T09:47:36+00:00\",\"breadcrumb\":{\"@id\":\"http:\/\/www.menustudija.lt\/lt\/kurybiniai-uzsiemimai\/juvelyrikos-mokykla\/kurso-programa\/#breadcrumb\"},\"inLanguage\":\"lt-LT\",\"potentialAction\":[{\"@type\":\"ReadAction\",\"target\":[\"http:\/\/www.menustudija.lt\/lt\/kurybiniai-uzsiemimai\/juvelyrikos-mokykla\/kurso-programa\/\"]}]},{\"@type\":\"BreadcrumbList\",\"@id\":\"http:\/\/www.menustudija.lt\/lt\/kurybiniai-uzsiemimai\/juvelyrikos-mokykla\/kurso-programa\/#breadcrumb\",\"itemListElement\":[{\"@type\":\"ListItem\",\"position\":1,\"name\":\"Home\",\"item\":\"http:\/\/www.menustudija.lt\/lt\/\"},{\"@type\":\"ListItem\",\"position\":2,\"name\":\"K\u016brybiniai u\u017esi\u0117mimai\",\"item\":\"http:\/\/www.menustudija.lt\/lt\/kurybiniai-uzsiemimai\/\"},{\"@type\":\"ListItem\",\"position\":3,\"name\":\"Juvelyrikos mokykla\",\"item\":\"http:\/\/www.menustudija.lt\/lt\/kurybiniai-uzsiemimai\/juvelyrikos-mokykla\/\"},{\"@type\":\"ListItem\",\"position\":4,\"name\":\"Juvelyrikos kurso programa\"}]},{\"@type\":\"WebSite\",\"@id\":\"http:\/\/www.menustudija.lt\/lt\/#website\",\"url\":\"http:\/\/www.menustudija.lt\/lt\/\",\"name\":\"Rami\u0173 Bi\u010di\u0173 Men\u0173 Studija\",\"description\":\"Rami\u0173 Bi\u010di\u0173 Men\u0173 Studija - mintims, sielai, k\u016bnui\",\"publisher\":{\"@id\":\"http:\/\/www.menustudija.lt\/lt\/#organization\"},\"potentialAction\":[{\"@type\":\"SearchAction\",\"target\":{\"@type\":\"EntryPoint\",\"urlTemplate\":\"http:\/\/www.menustudija.lt\/lt\/?s={search_term_string}\"},\"query-input\":{\"@type\":\"PropertyValueSpecification\",\"valueRequired\":true,\"valueName\":\"search_term_string\"}}],\"inLanguage\":\"lt-LT\"},{\"@type\":\"Organization\",\"@id\":\"http:\/\/www.menustudija.lt\/lt\/#organization\",\"name\":\"Rami\u0173 Bi\u010di\u0173 Men\u0173 Studija\",\"url\":\"http:\/\/www.menustudija.lt\/lt\/\",\"logo\":{\"@type\":\"ImageObject\",\"inLanguage\":\"lt-LT\",\"@id\":\"http:\/\/www.menustudija.lt\/lt\/#\/schema\/logo\/image\/\",\"url\":\"http:\/\/www.menustudija.lt\/wp-content\/uploads\/2019\/08\/cropped-RBMS-logo-2-page-001-scaled.jpg\",\"contentUrl\":\"http:\/\/www.menustudija.lt\/wp-content\/uploads\/2019\/08\/cropped-RBMS-logo-2-page-001-scaled.jpg\",\"width\":2560,\"height\":768,\"caption\":\"Rami\u0173 Bi\u010di\u0173 Men\u0173 Studija\"},\"image\":{\"@id\":\"http:\/\/www.menustudija.lt\/lt\/#\/schema\/logo\/image\/\"}}]}<\/script>\n<!-- \/ Yoast SEO plugin. -->","yoast_head_json":{"title":"Juvelyrikos kurso programa - Rami\u0173 Bi\u010di\u0173 Men\u0173 Studija","robots":{"index":"index","follow":"follow","max-snippet":"max-snippet:-1","max-image-preview":"max-image-preview:large","max-video-preview":"max-video-preview:-1"},"canonical":"http:\/\/www.menustudija.lt\/lt\/kurybiniai-uzsiemimai\/juvelyrikos-mokykla\/kurso-programa\/","og_locale":"lt_LT","og_type":"article","og_title":"Juvelyrikos kurso programa - Rami\u0173 Bi\u010di\u0173 Men\u0173 Studija","og_url":"http:\/\/www.menustudija.lt\/lt\/kurybiniai-uzsiemimai\/juvelyrikos-mokykla\/kurso-programa\/","og_site_name":"Rami\u0173 Bi\u010di\u0173 Men\u0173 Studija","article_modified_time":"2019-03-07T09:47:36+00:00","twitter_card":"summary_large_image","twitter_misc":{"Est. reading time":"2 minut\u0117s"},"schema":{"@context":"https:\/\/schema.org","@graph":[{"@type":"WebPage","@id":"http:\/\/www.menustudija.lt\/lt\/kurybiniai-uzsiemimai\/juvelyrikos-mokykla\/kurso-programa\/","url":"http:\/\/www.menustudija.lt\/lt\/kurybiniai-uzsiemimai\/juvelyrikos-mokykla\/kurso-programa\/","name":"Juvelyrikos kurso programa - Rami\u0173 Bi\u010di\u0173 Men\u0173 Studija","isPartOf":{"@id":"http:\/\/www.menustudija.lt\/lt\/#website"},"datePublished":"2016-09-08T16:00:39+00:00","dateModified":"2019-03-07T09:47:36+00:00","breadcrumb":{"@id":"http:\/\/www.menustudija.lt\/lt\/kurybiniai-uzsiemimai\/juvelyrikos-mokykla\/kurso-programa\/#breadcrumb"},"inLanguage":"lt-LT","potentialAction":[{"@type":"ReadAction","target":["http:\/\/www.menustudija.lt\/lt\/kurybiniai-uzsiemimai\/juvelyrikos-mokykla\/kurso-programa\/"]}]},{"@type":"BreadcrumbList","@id":"http:\/\/www.menustudija.lt\/lt\/kurybiniai-uzsiemimai\/juvelyrikos-mokykla\/kurso-programa\/#breadcrumb","itemListElement":[{"@type":"ListItem","position":1,"name":"Home","item":"http:\/\/www.menustudija.lt\/lt\/"},{"@type":"ListItem","position":2,"name":"K\u016brybiniai u\u017esi\u0117mimai","item":"http:\/\/www.menustudija.lt\/lt\/kurybiniai-uzsiemimai\/"},{"@type":"ListItem","position":3,"name":"Juvelyrikos mokykla","item":"http:\/\/www.menustudija.lt\/lt\/kurybiniai-uzsiemimai\/juvelyrikos-mokykla\/"},{"@type":"ListItem","position":4,"name":"Juvelyrikos kurso programa"}]},{"@type":"WebSite","@id":"http:\/\/www.menustudija.lt\/lt\/#website","url":"http:\/\/www.menustudija.lt\/lt\/","name":"Rami\u0173 Bi\u010di\u0173 Men\u0173 Studija","description":"Rami\u0173 Bi\u010di\u0173 Men\u0173 Studija - mintims, sielai, k\u016bnui","publisher":{"@id":"http:\/\/www.menustudija.lt\/lt\/#organization"},"potentialAction":[{"@type":"SearchAction","target":{"@type":"EntryPoint","urlTemplate":"http:\/\/www.menustudija.lt\/lt\/?s={search_term_string}"},"query-input":{"@type":"PropertyValueSpecification","valueRequired":true,"valueName":"search_term_string"}}],"inLanguage":"lt-LT"},{"@type":"Organization","@id":"http:\/\/www.menustudija.lt\/lt\/#organization","name":"Rami\u0173 Bi\u010di\u0173 Men\u0173 Studija","url":"http:\/\/www.menustudija.lt\/lt\/","logo":{"@type":"ImageObject","inLanguage":"lt-LT","@id":"http:\/\/www.menustudija.lt\/lt\/#\/schema\/logo\/image\/","url":"http:\/\/www.menustudija.lt\/wp-content\/uploads\/2019\/08\/cropped-RBMS-logo-2-page-001-scaled.jpg","contentUrl":"http:\/\/www.menustudija.lt\/wp-content\/uploads\/2019\/08\/cropped-RBMS-logo-2-page-001-scaled.jpg","width":2560,"height":768,"caption":"Rami\u0173 Bi\u010di\u0173 Men\u0173 Studija"},"image":{"@id":"http:\/\/www.menustudija.lt\/lt\/#\/schema\/logo\/image\/"}}]}},"_links":{"self":[{"href":"http:\/\/www.menustudija.lt\/lt\/wp-json\/wp\/v2\/pages\/11871","targetHints":{"allow":["GET"]}}],"collection":[{"href":"http:\/\/www.menustudija.lt\/lt\/wp-json\/wp\/v2\/pages"}],"about":[{"href":"http:\/\/www.menustudija.lt\/lt\/wp-json\/wp\/v2\/types\/page"}],"author":[{"embeddable":true,"href":"http:\/\/www.menustudija.lt\/lt\/wp-json\/wp\/v2\/users\/6"}],"replies":[{"embeddable":true,"href":"http:\/\/www.menustudija.lt\/lt\/wp-json\/wp\/v2\/comments?post=11871"}],"version-history":[{"count":3,"href":"http:\/\/www.menustudija.lt\/lt\/wp-json\/wp\/v2\/pages\/11871\/revisions"}],"predecessor-version":[{"id":19367,"href":"http:\/\/www.menustudija.lt\/lt\/wp-json\/wp\/v2\/pages\/11871\/revisions\/19367"}],"up":[{"embeddable":true,"href":"http:\/\/www.menustudija.lt\/lt\/wp-json\/wp\/v2\/pages\/11691"}],"wp:attachment":[{"href":"http:\/\/www.menustudija.lt\/lt\/wp-json\/wp\/v2\/media?parent=11871"}],"curies":[{"name":"wp","href":"https:\/\/api.w.org\/{rel}","templated":true}]}}