{"id":18590,"date":"2017-01-30T10:52:17","date_gmt":"2017-01-30T12:52:17","guid":{"rendered":"http:\/\/www.menustudija.lt\/?post_type=product&#038;p=18590\/"},"modified":"2025-09-12T08:59:17","modified_gmt":"2025-09-12T10:59:17","slug":"speedball-calligraphy-pen-set","status":"publish","type":"product","link":"http:\/\/www.menustudija.lt\/lt\/parduotuve\/kaligrafijos-reikmenys\/koteliai_plunksnos\/speedball-calligraphy-pen-set\/","title":{"rendered":"Speedball Calligraphy Pen Set"},"content":{"rendered":"<p>Speedball has been a trusted name in handcrafted nibs and pens for the calligrapher, letterer, and drawing artist for over 100 years. Perfect your calligraphy skills with Speedball&#8217;s Calligraphy Pen Set! It&#8217;s ideal for Roman and Italic lettering, line drawings, and ornamental and fine line work.<\/p>\n<p>This Calligraphy set contains one standard pen nib holder, six nibs (C1, C2, C3, C4, 101, and 512), and an instruction booklet. The booklet introduces you to your pen set and provides tips for achieving good lettering and drawing technique. For more tips, check out the <a href=\"http:\/\/www.jetpens.com\/Speedball-Textbook-23rd-Edition\/pd\/12364\">Speedball Textbook<\/a>, a thorough guide to pen and brush lettering. This book is available separately.<\/p>\n","protected":false},"excerpt":{"rendered":"<p>Speedball has been a trusted name in handcrafted nibs and pens for the calligrapher, letterer, and drawing artist for over 100 years. Perfect your calligraphy skills with Speedball&#8217;s Calligraphy Pen Set! It&#8217;s ideal for Roman and Italic lettering, line drawings, and ornamental and fine line work. This Calligraphy set contains one standard pen nib holder, &hellip; <\/p>\n","protected":false},"featured_media":18602,"template":"","meta":[],"product_brand":[],"product_cat":[59,74],"product_tag":[],"class_list":{"0":"post-18590","1":"product","2":"type-product","3":"status-publish","4":"has-post-thumbnail","6":"product_cat-kaligrafijos-reikmenys","7":"product_cat-koteliai_plunksnos","9":"first","10":"outofstock","11":"taxable","12":"shipping-taxable","13":"purchasable","14":"product-type-simple"},"yoast_head":"<!-- This site is optimized with the Yoast SEO plugin v26.8 - https:\/\/yoast.com\/product\/yoast-seo-wordpress\/ -->\n<title>Speedball Calligraphy Pen Set - Rami\u0173 Bi\u010di\u0173 Men\u0173 Studija<\/title>\n<meta name=\"robots\" content=\"index, follow, max-snippet:-1, max-image-preview:large, max-video-preview:-1\" \/>\n<link rel=\"canonical\" href=\"http:\/\/www.menustudija.lt\/lt\/parduotuve\/kaligrafijos-reikmenys\/koteliai_plunksnos\/speedball-calligraphy-pen-set\/\" \/>\n<meta property=\"og:locale\" content=\"lt_LT\" \/>\n<meta property=\"og:type\" content=\"article\" \/>\n<meta property=\"og:title\" content=\"Speedball Calligraphy Pen Set - Rami\u0173 Bi\u010di\u0173 Men\u0173 Studija\" \/>\n<meta property=\"og:description\" content=\"Speedball has been a trusted name in handcrafted nibs and pens for the calligrapher, letterer, and drawing artist for over 100 years. Perfect your calligraphy skills with Speedball&#8217;s Calligraphy Pen Set! It&#8217;s ideal for Roman and Italic lettering, line drawings, and ornamental and fine line work. This Calligraphy set contains one standard pen nib holder, &hellip;\" \/>\n<meta property=\"og:url\" content=\"http:\/\/www.menustudija.lt\/lt\/parduotuve\/kaligrafijos-reikmenys\/koteliai_plunksnos\/speedball-calligraphy-pen-set\/\" \/>\n<meta property=\"og:site_name\" content=\"Rami\u0173 Bi\u010di\u0173 Men\u0173 Studija\" \/>\n<meta property=\"article:modified_time\" content=\"2025-09-12T10:59:17+00:00\" \/>\n<meta property=\"og:image\" content=\"http:\/\/www.menustudija.lt\/wp-content\/uploads\/2017\/01\/10122919.jpg\" \/>\n\t<meta property=\"og:image:width\" content=\"1024\" \/>\n\t<meta property=\"og:image:height\" content=\"1024\" \/>\n\t<meta property=\"og:image:type\" content=\"image\/jpeg\" \/>\n<meta name=\"twitter:card\" content=\"summary_large_image\" \/>\n<meta name=\"twitter:label1\" content=\"Est. reading time\" \/>\n\t<meta name=\"twitter:data1\" content=\"1 minut\u0117\" \/>\n<script type=\"application\/ld+json\" class=\"yoast-schema-graph\">{\"@context\":\"https:\/\/schema.org\",\"@graph\":[{\"@type\":\"WebPage\",\"@id\":\"http:\/\/www.menustudija.lt\/lt\/parduotuve\/kaligrafijos-reikmenys\/koteliai_plunksnos\/speedball-calligraphy-pen-set\/\",\"url\":\"http:\/\/www.menustudija.lt\/lt\/parduotuve\/kaligrafijos-reikmenys\/koteliai_plunksnos\/speedball-calligraphy-pen-set\/\",\"name\":\"Speedball Calligraphy Pen Set - Rami\u0173 Bi\u010di\u0173 Men\u0173 Studija\",\"isPartOf\":{\"@id\":\"http:\/\/www.menustudija.lt\/lt\/#website\"},\"primaryImageOfPage\":{\"@id\":\"http:\/\/www.menustudija.lt\/lt\/parduotuve\/kaligrafijos-reikmenys\/koteliai_plunksnos\/speedball-calligraphy-pen-set\/#primaryimage\"},\"image\":{\"@id\":\"http:\/\/www.menustudija.lt\/lt\/parduotuve\/kaligrafijos-reikmenys\/koteliai_plunksnos\/speedball-calligraphy-pen-set\/#primaryimage\"},\"thumbnailUrl\":\"http:\/\/www.menustudija.lt\/wp-content\/uploads\/2017\/01\/10122919.jpg\",\"datePublished\":\"2017-01-30T12:52:17+00:00\",\"dateModified\":\"2025-09-12T10:59:17+00:00\",\"breadcrumb\":{\"@id\":\"http:\/\/www.menustudija.lt\/lt\/parduotuve\/kaligrafijos-reikmenys\/koteliai_plunksnos\/speedball-calligraphy-pen-set\/#breadcrumb\"},\"inLanguage\":\"lt-LT\",\"potentialAction\":[{\"@type\":\"ReadAction\",\"target\":[\"http:\/\/www.menustudija.lt\/lt\/parduotuve\/kaligrafijos-reikmenys\/koteliai_plunksnos\/speedball-calligraphy-pen-set\/\"]}]},{\"@type\":\"ImageObject\",\"inLanguage\":\"lt-LT\",\"@id\":\"http:\/\/www.menustudija.lt\/lt\/parduotuve\/kaligrafijos-reikmenys\/koteliai_plunksnos\/speedball-calligraphy-pen-set\/#primaryimage\",\"url\":\"http:\/\/www.menustudija.lt\/wp-content\/uploads\/2017\/01\/10122919.jpg\",\"contentUrl\":\"http:\/\/www.menustudija.lt\/wp-content\/uploads\/2017\/01\/10122919.jpg\",\"width\":1024,\"height\":1024},{\"@type\":\"BreadcrumbList\",\"@id\":\"http:\/\/www.menustudija.lt\/lt\/parduotuve\/kaligrafijos-reikmenys\/koteliai_plunksnos\/speedball-calligraphy-pen-set\/#breadcrumb\",\"itemListElement\":[{\"@type\":\"ListItem\",\"position\":1,\"name\":\"Home\",\"item\":\"http:\/\/www.menustudija.lt\/lt\/\"},{\"@type\":\"ListItem\",\"position\":2,\"name\":\"Speedball Calligraphy Pen Set\"}]},{\"@type\":\"WebSite\",\"@id\":\"http:\/\/www.menustudija.lt\/lt\/#website\",\"url\":\"http:\/\/www.menustudija.lt\/lt\/\",\"name\":\"Rami\u0173 Bi\u010di\u0173 Men\u0173 Studija\",\"description\":\"Rami\u0173 Bi\u010di\u0173 Men\u0173 Studija - mintims, sielai, k\u016bnui\",\"publisher\":{\"@id\":\"http:\/\/www.menustudija.lt\/lt\/#organization\"},\"potentialAction\":[{\"@type\":\"SearchAction\",\"target\":{\"@type\":\"EntryPoint\",\"urlTemplate\":\"http:\/\/www.menustudija.lt\/lt\/?s={search_term_string}\"},\"query-input\":{\"@type\":\"PropertyValueSpecification\",\"valueRequired\":true,\"valueName\":\"search_term_string\"}}],\"inLanguage\":\"lt-LT\"},{\"@type\":\"Organization\",\"@id\":\"http:\/\/www.menustudija.lt\/lt\/#organization\",\"name\":\"Rami\u0173 Bi\u010di\u0173 Men\u0173 Studija\",\"url\":\"http:\/\/www.menustudija.lt\/lt\/\",\"logo\":{\"@type\":\"ImageObject\",\"inLanguage\":\"lt-LT\",\"@id\":\"http:\/\/www.menustudija.lt\/lt\/#\/schema\/logo\/image\/\",\"url\":\"http:\/\/www.menustudija.lt\/wp-content\/uploads\/2019\/08\/cropped-RBMS-logo-2-page-001-scaled.jpg\",\"contentUrl\":\"http:\/\/www.menustudija.lt\/wp-content\/uploads\/2019\/08\/cropped-RBMS-logo-2-page-001-scaled.jpg\",\"width\":2560,\"height\":768,\"caption\":\"Rami\u0173 Bi\u010di\u0173 Men\u0173 Studija\"},\"image\":{\"@id\":\"http:\/\/www.menustudija.lt\/lt\/#\/schema\/logo\/image\/\"}}]}<\/script>\n<!-- \/ Yoast SEO plugin. -->","yoast_head_json":{"title":"Speedball Calligraphy Pen Set - Rami\u0173 Bi\u010di\u0173 Men\u0173 Studija","robots":{"index":"index","follow":"follow","max-snippet":"max-snippet:-1","max-image-preview":"max-image-preview:large","max-video-preview":"max-video-preview:-1"},"canonical":"http:\/\/www.menustudija.lt\/lt\/parduotuve\/kaligrafijos-reikmenys\/koteliai_plunksnos\/speedball-calligraphy-pen-set\/","og_locale":"lt_LT","og_type":"article","og_title":"Speedball Calligraphy Pen Set - Rami\u0173 Bi\u010di\u0173 Men\u0173 Studija","og_description":"Speedball has been a trusted name in handcrafted nibs and pens for the calligrapher, letterer, and drawing artist for over 100 years. Perfect your calligraphy skills with Speedball&#8217;s Calligraphy Pen Set! It&#8217;s ideal for Roman and Italic lettering, line drawings, and ornamental and fine line work. This Calligraphy set contains one standard pen nib holder, &hellip;","og_url":"http:\/\/www.menustudija.lt\/lt\/parduotuve\/kaligrafijos-reikmenys\/koteliai_plunksnos\/speedball-calligraphy-pen-set\/","og_site_name":"Rami\u0173 Bi\u010di\u0173 Men\u0173 Studija","article_modified_time":"2025-09-12T10:59:17+00:00","og_image":[{"width":1024,"height":1024,"url":"http:\/\/www.menustudija.lt\/wp-content\/uploads\/2017\/01\/10122919.jpg","type":"image\/jpeg"}],"twitter_card":"summary_large_image","twitter_misc":{"Est. reading time":"1 minut\u0117"},"schema":{"@context":"https:\/\/schema.org","@graph":[{"@type":"WebPage","@id":"http:\/\/www.menustudija.lt\/lt\/parduotuve\/kaligrafijos-reikmenys\/koteliai_plunksnos\/speedball-calligraphy-pen-set\/","url":"http:\/\/www.menustudija.lt\/lt\/parduotuve\/kaligrafijos-reikmenys\/koteliai_plunksnos\/speedball-calligraphy-pen-set\/","name":"Speedball Calligraphy Pen Set - Rami\u0173 Bi\u010di\u0173 Men\u0173 Studija","isPartOf":{"@id":"http:\/\/www.menustudija.lt\/lt\/#website"},"primaryImageOfPage":{"@id":"http:\/\/www.menustudija.lt\/lt\/parduotuve\/kaligrafijos-reikmenys\/koteliai_plunksnos\/speedball-calligraphy-pen-set\/#primaryimage"},"image":{"@id":"http:\/\/www.menustudija.lt\/lt\/parduotuve\/kaligrafijos-reikmenys\/koteliai_plunksnos\/speedball-calligraphy-pen-set\/#primaryimage"},"thumbnailUrl":"http:\/\/www.menustudija.lt\/wp-content\/uploads\/2017\/01\/10122919.jpg","datePublished":"2017-01-30T12:52:17+00:00","dateModified":"2025-09-12T10:59:17+00:00","breadcrumb":{"@id":"http:\/\/www.menustudija.lt\/lt\/parduotuve\/kaligrafijos-reikmenys\/koteliai_plunksnos\/speedball-calligraphy-pen-set\/#breadcrumb"},"inLanguage":"lt-LT","potentialAction":[{"@type":"ReadAction","target":["http:\/\/www.menustudija.lt\/lt\/parduotuve\/kaligrafijos-reikmenys\/koteliai_plunksnos\/speedball-calligraphy-pen-set\/"]}]},{"@type":"ImageObject","inLanguage":"lt-LT","@id":"http:\/\/www.menustudija.lt\/lt\/parduotuve\/kaligrafijos-reikmenys\/koteliai_plunksnos\/speedball-calligraphy-pen-set\/#primaryimage","url":"http:\/\/www.menustudija.lt\/wp-content\/uploads\/2017\/01\/10122919.jpg","contentUrl":"http:\/\/www.menustudija.lt\/wp-content\/uploads\/2017\/01\/10122919.jpg","width":1024,"height":1024},{"@type":"BreadcrumbList","@id":"http:\/\/www.menustudija.lt\/lt\/parduotuve\/kaligrafijos-reikmenys\/koteliai_plunksnos\/speedball-calligraphy-pen-set\/#breadcrumb","itemListElement":[{"@type":"ListItem","position":1,"name":"Home","item":"http:\/\/www.menustudija.lt\/lt\/"},{"@type":"ListItem","position":2,"name":"Speedball Calligraphy Pen Set"}]},{"@type":"WebSite","@id":"http:\/\/www.menustudija.lt\/lt\/#website","url":"http:\/\/www.menustudija.lt\/lt\/","name":"Rami\u0173 Bi\u010di\u0173 Men\u0173 Studija","description":"Rami\u0173 Bi\u010di\u0173 Men\u0173 Studija - mintims, sielai, k\u016bnui","publisher":{"@id":"http:\/\/www.menustudija.lt\/lt\/#organization"},"potentialAction":[{"@type":"SearchAction","target":{"@type":"EntryPoint","urlTemplate":"http:\/\/www.menustudija.lt\/lt\/?s={search_term_string}"},"query-input":{"@type":"PropertyValueSpecification","valueRequired":true,"valueName":"search_term_string"}}],"inLanguage":"lt-LT"},{"@type":"Organization","@id":"http:\/\/www.menustudija.lt\/lt\/#organization","name":"Rami\u0173 Bi\u010di\u0173 Men\u0173 Studija","url":"http:\/\/www.menustudija.lt\/lt\/","logo":{"@type":"ImageObject","inLanguage":"lt-LT","@id":"http:\/\/www.menustudija.lt\/lt\/#\/schema\/logo\/image\/","url":"http:\/\/www.menustudija.lt\/wp-content\/uploads\/2019\/08\/cropped-RBMS-logo-2-page-001-scaled.jpg","contentUrl":"http:\/\/www.menustudija.lt\/wp-content\/uploads\/2019\/08\/cropped-RBMS-logo-2-page-001-scaled.jpg","width":2560,"height":768,"caption":"Rami\u0173 Bi\u010di\u0173 Men\u0173 Studija"},"image":{"@id":"http:\/\/www.menustudija.lt\/lt\/#\/schema\/logo\/image\/"}}]}},"_links":{"self":[{"href":"http:\/\/www.menustudija.lt\/lt\/wp-json\/wp\/v2\/product\/18590","targetHints":{"allow":["GET"]}}],"collection":[{"href":"http:\/\/www.menustudija.lt\/lt\/wp-json\/wp\/v2\/product"}],"about":[{"href":"http:\/\/www.menustudija.lt\/lt\/wp-json\/wp\/v2\/types\/product"}],"wp:featuredmedia":[{"embeddable":true,"href":"http:\/\/www.menustudija.lt\/lt\/wp-json\/wp\/v2\/media\/18602"}],"wp:attachment":[{"href":"http:\/\/www.menustudija.lt\/lt\/wp-json\/wp\/v2\/media?parent=18590"}],"wp:term":[{"taxonomy":"product_brand","embeddable":true,"href":"http:\/\/www.menustudija.lt\/lt\/wp-json\/wp\/v2\/product_brand?post=18590"},{"taxonomy":"product_cat","embeddable":true,"href":"http:\/\/www.menustudija.lt\/lt\/wp-json\/wp\/v2\/product_cat?post=18590"},{"taxonomy":"product_tag","embeddable":true,"href":"http:\/\/www.menustudija.lt\/lt\/wp-json\/wp\/v2\/product_tag?post=18590"}],"curies":[{"name":"wp","href":"https:\/\/api.w.org\/{rel}","templated":true}]}}