{"id":18728,"date":"2017-01-30T11:45:49","date_gmt":"2017-01-30T13:45:49","guid":{"rendered":"http:\/\/www.menustudija.lt\/?post_type=product&#038;p=18728\/"},"modified":"2023-12-18T16:06:33","modified_gmt":"2023-12-18T18:06:33","slug":"sheaffer-viewpoint-calligraphy-fountain-pen-yellow-1-5-mm-medium-nib","status":"publish","type":"product","link":"http:\/\/www.menustudija.lt\/lt\/parduotuve\/kaligrafijos-reikmenys\/rasikliai-ir-parkeriai\/sheaffer-viewpoint-calligraphy-fountain-pen-yellow-1-5-mm-medium-nib\/","title":{"rendered":"Sheaffer Viewpoint Calligraphy Fountain Pen, Yellow, 1.5 mm Medium Nib"},"content":{"rendered":"<p>Sheaffer Viewpoint calligraphy fountain pen is the ideal starter pen for calligraphers. The pen features a rubberized grip with traction dimples for very comfortable writing. The pen has a window in the barrel so that you can easily monitor your ink supply. Each Viewpoint pen is color-coded for the nib (Fine 1.0 mm, Red; Medium 1.5 mm, Yellow; Broad 2.0 mm, Orange). The pen comes with 2 Skrip ink cartridges (1 black and 1 blue). Blister packed.<\/p>\n","protected":false},"excerpt":{"rendered":"<p>Sheaffer Viewpoint calligraphy fountain pen is the ideal starter pen for calligraphers. The pen features a rubberized grip with traction dimples for very comfortable writing. The pen has a window in the barrel so that you can easily monitor your ink supply. Each Viewpoint pen is color-coded for the nib (Fine 1.0 mm, Red; Medium &hellip; <\/p>\n","protected":false},"featured_media":18729,"template":"","meta":[],"product_brand":[],"product_cat":[59,60],"product_tag":[],"class_list":{"0":"post-18728","1":"product","2":"type-product","3":"status-publish","4":"has-post-thumbnail","6":"product_cat-kaligrafijos-reikmenys","7":"product_cat-rasikliai-ir-parkeriai","9":"first","10":"instock","11":"taxable","12":"shipping-taxable","13":"purchasable","14":"product-type-simple"},"yoast_head":"<!-- This site is optimized with the Yoast SEO plugin v26.8 - https:\/\/yoast.com\/product\/yoast-seo-wordpress\/ -->\n<title>Sheaffer Viewpoint Calligraphy Fountain Pen, Yellow, 1.5 mm Medium Nib - Rami\u0173 Bi\u010di\u0173 Men\u0173 Studija<\/title>\n<meta name=\"robots\" content=\"index, follow, max-snippet:-1, max-image-preview:large, max-video-preview:-1\" \/>\n<link rel=\"canonical\" href=\"http:\/\/www.menustudija.lt\/lt\/parduotuve\/kaligrafijos-reikmenys\/rasikliai-ir-parkeriai\/sheaffer-viewpoint-calligraphy-fountain-pen-yellow-1-5-mm-medium-nib\/\" \/>\n<meta property=\"og:locale\" content=\"lt_LT\" \/>\n<meta property=\"og:type\" content=\"article\" \/>\n<meta property=\"og:title\" content=\"Sheaffer Viewpoint Calligraphy Fountain Pen, Yellow, 1.5 mm Medium Nib - Rami\u0173 Bi\u010di\u0173 Men\u0173 Studija\" \/>\n<meta property=\"og:description\" content=\"Sheaffer Viewpoint calligraphy fountain pen is the ideal starter pen for calligraphers. The pen features a rubberized grip with traction dimples for very comfortable writing. The pen has a window in the barrel so that you can easily monitor your ink supply. Each Viewpoint pen is color-coded for the nib (Fine 1.0 mm, Red; Medium &hellip;\" \/>\n<meta property=\"og:url\" content=\"http:\/\/www.menustudija.lt\/lt\/parduotuve\/kaligrafijos-reikmenys\/rasikliai-ir-parkeriai\/sheaffer-viewpoint-calligraphy-fountain-pen-yellow-1-5-mm-medium-nib\/\" \/>\n<meta property=\"og:site_name\" content=\"Rami\u0173 Bi\u010di\u0173 Men\u0173 Studija\" \/>\n<meta property=\"article:modified_time\" content=\"2023-12-18T18:06:33+00:00\" \/>\n<meta property=\"og:image\" content=\"http:\/\/www.menustudija.lt\/wp-content\/uploads\/2017\/01\/074040734010_B2-550.jpg\" \/>\n\t<meta property=\"og:image:width\" content=\"550\" \/>\n\t<meta property=\"og:image:height\" content=\"550\" \/>\n\t<meta property=\"og:image:type\" content=\"image\/jpeg\" \/>\n<meta name=\"twitter:card\" content=\"summary_large_image\" \/>\n<script type=\"application\/ld+json\" class=\"yoast-schema-graph\">{\"@context\":\"https:\/\/schema.org\",\"@graph\":[{\"@type\":\"WebPage\",\"@id\":\"http:\/\/www.menustudija.lt\/lt\/parduotuve\/kaligrafijos-reikmenys\/rasikliai-ir-parkeriai\/sheaffer-viewpoint-calligraphy-fountain-pen-yellow-1-5-mm-medium-nib\/\",\"url\":\"http:\/\/www.menustudija.lt\/lt\/parduotuve\/kaligrafijos-reikmenys\/rasikliai-ir-parkeriai\/sheaffer-viewpoint-calligraphy-fountain-pen-yellow-1-5-mm-medium-nib\/\",\"name\":\"Sheaffer Viewpoint Calligraphy Fountain Pen, Yellow, 1.5 mm Medium Nib - Rami\u0173 Bi\u010di\u0173 Men\u0173 Studija\",\"isPartOf\":{\"@id\":\"http:\/\/www.menustudija.lt\/lt\/#website\"},\"primaryImageOfPage\":{\"@id\":\"http:\/\/www.menustudija.lt\/lt\/parduotuve\/kaligrafijos-reikmenys\/rasikliai-ir-parkeriai\/sheaffer-viewpoint-calligraphy-fountain-pen-yellow-1-5-mm-medium-nib\/#primaryimage\"},\"image\":{\"@id\":\"http:\/\/www.menustudija.lt\/lt\/parduotuve\/kaligrafijos-reikmenys\/rasikliai-ir-parkeriai\/sheaffer-viewpoint-calligraphy-fountain-pen-yellow-1-5-mm-medium-nib\/#primaryimage\"},\"thumbnailUrl\":\"http:\/\/www.menustudija.lt\/wp-content\/uploads\/2017\/01\/074040734010_B2-550.jpg\",\"datePublished\":\"2017-01-30T13:45:49+00:00\",\"dateModified\":\"2023-12-18T18:06:33+00:00\",\"breadcrumb\":{\"@id\":\"http:\/\/www.menustudija.lt\/lt\/parduotuve\/kaligrafijos-reikmenys\/rasikliai-ir-parkeriai\/sheaffer-viewpoint-calligraphy-fountain-pen-yellow-1-5-mm-medium-nib\/#breadcrumb\"},\"inLanguage\":\"lt-LT\",\"potentialAction\":[{\"@type\":\"ReadAction\",\"target\":[\"http:\/\/www.menustudija.lt\/lt\/parduotuve\/kaligrafijos-reikmenys\/rasikliai-ir-parkeriai\/sheaffer-viewpoint-calligraphy-fountain-pen-yellow-1-5-mm-medium-nib\/\"]}]},{\"@type\":\"ImageObject\",\"inLanguage\":\"lt-LT\",\"@id\":\"http:\/\/www.menustudija.lt\/lt\/parduotuve\/kaligrafijos-reikmenys\/rasikliai-ir-parkeriai\/sheaffer-viewpoint-calligraphy-fountain-pen-yellow-1-5-mm-medium-nib\/#primaryimage\",\"url\":\"http:\/\/www.menustudija.lt\/wp-content\/uploads\/2017\/01\/074040734010_B2-550.jpg\",\"contentUrl\":\"http:\/\/www.menustudija.lt\/wp-content\/uploads\/2017\/01\/074040734010_B2-550.jpg\",\"width\":550,\"height\":550},{\"@type\":\"BreadcrumbList\",\"@id\":\"http:\/\/www.menustudija.lt\/lt\/parduotuve\/kaligrafijos-reikmenys\/rasikliai-ir-parkeriai\/sheaffer-viewpoint-calligraphy-fountain-pen-yellow-1-5-mm-medium-nib\/#breadcrumb\",\"itemListElement\":[{\"@type\":\"ListItem\",\"position\":1,\"name\":\"Home\",\"item\":\"http:\/\/www.menustudija.lt\/lt\/\"},{\"@type\":\"ListItem\",\"position\":2,\"name\":\"Sheaffer Viewpoint Calligraphy Fountain Pen, Yellow, 1.5 mm Medium Nib\"}]},{\"@type\":\"WebSite\",\"@id\":\"http:\/\/www.menustudija.lt\/lt\/#website\",\"url\":\"http:\/\/www.menustudija.lt\/lt\/\",\"name\":\"Rami\u0173 Bi\u010di\u0173 Men\u0173 Studija\",\"description\":\"Rami\u0173 Bi\u010di\u0173 Men\u0173 Studija - mintims, sielai, k\u016bnui\",\"publisher\":{\"@id\":\"http:\/\/www.menustudija.lt\/lt\/#organization\"},\"potentialAction\":[{\"@type\":\"SearchAction\",\"target\":{\"@type\":\"EntryPoint\",\"urlTemplate\":\"http:\/\/www.menustudija.lt\/lt\/?s={search_term_string}\"},\"query-input\":{\"@type\":\"PropertyValueSpecification\",\"valueRequired\":true,\"valueName\":\"search_term_string\"}}],\"inLanguage\":\"lt-LT\"},{\"@type\":\"Organization\",\"@id\":\"http:\/\/www.menustudija.lt\/lt\/#organization\",\"name\":\"Rami\u0173 Bi\u010di\u0173 Men\u0173 Studija\",\"url\":\"http:\/\/www.menustudija.lt\/lt\/\",\"logo\":{\"@type\":\"ImageObject\",\"inLanguage\":\"lt-LT\",\"@id\":\"http:\/\/www.menustudija.lt\/lt\/#\/schema\/logo\/image\/\",\"url\":\"http:\/\/www.menustudija.lt\/wp-content\/uploads\/2019\/08\/cropped-RBMS-logo-2-page-001-scaled.jpg\",\"contentUrl\":\"http:\/\/www.menustudija.lt\/wp-content\/uploads\/2019\/08\/cropped-RBMS-logo-2-page-001-scaled.jpg\",\"width\":2560,\"height\":768,\"caption\":\"Rami\u0173 Bi\u010di\u0173 Men\u0173 Studija\"},\"image\":{\"@id\":\"http:\/\/www.menustudija.lt\/lt\/#\/schema\/logo\/image\/\"}}]}<\/script>\n<!-- \/ Yoast SEO plugin. -->","yoast_head_json":{"title":"Sheaffer Viewpoint Calligraphy Fountain Pen, Yellow, 1.5 mm Medium Nib - Rami\u0173 Bi\u010di\u0173 Men\u0173 Studija","robots":{"index":"index","follow":"follow","max-snippet":"max-snippet:-1","max-image-preview":"max-image-preview:large","max-video-preview":"max-video-preview:-1"},"canonical":"http:\/\/www.menustudija.lt\/lt\/parduotuve\/kaligrafijos-reikmenys\/rasikliai-ir-parkeriai\/sheaffer-viewpoint-calligraphy-fountain-pen-yellow-1-5-mm-medium-nib\/","og_locale":"lt_LT","og_type":"article","og_title":"Sheaffer Viewpoint Calligraphy Fountain Pen, Yellow, 1.5 mm Medium Nib - Rami\u0173 Bi\u010di\u0173 Men\u0173 Studija","og_description":"Sheaffer Viewpoint calligraphy fountain pen is the ideal starter pen for calligraphers. The pen features a rubberized grip with traction dimples for very comfortable writing. The pen has a window in the barrel so that you can easily monitor your ink supply. Each Viewpoint pen is color-coded for the nib (Fine 1.0 mm, Red; Medium &hellip;","og_url":"http:\/\/www.menustudija.lt\/lt\/parduotuve\/kaligrafijos-reikmenys\/rasikliai-ir-parkeriai\/sheaffer-viewpoint-calligraphy-fountain-pen-yellow-1-5-mm-medium-nib\/","og_site_name":"Rami\u0173 Bi\u010di\u0173 Men\u0173 Studija","article_modified_time":"2023-12-18T18:06:33+00:00","og_image":[{"width":550,"height":550,"url":"http:\/\/www.menustudija.lt\/wp-content\/uploads\/2017\/01\/074040734010_B2-550.jpg","type":"image\/jpeg"}],"twitter_card":"summary_large_image","schema":{"@context":"https:\/\/schema.org","@graph":[{"@type":"WebPage","@id":"http:\/\/www.menustudija.lt\/lt\/parduotuve\/kaligrafijos-reikmenys\/rasikliai-ir-parkeriai\/sheaffer-viewpoint-calligraphy-fountain-pen-yellow-1-5-mm-medium-nib\/","url":"http:\/\/www.menustudija.lt\/lt\/parduotuve\/kaligrafijos-reikmenys\/rasikliai-ir-parkeriai\/sheaffer-viewpoint-calligraphy-fountain-pen-yellow-1-5-mm-medium-nib\/","name":"Sheaffer Viewpoint Calligraphy Fountain Pen, Yellow, 1.5 mm Medium Nib - Rami\u0173 Bi\u010di\u0173 Men\u0173 Studija","isPartOf":{"@id":"http:\/\/www.menustudija.lt\/lt\/#website"},"primaryImageOfPage":{"@id":"http:\/\/www.menustudija.lt\/lt\/parduotuve\/kaligrafijos-reikmenys\/rasikliai-ir-parkeriai\/sheaffer-viewpoint-calligraphy-fountain-pen-yellow-1-5-mm-medium-nib\/#primaryimage"},"image":{"@id":"http:\/\/www.menustudija.lt\/lt\/parduotuve\/kaligrafijos-reikmenys\/rasikliai-ir-parkeriai\/sheaffer-viewpoint-calligraphy-fountain-pen-yellow-1-5-mm-medium-nib\/#primaryimage"},"thumbnailUrl":"http:\/\/www.menustudija.lt\/wp-content\/uploads\/2017\/01\/074040734010_B2-550.jpg","datePublished":"2017-01-30T13:45:49+00:00","dateModified":"2023-12-18T18:06:33+00:00","breadcrumb":{"@id":"http:\/\/www.menustudija.lt\/lt\/parduotuve\/kaligrafijos-reikmenys\/rasikliai-ir-parkeriai\/sheaffer-viewpoint-calligraphy-fountain-pen-yellow-1-5-mm-medium-nib\/#breadcrumb"},"inLanguage":"lt-LT","potentialAction":[{"@type":"ReadAction","target":["http:\/\/www.menustudija.lt\/lt\/parduotuve\/kaligrafijos-reikmenys\/rasikliai-ir-parkeriai\/sheaffer-viewpoint-calligraphy-fountain-pen-yellow-1-5-mm-medium-nib\/"]}]},{"@type":"ImageObject","inLanguage":"lt-LT","@id":"http:\/\/www.menustudija.lt\/lt\/parduotuve\/kaligrafijos-reikmenys\/rasikliai-ir-parkeriai\/sheaffer-viewpoint-calligraphy-fountain-pen-yellow-1-5-mm-medium-nib\/#primaryimage","url":"http:\/\/www.menustudija.lt\/wp-content\/uploads\/2017\/01\/074040734010_B2-550.jpg","contentUrl":"http:\/\/www.menustudija.lt\/wp-content\/uploads\/2017\/01\/074040734010_B2-550.jpg","width":550,"height":550},{"@type":"BreadcrumbList","@id":"http:\/\/www.menustudija.lt\/lt\/parduotuve\/kaligrafijos-reikmenys\/rasikliai-ir-parkeriai\/sheaffer-viewpoint-calligraphy-fountain-pen-yellow-1-5-mm-medium-nib\/#breadcrumb","itemListElement":[{"@type":"ListItem","position":1,"name":"Home","item":"http:\/\/www.menustudija.lt\/lt\/"},{"@type":"ListItem","position":2,"name":"Sheaffer Viewpoint Calligraphy Fountain Pen, Yellow, 1.5 mm Medium Nib"}]},{"@type":"WebSite","@id":"http:\/\/www.menustudija.lt\/lt\/#website","url":"http:\/\/www.menustudija.lt\/lt\/","name":"Rami\u0173 Bi\u010di\u0173 Men\u0173 Studija","description":"Rami\u0173 Bi\u010di\u0173 Men\u0173 Studija - mintims, sielai, k\u016bnui","publisher":{"@id":"http:\/\/www.menustudija.lt\/lt\/#organization"},"potentialAction":[{"@type":"SearchAction","target":{"@type":"EntryPoint","urlTemplate":"http:\/\/www.menustudija.lt\/lt\/?s={search_term_string}"},"query-input":{"@type":"PropertyValueSpecification","valueRequired":true,"valueName":"search_term_string"}}],"inLanguage":"lt-LT"},{"@type":"Organization","@id":"http:\/\/www.menustudija.lt\/lt\/#organization","name":"Rami\u0173 Bi\u010di\u0173 Men\u0173 Studija","url":"http:\/\/www.menustudija.lt\/lt\/","logo":{"@type":"ImageObject","inLanguage":"lt-LT","@id":"http:\/\/www.menustudija.lt\/lt\/#\/schema\/logo\/image\/","url":"http:\/\/www.menustudija.lt\/wp-content\/uploads\/2019\/08\/cropped-RBMS-logo-2-page-001-scaled.jpg","contentUrl":"http:\/\/www.menustudija.lt\/wp-content\/uploads\/2019\/08\/cropped-RBMS-logo-2-page-001-scaled.jpg","width":2560,"height":768,"caption":"Rami\u0173 Bi\u010di\u0173 Men\u0173 Studija"},"image":{"@id":"http:\/\/www.menustudija.lt\/lt\/#\/schema\/logo\/image\/"}}]}},"_links":{"self":[{"href":"http:\/\/www.menustudija.lt\/lt\/wp-json\/wp\/v2\/product\/18728","targetHints":{"allow":["GET"]}}],"collection":[{"href":"http:\/\/www.menustudija.lt\/lt\/wp-json\/wp\/v2\/product"}],"about":[{"href":"http:\/\/www.menustudija.lt\/lt\/wp-json\/wp\/v2\/types\/product"}],"wp:featuredmedia":[{"embeddable":true,"href":"http:\/\/www.menustudija.lt\/lt\/wp-json\/wp\/v2\/media\/18729"}],"wp:attachment":[{"href":"http:\/\/www.menustudija.lt\/lt\/wp-json\/wp\/v2\/media?parent=18728"}],"wp:term":[{"taxonomy":"product_brand","embeddable":true,"href":"http:\/\/www.menustudija.lt\/lt\/wp-json\/wp\/v2\/product_brand?post=18728"},{"taxonomy":"product_cat","embeddable":true,"href":"http:\/\/www.menustudija.lt\/lt\/wp-json\/wp\/v2\/product_cat?post=18728"},{"taxonomy":"product_tag","embeddable":true,"href":"http:\/\/www.menustudija.lt\/lt\/wp-json\/wp\/v2\/product_tag?post=18728"}],"curies":[{"name":"wp","href":"https:\/\/api.w.org\/{rel}","templated":true}]}}