{"id":18749,"date":"2017-01-30T12:04:03","date_gmt":"2017-01-30T14:04:03","guid":{"rendered":"http:\/\/www.menustudija.lt\/?post_type=product&#038;p=18749\/"},"modified":"2017-02-14T12:15:45","modified_gmt":"2017-02-14T14:15:45","slug":"waterman-harmonious-green-ink","status":"publish","type":"product","link":"http:\/\/www.menustudija.lt\/lt\/parduotuve\/kaligrafijos-reikmenys\/rasalas-ir-priedai\/waterman-harmonious-green-ink\/","title":{"rendered":"Waterman harmonious green ink"},"content":{"rendered":"<p>50ml bottle of Waterman Harmonious Green (formerly Waterman Green) fountain pen ink.<\/p>\n","protected":false},"excerpt":{"rendered":"<p>50ml bottle of Waterman Harmonious Green (formerly Waterman Green) fountain pen ink.<\/p>\n","protected":false},"featured_media":18765,"template":"","meta":[],"product_brand":[],"product_cat":[59,61],"product_tag":[],"class_list":{"0":"post-18749","1":"product","2":"type-product","3":"status-publish","4":"has-post-thumbnail","6":"product_cat-kaligrafijos-reikmenys","7":"product_cat-rasalas-ir-priedai","9":"first","10":"instock","11":"taxable","12":"shipping-taxable","13":"purchasable","14":"product-type-simple"},"yoast_head":"<!-- This site is optimized with the Yoast SEO plugin v26.8 - https:\/\/yoast.com\/product\/yoast-seo-wordpress\/ -->\n<title>Waterman harmonious green ink - Rami\u0173 Bi\u010di\u0173 Men\u0173 Studija<\/title>\n<meta name=\"robots\" content=\"index, follow, max-snippet:-1, max-image-preview:large, max-video-preview:-1\" \/>\n<link rel=\"canonical\" href=\"http:\/\/www.menustudija.lt\/lt\/parduotuve\/kaligrafijos-reikmenys\/rasalas-ir-priedai\/waterman-harmonious-green-ink\/\" \/>\n<meta property=\"og:locale\" content=\"lt_LT\" \/>\n<meta property=\"og:type\" content=\"article\" \/>\n<meta property=\"og:title\" content=\"Waterman harmonious green ink - Rami\u0173 Bi\u010di\u0173 Men\u0173 Studija\" \/>\n<meta property=\"og:description\" content=\"50ml bottle of Waterman Harmonious Green (formerly Waterman Green) fountain pen ink.\" \/>\n<meta property=\"og:url\" content=\"http:\/\/www.menustudija.lt\/lt\/parduotuve\/kaligrafijos-reikmenys\/rasalas-ir-priedai\/waterman-harmonious-green-ink\/\" \/>\n<meta property=\"og:site_name\" content=\"Rami\u0173 Bi\u010di\u0173 Men\u0173 Studija\" \/>\n<meta property=\"article:modified_time\" content=\"2017-02-14T14:15:45+00:00\" \/>\n<meta property=\"og:image\" content=\"http:\/\/www.menustudija.lt\/wp-content\/uploads\/2017\/01\/87b7543b-5dd1-45ee-ba57-4fe1af020521-1.jpg\" \/>\n\t<meta property=\"og:image:width\" content=\"750\" \/>\n\t<meta property=\"og:image:height\" content=\"500\" \/>\n\t<meta property=\"og:image:type\" content=\"image\/jpeg\" \/>\n<meta name=\"twitter:card\" content=\"summary_large_image\" \/>\n<script type=\"application\/ld+json\" class=\"yoast-schema-graph\">{\"@context\":\"https:\/\/schema.org\",\"@graph\":[{\"@type\":\"WebPage\",\"@id\":\"http:\/\/www.menustudija.lt\/lt\/parduotuve\/kaligrafijos-reikmenys\/rasalas-ir-priedai\/waterman-harmonious-green-ink\/\",\"url\":\"http:\/\/www.menustudija.lt\/lt\/parduotuve\/kaligrafijos-reikmenys\/rasalas-ir-priedai\/waterman-harmonious-green-ink\/\",\"name\":\"Waterman harmonious green ink - Rami\u0173 Bi\u010di\u0173 Men\u0173 Studija\",\"isPartOf\":{\"@id\":\"http:\/\/www.menustudija.lt\/lt\/#website\"},\"primaryImageOfPage\":{\"@id\":\"http:\/\/www.menustudija.lt\/lt\/parduotuve\/kaligrafijos-reikmenys\/rasalas-ir-priedai\/waterman-harmonious-green-ink\/#primaryimage\"},\"image\":{\"@id\":\"http:\/\/www.menustudija.lt\/lt\/parduotuve\/kaligrafijos-reikmenys\/rasalas-ir-priedai\/waterman-harmonious-green-ink\/#primaryimage\"},\"thumbnailUrl\":\"http:\/\/www.menustudija.lt\/wp-content\/uploads\/2017\/01\/87b7543b-5dd1-45ee-ba57-4fe1af020521-1.jpg\",\"datePublished\":\"2017-01-30T14:04:03+00:00\",\"dateModified\":\"2017-02-14T14:15:45+00:00\",\"breadcrumb\":{\"@id\":\"http:\/\/www.menustudija.lt\/lt\/parduotuve\/kaligrafijos-reikmenys\/rasalas-ir-priedai\/waterman-harmonious-green-ink\/#breadcrumb\"},\"inLanguage\":\"lt-LT\",\"potentialAction\":[{\"@type\":\"ReadAction\",\"target\":[\"http:\/\/www.menustudija.lt\/lt\/parduotuve\/kaligrafijos-reikmenys\/rasalas-ir-priedai\/waterman-harmonious-green-ink\/\"]}]},{\"@type\":\"ImageObject\",\"inLanguage\":\"lt-LT\",\"@id\":\"http:\/\/www.menustudija.lt\/lt\/parduotuve\/kaligrafijos-reikmenys\/rasalas-ir-priedai\/waterman-harmonious-green-ink\/#primaryimage\",\"url\":\"http:\/\/www.menustudija.lt\/wp-content\/uploads\/2017\/01\/87b7543b-5dd1-45ee-ba57-4fe1af020521-1.jpg\",\"contentUrl\":\"http:\/\/www.menustudija.lt\/wp-content\/uploads\/2017\/01\/87b7543b-5dd1-45ee-ba57-4fe1af020521-1.jpg\",\"width\":750,\"height\":500},{\"@type\":\"BreadcrumbList\",\"@id\":\"http:\/\/www.menustudija.lt\/lt\/parduotuve\/kaligrafijos-reikmenys\/rasalas-ir-priedai\/waterman-harmonious-green-ink\/#breadcrumb\",\"itemListElement\":[{\"@type\":\"ListItem\",\"position\":1,\"name\":\"Home\",\"item\":\"http:\/\/www.menustudija.lt\/lt\/\"},{\"@type\":\"ListItem\",\"position\":2,\"name\":\"Waterman harmonious green ink\"}]},{\"@type\":\"WebSite\",\"@id\":\"http:\/\/www.menustudija.lt\/lt\/#website\",\"url\":\"http:\/\/www.menustudija.lt\/lt\/\",\"name\":\"Rami\u0173 Bi\u010di\u0173 Men\u0173 Studija\",\"description\":\"Rami\u0173 Bi\u010di\u0173 Men\u0173 Studija - mintims, sielai, k\u016bnui\",\"publisher\":{\"@id\":\"http:\/\/www.menustudija.lt\/lt\/#organization\"},\"potentialAction\":[{\"@type\":\"SearchAction\",\"target\":{\"@type\":\"EntryPoint\",\"urlTemplate\":\"http:\/\/www.menustudija.lt\/lt\/?s={search_term_string}\"},\"query-input\":{\"@type\":\"PropertyValueSpecification\",\"valueRequired\":true,\"valueName\":\"search_term_string\"}}],\"inLanguage\":\"lt-LT\"},{\"@type\":\"Organization\",\"@id\":\"http:\/\/www.menustudija.lt\/lt\/#organization\",\"name\":\"Rami\u0173 Bi\u010di\u0173 Men\u0173 Studija\",\"url\":\"http:\/\/www.menustudija.lt\/lt\/\",\"logo\":{\"@type\":\"ImageObject\",\"inLanguage\":\"lt-LT\",\"@id\":\"http:\/\/www.menustudija.lt\/lt\/#\/schema\/logo\/image\/\",\"url\":\"http:\/\/www.menustudija.lt\/wp-content\/uploads\/2019\/08\/cropped-RBMS-logo-2-page-001-scaled.jpg\",\"contentUrl\":\"http:\/\/www.menustudija.lt\/wp-content\/uploads\/2019\/08\/cropped-RBMS-logo-2-page-001-scaled.jpg\",\"width\":2560,\"height\":768,\"caption\":\"Rami\u0173 Bi\u010di\u0173 Men\u0173 Studija\"},\"image\":{\"@id\":\"http:\/\/www.menustudija.lt\/lt\/#\/schema\/logo\/image\/\"}}]}<\/script>\n<!-- \/ Yoast SEO plugin. -->","yoast_head_json":{"title":"Waterman harmonious green ink - Rami\u0173 Bi\u010di\u0173 Men\u0173 Studija","robots":{"index":"index","follow":"follow","max-snippet":"max-snippet:-1","max-image-preview":"max-image-preview:large","max-video-preview":"max-video-preview:-1"},"canonical":"http:\/\/www.menustudija.lt\/lt\/parduotuve\/kaligrafijos-reikmenys\/rasalas-ir-priedai\/waterman-harmonious-green-ink\/","og_locale":"lt_LT","og_type":"article","og_title":"Waterman harmonious green ink - Rami\u0173 Bi\u010di\u0173 Men\u0173 Studija","og_description":"50ml bottle of Waterman Harmonious Green (formerly Waterman Green) fountain pen ink.","og_url":"http:\/\/www.menustudija.lt\/lt\/parduotuve\/kaligrafijos-reikmenys\/rasalas-ir-priedai\/waterman-harmonious-green-ink\/","og_site_name":"Rami\u0173 Bi\u010di\u0173 Men\u0173 Studija","article_modified_time":"2017-02-14T14:15:45+00:00","og_image":[{"width":750,"height":500,"url":"http:\/\/www.menustudija.lt\/wp-content\/uploads\/2017\/01\/87b7543b-5dd1-45ee-ba57-4fe1af020521-1.jpg","type":"image\/jpeg"}],"twitter_card":"summary_large_image","schema":{"@context":"https:\/\/schema.org","@graph":[{"@type":"WebPage","@id":"http:\/\/www.menustudija.lt\/lt\/parduotuve\/kaligrafijos-reikmenys\/rasalas-ir-priedai\/waterman-harmonious-green-ink\/","url":"http:\/\/www.menustudija.lt\/lt\/parduotuve\/kaligrafijos-reikmenys\/rasalas-ir-priedai\/waterman-harmonious-green-ink\/","name":"Waterman harmonious green ink - Rami\u0173 Bi\u010di\u0173 Men\u0173 Studija","isPartOf":{"@id":"http:\/\/www.menustudija.lt\/lt\/#website"},"primaryImageOfPage":{"@id":"http:\/\/www.menustudija.lt\/lt\/parduotuve\/kaligrafijos-reikmenys\/rasalas-ir-priedai\/waterman-harmonious-green-ink\/#primaryimage"},"image":{"@id":"http:\/\/www.menustudija.lt\/lt\/parduotuve\/kaligrafijos-reikmenys\/rasalas-ir-priedai\/waterman-harmonious-green-ink\/#primaryimage"},"thumbnailUrl":"http:\/\/www.menustudija.lt\/wp-content\/uploads\/2017\/01\/87b7543b-5dd1-45ee-ba57-4fe1af020521-1.jpg","datePublished":"2017-01-30T14:04:03+00:00","dateModified":"2017-02-14T14:15:45+00:00","breadcrumb":{"@id":"http:\/\/www.menustudija.lt\/lt\/parduotuve\/kaligrafijos-reikmenys\/rasalas-ir-priedai\/waterman-harmonious-green-ink\/#breadcrumb"},"inLanguage":"lt-LT","potentialAction":[{"@type":"ReadAction","target":["http:\/\/www.menustudija.lt\/lt\/parduotuve\/kaligrafijos-reikmenys\/rasalas-ir-priedai\/waterman-harmonious-green-ink\/"]}]},{"@type":"ImageObject","inLanguage":"lt-LT","@id":"http:\/\/www.menustudija.lt\/lt\/parduotuve\/kaligrafijos-reikmenys\/rasalas-ir-priedai\/waterman-harmonious-green-ink\/#primaryimage","url":"http:\/\/www.menustudija.lt\/wp-content\/uploads\/2017\/01\/87b7543b-5dd1-45ee-ba57-4fe1af020521-1.jpg","contentUrl":"http:\/\/www.menustudija.lt\/wp-content\/uploads\/2017\/01\/87b7543b-5dd1-45ee-ba57-4fe1af020521-1.jpg","width":750,"height":500},{"@type":"BreadcrumbList","@id":"http:\/\/www.menustudija.lt\/lt\/parduotuve\/kaligrafijos-reikmenys\/rasalas-ir-priedai\/waterman-harmonious-green-ink\/#breadcrumb","itemListElement":[{"@type":"ListItem","position":1,"name":"Home","item":"http:\/\/www.menustudija.lt\/lt\/"},{"@type":"ListItem","position":2,"name":"Waterman harmonious green ink"}]},{"@type":"WebSite","@id":"http:\/\/www.menustudija.lt\/lt\/#website","url":"http:\/\/www.menustudija.lt\/lt\/","name":"Rami\u0173 Bi\u010di\u0173 Men\u0173 Studija","description":"Rami\u0173 Bi\u010di\u0173 Men\u0173 Studija - mintims, sielai, k\u016bnui","publisher":{"@id":"http:\/\/www.menustudija.lt\/lt\/#organization"},"potentialAction":[{"@type":"SearchAction","target":{"@type":"EntryPoint","urlTemplate":"http:\/\/www.menustudija.lt\/lt\/?s={search_term_string}"},"query-input":{"@type":"PropertyValueSpecification","valueRequired":true,"valueName":"search_term_string"}}],"inLanguage":"lt-LT"},{"@type":"Organization","@id":"http:\/\/www.menustudija.lt\/lt\/#organization","name":"Rami\u0173 Bi\u010di\u0173 Men\u0173 Studija","url":"http:\/\/www.menustudija.lt\/lt\/","logo":{"@type":"ImageObject","inLanguage":"lt-LT","@id":"http:\/\/www.menustudija.lt\/lt\/#\/schema\/logo\/image\/","url":"http:\/\/www.menustudija.lt\/wp-content\/uploads\/2019\/08\/cropped-RBMS-logo-2-page-001-scaled.jpg","contentUrl":"http:\/\/www.menustudija.lt\/wp-content\/uploads\/2019\/08\/cropped-RBMS-logo-2-page-001-scaled.jpg","width":2560,"height":768,"caption":"Rami\u0173 Bi\u010di\u0173 Men\u0173 Studija"},"image":{"@id":"http:\/\/www.menustudija.lt\/lt\/#\/schema\/logo\/image\/"}}]}},"_links":{"self":[{"href":"http:\/\/www.menustudija.lt\/lt\/wp-json\/wp\/v2\/product\/18749","targetHints":{"allow":["GET"]}}],"collection":[{"href":"http:\/\/www.menustudija.lt\/lt\/wp-json\/wp\/v2\/product"}],"about":[{"href":"http:\/\/www.menustudija.lt\/lt\/wp-json\/wp\/v2\/types\/product"}],"wp:featuredmedia":[{"embeddable":true,"href":"http:\/\/www.menustudija.lt\/lt\/wp-json\/wp\/v2\/media\/18765"}],"wp:attachment":[{"href":"http:\/\/www.menustudija.lt\/lt\/wp-json\/wp\/v2\/media?parent=18749"}],"wp:term":[{"taxonomy":"product_brand","embeddable":true,"href":"http:\/\/www.menustudija.lt\/lt\/wp-json\/wp\/v2\/product_brand?post=18749"},{"taxonomy":"product_cat","embeddable":true,"href":"http:\/\/www.menustudija.lt\/lt\/wp-json\/wp\/v2\/product_cat?post=18749"},{"taxonomy":"product_tag","embeddable":true,"href":"http:\/\/www.menustudija.lt\/lt\/wp-json\/wp\/v2\/product_tag?post=18749"}],"curies":[{"name":"wp","href":"https:\/\/api.w.org\/{rel}","templated":true}]}}