{"id":18779,"date":"2017-01-30T12:28:12","date_gmt":"2017-01-30T14:28:12","guid":{"rendered":"http:\/\/www.menustudija.lt\/?post_type=product&#038;p=18779\/"},"modified":"2023-12-18T16:06:33","modified_gmt":"2023-12-18T18:06:33","slug":"sheaffer-classic-ink-cartridges-black-pk-of-6-for-sheaffer-fountain-pens-96233","status":"publish","type":"product","link":"http:\/\/www.menustudija.lt\/lt\/parduotuve\/kaligrafijos-reikmenys\/rasalas-ir-priedai\/sheaffer-classic-ink-cartridges-black-pk-of-6-for-sheaffer-fountain-pens-96233\/","title":{"rendered":"Sheaffer Classic Ink Cartridges BLACK pk of 6 for Sheaffer fountain pens 96233"},"content":{"rendered":"<p><span style=\"font-family: Arial;\">Sheaffer Fountain Pen Ink Cartridges Black, 1 Packet of 6 Cartridges (96233)<\/span><\/p>\n<div>\n<div>\n<div><span style=\"font-family: Arial;\">Sheaffer Skrip Classic Ink Cartridges in Black, pack of 6. \u00a0For use with all Sheaffer fountain and Calligraphy pens. \u00a0But not the Sheaffer VFM fountain pen as you will need to buy the international standard ink cartridges. \u00a0Check under my name and see what else we have for sale and you may find these cartridges too.\u00a0<\/span><\/div>\n<\/div>\n<\/div>\n","protected":false},"excerpt":{"rendered":"<p>Sheaffer Fountain Pen Ink Cartridges Black, 1 Packet of 6 Cartridges (96233) Sheaffer Skrip Classic Ink Cartridges in Black, pack of 6. \u00a0For use with all Sheaffer fountain and Calligraphy pens. \u00a0But not the Sheaffer VFM fountain pen as you will need to buy the international standard ink cartridges. \u00a0Check under my name and see &hellip; <\/p>\n","protected":false},"featured_media":18783,"template":"","meta":[],"product_brand":[],"product_cat":[59,61],"product_tag":[],"class_list":{"0":"post-18779","1":"product","2":"type-product","3":"status-publish","4":"has-post-thumbnail","6":"product_cat-kaligrafijos-reikmenys","7":"product_cat-rasalas-ir-priedai","9":"first","10":"instock","11":"taxable","12":"shipping-taxable","13":"purchasable","14":"product-type-simple"},"yoast_head":"<!-- This site is optimized with the Yoast SEO plugin v26.8 - https:\/\/yoast.com\/product\/yoast-seo-wordpress\/ -->\n<title>Sheaffer Classic Ink Cartridges BLACK pk of 6 for Sheaffer fountain pens 96233 - Rami\u0173 Bi\u010di\u0173 Men\u0173 Studija<\/title>\n<meta name=\"robots\" content=\"index, follow, max-snippet:-1, max-image-preview:large, max-video-preview:-1\" \/>\n<link rel=\"canonical\" href=\"http:\/\/www.menustudija.lt\/lt\/parduotuve\/kaligrafijos-reikmenys\/rasalas-ir-priedai\/sheaffer-classic-ink-cartridges-black-pk-of-6-for-sheaffer-fountain-pens-96233\/\" \/>\n<meta property=\"og:locale\" content=\"lt_LT\" \/>\n<meta property=\"og:type\" content=\"article\" \/>\n<meta property=\"og:title\" content=\"Sheaffer Classic Ink Cartridges BLACK pk of 6 for Sheaffer fountain pens 96233 - Rami\u0173 Bi\u010di\u0173 Men\u0173 Studija\" \/>\n<meta property=\"og:description\" content=\"Sheaffer Fountain Pen Ink Cartridges Black, 1 Packet of 6 Cartridges (96233) Sheaffer Skrip Classic Ink Cartridges in Black, pack of 6. \u00a0For use with all Sheaffer fountain and Calligraphy pens. \u00a0But not the Sheaffer VFM fountain pen as you will need to buy the international standard ink cartridges. \u00a0Check under my name and see &hellip;\" \/>\n<meta property=\"og:url\" content=\"http:\/\/www.menustudija.lt\/lt\/parduotuve\/kaligrafijos-reikmenys\/rasalas-ir-priedai\/sheaffer-classic-ink-cartridges-black-pk-of-6-for-sheaffer-fountain-pens-96233\/\" \/>\n<meta property=\"og:site_name\" content=\"Rami\u0173 Bi\u010di\u0173 Men\u0173 Studija\" \/>\n<meta property=\"article:modified_time\" content=\"2023-12-18T18:06:33+00:00\" \/>\n<meta property=\"og:image\" content=\"http:\/\/www.menustudija.lt\/wp-content\/uploads\/2017\/01\/s-l225-4.jpg\" \/>\n\t<meta property=\"og:image:width\" content=\"225\" \/>\n\t<meta property=\"og:image:height\" content=\"225\" \/>\n\t<meta property=\"og:image:type\" content=\"image\/jpeg\" \/>\n<meta name=\"twitter:card\" content=\"summary_large_image\" \/>\n<script type=\"application\/ld+json\" class=\"yoast-schema-graph\">{\"@context\":\"https:\/\/schema.org\",\"@graph\":[{\"@type\":\"WebPage\",\"@id\":\"http:\/\/www.menustudija.lt\/lt\/parduotuve\/kaligrafijos-reikmenys\/rasalas-ir-priedai\/sheaffer-classic-ink-cartridges-black-pk-of-6-for-sheaffer-fountain-pens-96233\/\",\"url\":\"http:\/\/www.menustudija.lt\/lt\/parduotuve\/kaligrafijos-reikmenys\/rasalas-ir-priedai\/sheaffer-classic-ink-cartridges-black-pk-of-6-for-sheaffer-fountain-pens-96233\/\",\"name\":\"Sheaffer Classic Ink Cartridges BLACK pk of 6 for Sheaffer fountain pens 96233 - Rami\u0173 Bi\u010di\u0173 Men\u0173 Studija\",\"isPartOf\":{\"@id\":\"http:\/\/www.menustudija.lt\/lt\/#website\"},\"primaryImageOfPage\":{\"@id\":\"http:\/\/www.menustudija.lt\/lt\/parduotuve\/kaligrafijos-reikmenys\/rasalas-ir-priedai\/sheaffer-classic-ink-cartridges-black-pk-of-6-for-sheaffer-fountain-pens-96233\/#primaryimage\"},\"image\":{\"@id\":\"http:\/\/www.menustudija.lt\/lt\/parduotuve\/kaligrafijos-reikmenys\/rasalas-ir-priedai\/sheaffer-classic-ink-cartridges-black-pk-of-6-for-sheaffer-fountain-pens-96233\/#primaryimage\"},\"thumbnailUrl\":\"http:\/\/www.menustudija.lt\/wp-content\/uploads\/2017\/01\/s-l225-4.jpg\",\"datePublished\":\"2017-01-30T14:28:12+00:00\",\"dateModified\":\"2023-12-18T18:06:33+00:00\",\"breadcrumb\":{\"@id\":\"http:\/\/www.menustudija.lt\/lt\/parduotuve\/kaligrafijos-reikmenys\/rasalas-ir-priedai\/sheaffer-classic-ink-cartridges-black-pk-of-6-for-sheaffer-fountain-pens-96233\/#breadcrumb\"},\"inLanguage\":\"lt-LT\",\"potentialAction\":[{\"@type\":\"ReadAction\",\"target\":[\"http:\/\/www.menustudija.lt\/lt\/parduotuve\/kaligrafijos-reikmenys\/rasalas-ir-priedai\/sheaffer-classic-ink-cartridges-black-pk-of-6-for-sheaffer-fountain-pens-96233\/\"]}]},{\"@type\":\"ImageObject\",\"inLanguage\":\"lt-LT\",\"@id\":\"http:\/\/www.menustudija.lt\/lt\/parduotuve\/kaligrafijos-reikmenys\/rasalas-ir-priedai\/sheaffer-classic-ink-cartridges-black-pk-of-6-for-sheaffer-fountain-pens-96233\/#primaryimage\",\"url\":\"http:\/\/www.menustudija.lt\/wp-content\/uploads\/2017\/01\/s-l225-4.jpg\",\"contentUrl\":\"http:\/\/www.menustudija.lt\/wp-content\/uploads\/2017\/01\/s-l225-4.jpg\",\"width\":225,\"height\":225},{\"@type\":\"BreadcrumbList\",\"@id\":\"http:\/\/www.menustudija.lt\/lt\/parduotuve\/kaligrafijos-reikmenys\/rasalas-ir-priedai\/sheaffer-classic-ink-cartridges-black-pk-of-6-for-sheaffer-fountain-pens-96233\/#breadcrumb\",\"itemListElement\":[{\"@type\":\"ListItem\",\"position\":1,\"name\":\"Home\",\"item\":\"http:\/\/www.menustudija.lt\/lt\/\"},{\"@type\":\"ListItem\",\"position\":2,\"name\":\"Sheaffer Classic Ink Cartridges BLACK pk of 6 for Sheaffer fountain pens 96233\"}]},{\"@type\":\"WebSite\",\"@id\":\"http:\/\/www.menustudija.lt\/lt\/#website\",\"url\":\"http:\/\/www.menustudija.lt\/lt\/\",\"name\":\"Rami\u0173 Bi\u010di\u0173 Men\u0173 Studija\",\"description\":\"Rami\u0173 Bi\u010di\u0173 Men\u0173 Studija - mintims, sielai, k\u016bnui\",\"publisher\":{\"@id\":\"http:\/\/www.menustudija.lt\/lt\/#organization\"},\"potentialAction\":[{\"@type\":\"SearchAction\",\"target\":{\"@type\":\"EntryPoint\",\"urlTemplate\":\"http:\/\/www.menustudija.lt\/lt\/?s={search_term_string}\"},\"query-input\":{\"@type\":\"PropertyValueSpecification\",\"valueRequired\":true,\"valueName\":\"search_term_string\"}}],\"inLanguage\":\"lt-LT\"},{\"@type\":\"Organization\",\"@id\":\"http:\/\/www.menustudija.lt\/lt\/#organization\",\"name\":\"Rami\u0173 Bi\u010di\u0173 Men\u0173 Studija\",\"url\":\"http:\/\/www.menustudija.lt\/lt\/\",\"logo\":{\"@type\":\"ImageObject\",\"inLanguage\":\"lt-LT\",\"@id\":\"http:\/\/www.menustudija.lt\/lt\/#\/schema\/logo\/image\/\",\"url\":\"http:\/\/www.menustudija.lt\/wp-content\/uploads\/2019\/08\/cropped-RBMS-logo-2-page-001-scaled.jpg\",\"contentUrl\":\"http:\/\/www.menustudija.lt\/wp-content\/uploads\/2019\/08\/cropped-RBMS-logo-2-page-001-scaled.jpg\",\"width\":2560,\"height\":768,\"caption\":\"Rami\u0173 Bi\u010di\u0173 Men\u0173 Studija\"},\"image\":{\"@id\":\"http:\/\/www.menustudija.lt\/lt\/#\/schema\/logo\/image\/\"}}]}<\/script>\n<!-- \/ Yoast SEO plugin. -->","yoast_head_json":{"title":"Sheaffer Classic Ink Cartridges BLACK pk of 6 for Sheaffer fountain pens 96233 - Rami\u0173 Bi\u010di\u0173 Men\u0173 Studija","robots":{"index":"index","follow":"follow","max-snippet":"max-snippet:-1","max-image-preview":"max-image-preview:large","max-video-preview":"max-video-preview:-1"},"canonical":"http:\/\/www.menustudija.lt\/lt\/parduotuve\/kaligrafijos-reikmenys\/rasalas-ir-priedai\/sheaffer-classic-ink-cartridges-black-pk-of-6-for-sheaffer-fountain-pens-96233\/","og_locale":"lt_LT","og_type":"article","og_title":"Sheaffer Classic Ink Cartridges BLACK pk of 6 for Sheaffer fountain pens 96233 - Rami\u0173 Bi\u010di\u0173 Men\u0173 Studija","og_description":"Sheaffer Fountain Pen Ink Cartridges Black, 1 Packet of 6 Cartridges (96233) Sheaffer Skrip Classic Ink Cartridges in Black, pack of 6. \u00a0For use with all Sheaffer fountain and Calligraphy pens. \u00a0But not the Sheaffer VFM fountain pen as you will need to buy the international standard ink cartridges. \u00a0Check under my name and see &hellip;","og_url":"http:\/\/www.menustudija.lt\/lt\/parduotuve\/kaligrafijos-reikmenys\/rasalas-ir-priedai\/sheaffer-classic-ink-cartridges-black-pk-of-6-for-sheaffer-fountain-pens-96233\/","og_site_name":"Rami\u0173 Bi\u010di\u0173 Men\u0173 Studija","article_modified_time":"2023-12-18T18:06:33+00:00","og_image":[{"width":225,"height":225,"url":"http:\/\/www.menustudija.lt\/wp-content\/uploads\/2017\/01\/s-l225-4.jpg","type":"image\/jpeg"}],"twitter_card":"summary_large_image","schema":{"@context":"https:\/\/schema.org","@graph":[{"@type":"WebPage","@id":"http:\/\/www.menustudija.lt\/lt\/parduotuve\/kaligrafijos-reikmenys\/rasalas-ir-priedai\/sheaffer-classic-ink-cartridges-black-pk-of-6-for-sheaffer-fountain-pens-96233\/","url":"http:\/\/www.menustudija.lt\/lt\/parduotuve\/kaligrafijos-reikmenys\/rasalas-ir-priedai\/sheaffer-classic-ink-cartridges-black-pk-of-6-for-sheaffer-fountain-pens-96233\/","name":"Sheaffer Classic Ink Cartridges BLACK pk of 6 for Sheaffer fountain pens 96233 - Rami\u0173 Bi\u010di\u0173 Men\u0173 Studija","isPartOf":{"@id":"http:\/\/www.menustudija.lt\/lt\/#website"},"primaryImageOfPage":{"@id":"http:\/\/www.menustudija.lt\/lt\/parduotuve\/kaligrafijos-reikmenys\/rasalas-ir-priedai\/sheaffer-classic-ink-cartridges-black-pk-of-6-for-sheaffer-fountain-pens-96233\/#primaryimage"},"image":{"@id":"http:\/\/www.menustudija.lt\/lt\/parduotuve\/kaligrafijos-reikmenys\/rasalas-ir-priedai\/sheaffer-classic-ink-cartridges-black-pk-of-6-for-sheaffer-fountain-pens-96233\/#primaryimage"},"thumbnailUrl":"http:\/\/www.menustudija.lt\/wp-content\/uploads\/2017\/01\/s-l225-4.jpg","datePublished":"2017-01-30T14:28:12+00:00","dateModified":"2023-12-18T18:06:33+00:00","breadcrumb":{"@id":"http:\/\/www.menustudija.lt\/lt\/parduotuve\/kaligrafijos-reikmenys\/rasalas-ir-priedai\/sheaffer-classic-ink-cartridges-black-pk-of-6-for-sheaffer-fountain-pens-96233\/#breadcrumb"},"inLanguage":"lt-LT","potentialAction":[{"@type":"ReadAction","target":["http:\/\/www.menustudija.lt\/lt\/parduotuve\/kaligrafijos-reikmenys\/rasalas-ir-priedai\/sheaffer-classic-ink-cartridges-black-pk-of-6-for-sheaffer-fountain-pens-96233\/"]}]},{"@type":"ImageObject","inLanguage":"lt-LT","@id":"http:\/\/www.menustudija.lt\/lt\/parduotuve\/kaligrafijos-reikmenys\/rasalas-ir-priedai\/sheaffer-classic-ink-cartridges-black-pk-of-6-for-sheaffer-fountain-pens-96233\/#primaryimage","url":"http:\/\/www.menustudija.lt\/wp-content\/uploads\/2017\/01\/s-l225-4.jpg","contentUrl":"http:\/\/www.menustudija.lt\/wp-content\/uploads\/2017\/01\/s-l225-4.jpg","width":225,"height":225},{"@type":"BreadcrumbList","@id":"http:\/\/www.menustudija.lt\/lt\/parduotuve\/kaligrafijos-reikmenys\/rasalas-ir-priedai\/sheaffer-classic-ink-cartridges-black-pk-of-6-for-sheaffer-fountain-pens-96233\/#breadcrumb","itemListElement":[{"@type":"ListItem","position":1,"name":"Home","item":"http:\/\/www.menustudija.lt\/lt\/"},{"@type":"ListItem","position":2,"name":"Sheaffer Classic Ink Cartridges BLACK pk of 6 for Sheaffer fountain pens 96233"}]},{"@type":"WebSite","@id":"http:\/\/www.menustudija.lt\/lt\/#website","url":"http:\/\/www.menustudija.lt\/lt\/","name":"Rami\u0173 Bi\u010di\u0173 Men\u0173 Studija","description":"Rami\u0173 Bi\u010di\u0173 Men\u0173 Studija - mintims, sielai, k\u016bnui","publisher":{"@id":"http:\/\/www.menustudija.lt\/lt\/#organization"},"potentialAction":[{"@type":"SearchAction","target":{"@type":"EntryPoint","urlTemplate":"http:\/\/www.menustudija.lt\/lt\/?s={search_term_string}"},"query-input":{"@type":"PropertyValueSpecification","valueRequired":true,"valueName":"search_term_string"}}],"inLanguage":"lt-LT"},{"@type":"Organization","@id":"http:\/\/www.menustudija.lt\/lt\/#organization","name":"Rami\u0173 Bi\u010di\u0173 Men\u0173 Studija","url":"http:\/\/www.menustudija.lt\/lt\/","logo":{"@type":"ImageObject","inLanguage":"lt-LT","@id":"http:\/\/www.menustudija.lt\/lt\/#\/schema\/logo\/image\/","url":"http:\/\/www.menustudija.lt\/wp-content\/uploads\/2019\/08\/cropped-RBMS-logo-2-page-001-scaled.jpg","contentUrl":"http:\/\/www.menustudija.lt\/wp-content\/uploads\/2019\/08\/cropped-RBMS-logo-2-page-001-scaled.jpg","width":2560,"height":768,"caption":"Rami\u0173 Bi\u010di\u0173 Men\u0173 Studija"},"image":{"@id":"http:\/\/www.menustudija.lt\/lt\/#\/schema\/logo\/image\/"}}]}},"_links":{"self":[{"href":"http:\/\/www.menustudija.lt\/lt\/wp-json\/wp\/v2\/product\/18779","targetHints":{"allow":["GET"]}}],"collection":[{"href":"http:\/\/www.menustudija.lt\/lt\/wp-json\/wp\/v2\/product"}],"about":[{"href":"http:\/\/www.menustudija.lt\/lt\/wp-json\/wp\/v2\/types\/product"}],"wp:featuredmedia":[{"embeddable":true,"href":"http:\/\/www.menustudija.lt\/lt\/wp-json\/wp\/v2\/media\/18783"}],"wp:attachment":[{"href":"http:\/\/www.menustudija.lt\/lt\/wp-json\/wp\/v2\/media?parent=18779"}],"wp:term":[{"taxonomy":"product_brand","embeddable":true,"href":"http:\/\/www.menustudija.lt\/lt\/wp-json\/wp\/v2\/product_brand?post=18779"},{"taxonomy":"product_cat","embeddable":true,"href":"http:\/\/www.menustudija.lt\/lt\/wp-json\/wp\/v2\/product_cat?post=18779"},{"taxonomy":"product_tag","embeddable":true,"href":"http:\/\/www.menustudija.lt\/lt\/wp-json\/wp\/v2\/product_tag?post=18779"}],"curies":[{"name":"wp","href":"https:\/\/api.w.org\/{rel}","templated":true}]}}