{"id":11691,"date":"2016-09-06T09:43:32","date_gmt":"2016-09-06T11:43:32","guid":{"rendered":"http:\/\/www.menustudija.lt\/?page_id=11691"},"modified":"2022-01-21T20:04:55","modified_gmt":"2022-01-21T22:04:55","slug":"juvelyrikos-mokykla","status":"publish","type":"page","link":"https:\/\/www.menustudija.lt\/lt\/kurybiniai-uzsiemimai\/juvelyrikos-mokykla\/","title":{"rendered":"Juvelyrikos mokykla"},"content":{"rendered":"<div class=\"fusion-fullwidth fullwidth-box hundred-percent-fullwidth non-hundred-percent-height-scrolling\"  style='background-color: #ffffff;background-position: center center;background-repeat: no-repeat;padding-top:0px;padding-right:0px;padding-bottom:0px;padding-left:0px;'><div class=\"fusion-builder-row fusion-row \"><div  class=\"fusion-layout-column fusion_builder_column fusion_builder_column_1_2 fusion-builder-column-1 fusion-one-half fusion-column-first 1_2\"  style='margin-top:0px;margin-bottom:20px;width:48%; margin-right: 4%;'>\n\t\t\t\t\t<div class=\"fusion-column-wrapper\" style=\"padding: 0px 0px 0px 0px;background-position:left top;background-repeat:no-repeat;-webkit-background-size:cover;-moz-background-size:cover;-o-background-size:cover;background-size:cover;\"   data-bg-url=\"\">\n\t\t\t\t\t\t<div class=\"fusion-slider-sc fusion-flexslider-loading flexslider flexslider-hover-type-none\" style=\"max-width:100%;height:100%;\"><ul class=\"slides\"><li class=\"image\"><span class=\"fusion-image-hover-element hover-type-none\"><img decoding=\"async\" src=\"http:\/\/www.menustudija.lt\/wp-content\/uploads\/2018\/03\/FJS029000-300x200.jpg\" \/><\/span><\/li><li class=\"image\"><span class=\"fusion-image-hover-element hover-type-none\"><img decoding=\"async\" src=\"http:\/\/www.menustudija.lt\/wp-content\/uploads\/2018\/03\/FJS991100-300x259.jpg\" \/><\/span><\/li><li class=\"image\"><span class=\"fusion-image-hover-element hover-type-none\"><img decoding=\"async\" src=\"http:\/\/www.menustudija.lt\/wp-content\/uploads\/2018\/03\/email_FJS995850-300x270.jpg\" \/><\/span><\/li><li class=\"image\"><span class=\"fusion-image-hover-element hover-type-none\"><img decoding=\"async\" src=\"http:\/\/www.menustudija.lt\/wp-content\/uploads\/2016\/09\/2.jpg\" \/><\/span><\/li><li class=\"image\"><span class=\"fusion-image-hover-element hover-type-none\"><img decoding=\"async\" src=\"http:\/\/www.menustudija.lt\/wp-content\/uploads\/2018\/03\/FJS993900-300x238.jpg\" \/><\/span><\/li><li class=\"image\"><span class=\"fusion-image-hover-element hover-type-none\"><img decoding=\"async\" src=\"http:\/\/www.menustudija.lt\/wp-content\/uploads\/2016\/09\/26.jpg\" \/><\/span><\/li><li class=\"image\"><span class=\"fusion-image-hover-element hover-type-none\"><img decoding=\"async\" src=\"http:\/\/www.menustudija.lt\/wp-content\/uploads\/2016\/09\/21.jpg\" \/><\/span><\/li><li class=\"image\"><span class=\"fusion-image-hover-element hover-type-none\"><img decoding=\"async\" src=\"http:\/\/www.menustudija.lt\/wp-content\/uploads\/2018\/03\/DPP_08-225x300.jpg\" \/><\/span><\/li><li class=\"image\"><span class=\"fusion-image-hover-element hover-type-none\"><img decoding=\"async\" src=\"http:\/\/www.menustudija.lt\/wp-content\/uploads\/2016\/09\/19.jpg\" \/><\/span><\/li><li class=\"image\"><span class=\"fusion-image-hover-element hover-type-none\"><img decoding=\"async\" src=\"http:\/\/www.menustudija.lt\/wp-content\/uploads\/2016\/09\/18.jpg\" \/><\/span><\/li><li class=\"image\"><span class=\"fusion-image-hover-element hover-type-none\"><img decoding=\"async\" src=\"http:\/\/www.menustudija.lt\/wp-content\/uploads\/2016\/09\/17.jpg\" \/><\/span><\/li><li class=\"image\"><span class=\"fusion-image-hover-element hover-type-none\"><img decoding=\"async\" src=\"http:\/\/www.menustudija.lt\/wp-content\/uploads\/2016\/09\/15.jpg\" \/><\/span><\/li><li class=\"image\"><span class=\"fusion-image-hover-element hover-type-none\"><img decoding=\"async\" src=\"http:\/\/www.menustudija.lt\/wp-content\/uploads\/2016\/09\/14.jpg\" \/><\/span><\/li><li class=\"image\"><span class=\"fusion-image-hover-element hover-type-none\"><img decoding=\"async\" src=\"http:\/\/www.menustudija.lt\/wp-content\/uploads\/2016\/09\/13.jpg\" \/><\/span><\/li><li class=\"image\"><span class=\"fusion-image-hover-element hover-type-none\"><img decoding=\"async\" src=\"http:\/\/www.menustudija.lt\/wp-content\/uploads\/2016\/09\/11.jpg\" \/><\/span><\/li><li class=\"image\"><span class=\"fusion-image-hover-element hover-type-none\"><img decoding=\"async\" src=\"http:\/\/www.menustudija.lt\/wp-content\/uploads\/2016\/09\/10.jpg\" \/><\/span><\/li><li class=\"image\"><span class=\"fusion-image-hover-element hover-type-none\"><img decoding=\"async\" src=\"http:\/\/www.menustudija.lt\/wp-content\/uploads\/2016\/09\/9.jpg\" \/><\/span><\/li><li class=\"image\"><span class=\"fusion-image-hover-element hover-type-none\"><img decoding=\"async\" src=\"http:\/\/www.menustudija.lt\/wp-content\/uploads\/2016\/09\/8.jpg\" \/><\/span><\/li><li class=\"image\"><span class=\"fusion-image-hover-element hover-type-none\"><img decoding=\"async\" src=\"http:\/\/www.menustudija.lt\/wp-content\/uploads\/2016\/09\/7.jpg\" \/><\/span><\/li><li class=\"image\"><span class=\"fusion-image-hover-element hover-type-none\"><img decoding=\"async\" src=\"http:\/\/www.menustudija.lt\/wp-content\/uploads\/2016\/09\/6.jpg\" \/><\/span><\/li><li class=\"image\"><span class=\"fusion-image-hover-element hover-type-none\"><img decoding=\"async\" src=\"http:\/\/www.menustudija.lt\/wp-content\/uploads\/2016\/09\/5.jpg\" \/><\/span><\/li><li class=\"image\"><span class=\"fusion-image-hover-element hover-type-none\"><img decoding=\"async\" src=\"http:\/\/www.menustudija.lt\/wp-content\/uploads\/2016\/09\/4.jpg\" \/><\/span><\/li><li class=\"image\"><span class=\"fusion-image-hover-element hover-type-none\"><img decoding=\"async\" src=\"http:\/\/www.menustudija.lt\/wp-content\/uploads\/2016\/09\/3.jpg\" \/><\/span><\/li><li class=\"image\"><span class=\"fusion-image-hover-element hover-type-none\"><img decoding=\"async\" src=\"http:\/\/www.menustudija.lt\/wp-content\/uploads\/2016\/09\/collage.jpg\" \/><\/span><\/li><li class=\"image\"><span class=\"fusion-image-hover-element hover-type-none\"><img decoding=\"async\" src=\"http:\/\/www.menustudija.lt\/wp-content\/uploads\/2016\/09\/IMG_5385.jpg\" \/><\/span><\/li><li class=\"image\"><span class=\"fusion-image-hover-element hover-type-none\"><img decoding=\"async\" src=\"http:\/\/www.menustudija.lt\/wp-content\/uploads\/2016\/09\/IMG_8184.jpg\" \/><\/span><\/li><li class=\"image\"><span class=\"fusion-image-hover-element hover-type-none\"><img decoding=\"async\" src=\"http:\/\/www.menustudija.lt\/wp-content\/uploads\/2016\/09\/Sandra-I.jpg\" \/><\/span><\/li><\/ul><\/div><div class=\"fusion-clearfix\"><\/div>\n\n\t\t\t\t\t<\/div>\n\t\t\t\t<\/div><div  class=\"fusion-layout-column fusion_builder_column fusion_builder_column_1_2 fusion-builder-column-2 fusion-one-half fusion-column-last 1_2\"  style='margin-top:0px;margin-bottom:20px;width:48%'>\n\t\t\t\t\t<div class=\"fusion-column-wrapper\" style=\"padding: 0px 0px 0px 0px;background-position:left top;background-repeat:no-repeat;-webkit-background-size:cover;-moz-background-size:cover;-o-background-size:cover;background-size:cover;\"   data-bg-url=\"\">\n\t\t\t\t\t\t<div class=\"fusion-text\"><p>Tai vieta, suteikianti galimyb\u0119 \u012fprasminti J\u016bs\u0173 k\u016brybin\u012f potencial\u0105 ir i\u0161mokti juvelyrinio amato bei profesionalumo.<\/p>\n<div>\n<div>Per 9 mokym\u0173 metus dirbome kryptingai, tobulinome proces\u0105, steb\u0117jome poreikius ir suk\u016br\u0117me juvekyrikos mokym\u0173 program\u0105. I\u0161gryninome veikl\u0105 bei koncentracij\u0105 \u012f krypting\u0105 mokymosi proces\u0105 atsiskiriant nuo pavieni\u0173 workshop\u2018\u0173 ir pramogini\u0173 veikl\u0173. Mokym\u0173 program\u0105 nuolatos atnaujiname ir tobuliname pagal besikei\u010dian\u010dius poreikius bei naujausias juvelyrikos tendencijas. Akademijos tikslas yra supa\u017eindinti bei i\u0161mokyti visus norin\u010dius kurti papuo\u0161alus i\u0161 tauri\u0173j\u0173 metal\u0173 bei mineral\u0173 ir kit\u0173 med\u017eiag\u0173. Mokymo fokusas \u2013 technologinis realizavimas per praktik\u0105, i\u0161laikant ir suteikiant galimyb\u0119 studentams puosel\u0117ti savo k\u016bryb\u0105 bei dizain\u0105 savaranki\u0161kam procesui.<\/div>\n<\/div>\n<p>M\u016bs\u0173 studij\u0105 apr\u016bpinta profesionalia \u012franga, \u012frankiais ir visomis reikalingomis priemon\u0117mis<\/p>\n<p>Juvelyrikos u\u017esi\u0117mim\u0173 kaina priklauso nuo to ar lankytojais renkasi nuolatinius u\u017esi\u0117mimus, ar tai yra vienkartiniai apsilankymai.<\/p>\n<p>\u012e kain\u0105 \u012fskai\u010diuota: \u0161iuolaiki\u0161kai \u012frengta darbo vieta su visa reikiama \u012franga ir darbui reikalingomis priemon\u0117mis, individualios d\u0117stytoj\u0173 konsultacijos.<\/p>\n<p>Panaudotos med\u017eiagos \u012f kain\u0105 ne\u012fskai\u010diuotos. Leid\u017eiama naudoti savo med\u017eiagas.<\/p>\n<p><strong>Daugiau infomacijos apie programas, kainas ir kit\u0105 informacij\u0105 galite rasti: <a href=\"http:\/\/www.vja.lt\">www.vja.lt<\/a><\/strong><\/p>\n<p><strong>Menin\u0117 ar juvelyro \u00a0patirtis neb\u016btina!\u00a0<\/strong><\/p>\n<p>Daugiau informacijos: +37069872888 arba info@menustudija.lt<\/p>\n<\/div><div class=\"fusion-button-wrapper\"><a class=\"fusion-button button-flat fusion-button-default-shape fusion-button-default-size button-default button-1 fusion-button-default-span fusion-button-default-type\" target=\"_blank\" rel=\"noopener noreferrer\" href=\"\/registracija\"><span class=\"fusion-button-text\">Registruotis<\/span><\/a><\/div><div class=\"fusion-clearfix\"><\/div>\n\n\t\t\t\t\t<\/div>\n\t\t\t\t<\/div><div  class=\"fusion-layout-column fusion_builder_column fusion_builder_column_1_1 fusion-builder-column-3 fusion-one-full fusion-column-first fusion-column-last fusion-column-no-min-height 1_1\"  style='margin-top:0px;margin-bottom:0px;'>\n\t\t\t\t\t<div class=\"fusion-column-wrapper\" style=\"padding: 0px 0px 0px 0px;background-position:left top;background-repeat:no-repeat;-webkit-background-size:cover;-moz-background-size:cover;-o-background-size:cover;background-size:cover;\"   data-bg-url=\"\">\n\t\t\t\t\t\t<div class=\"fusion-sep-clear\"><\/div><div class=\"fusion-separator fusion-full-width-sep sep-none\" style=\"margin-left: auto;margin-right: auto;margin-top:;\"><\/div><div class=\"fusion-clearfix\"><\/div>\n\n\t\t\t\t\t<\/div>\n\t\t\t\t<\/div><\/div><\/div>\n","protected":false},"excerpt":{"rendered":"","protected":false},"author":6,"featured_media":0,"parent":11688,"menu_order":0,"comment_status":"closed","ping_status":"closed","template":"","meta":{"footnotes":""},"class_list":["post-11691","page","type-page","status-publish","hentry"],"yoast_head":"<!-- This site is optimized with the Yoast SEO plugin v26.8 - https:\/\/yoast.com\/product\/yoast-seo-wordpress\/ -->\n<title>Juvelyrikos mokykla - Rami\u0173 Bi\u010di\u0173 Men\u0173 Studija<\/title>\n<meta name=\"robots\" content=\"index, follow, max-snippet:-1, max-image-preview:large, max-video-preview:-1\" \/>\n<link rel=\"canonical\" href=\"https:\/\/www.menustudija.lt\/lt\/kurybiniai-uzsiemimai\/juvelyrikos-mokykla\/\" \/>\n<meta property=\"og:locale\" content=\"lt_LT\" \/>\n<meta property=\"og:type\" content=\"article\" \/>\n<meta property=\"og:title\" content=\"Juvelyrikos mokykla - Rami\u0173 Bi\u010di\u0173 Men\u0173 Studija\" \/>\n<meta property=\"og:url\" content=\"https:\/\/www.menustudija.lt\/lt\/kurybiniai-uzsiemimai\/juvelyrikos-mokykla\/\" \/>\n<meta property=\"og:site_name\" content=\"Rami\u0173 Bi\u010di\u0173 Men\u0173 Studija\" \/>\n<meta property=\"article:modified_time\" content=\"2022-01-21T22:04:55+00:00\" \/>\n<meta name=\"twitter:card\" content=\"summary_large_image\" \/>\n<meta name=\"twitter:label1\" content=\"Est. reading time\" \/>\n\t<meta name=\"twitter:data1\" content=\"5 minut\u0117s\" \/>\n<script type=\"application\/ld+json\" class=\"yoast-schema-graph\">{\"@context\":\"https:\/\/schema.org\",\"@graph\":[{\"@type\":\"WebPage\",\"@id\":\"https:\/\/www.menustudija.lt\/lt\/kurybiniai-uzsiemimai\/juvelyrikos-mokykla\/\",\"url\":\"https:\/\/www.menustudija.lt\/lt\/kurybiniai-uzsiemimai\/juvelyrikos-mokykla\/\",\"name\":\"Juvelyrikos mokykla - Rami\u0173 Bi\u010di\u0173 Men\u0173 Studija\",\"isPartOf\":{\"@id\":\"http:\/\/www.menustudija.lt\/lt\/#website\"},\"datePublished\":\"2016-09-06T11:43:32+00:00\",\"dateModified\":\"2022-01-21T22:04:55+00:00\",\"breadcrumb\":{\"@id\":\"https:\/\/www.menustudija.lt\/lt\/kurybiniai-uzsiemimai\/juvelyrikos-mokykla\/#breadcrumb\"},\"inLanguage\":\"lt-LT\",\"potentialAction\":[{\"@type\":\"ReadAction\",\"target\":[\"https:\/\/www.menustudija.lt\/lt\/kurybiniai-uzsiemimai\/juvelyrikos-mokykla\/\"]}]},{\"@type\":\"BreadcrumbList\",\"@id\":\"https:\/\/www.menustudija.lt\/lt\/kurybiniai-uzsiemimai\/juvelyrikos-mokykla\/#breadcrumb\",\"itemListElement\":[{\"@type\":\"ListItem\",\"position\":1,\"name\":\"Home\",\"item\":\"http:\/\/www.menustudija.lt\/lt\/\"},{\"@type\":\"ListItem\",\"position\":2,\"name\":\"K\u016brybiniai u\u017esi\u0117mimai\",\"item\":\"https:\/\/www.menustudija.lt\/lt\/kurybiniai-uzsiemimai\/\"},{\"@type\":\"ListItem\",\"position\":3,\"name\":\"Juvelyrikos mokykla\"}]},{\"@type\":\"WebSite\",\"@id\":\"http:\/\/www.menustudija.lt\/lt\/#website\",\"url\":\"http:\/\/www.menustudija.lt\/lt\/\",\"name\":\"Rami\u0173 Bi\u010di\u0173 Men\u0173 Studija\",\"description\":\"Rami\u0173 Bi\u010di\u0173 Men\u0173 Studija - mintims, sielai, k\u016bnui\",\"publisher\":{\"@id\":\"http:\/\/www.menustudija.lt\/lt\/#organization\"},\"potentialAction\":[{\"@type\":\"SearchAction\",\"target\":{\"@type\":\"EntryPoint\",\"urlTemplate\":\"http:\/\/www.menustudija.lt\/lt\/?s={search_term_string}\"},\"query-input\":{\"@type\":\"PropertyValueSpecification\",\"valueRequired\":true,\"valueName\":\"search_term_string\"}}],\"inLanguage\":\"lt-LT\"},{\"@type\":\"Organization\",\"@id\":\"http:\/\/www.menustudija.lt\/lt\/#organization\",\"name\":\"Rami\u0173 Bi\u010di\u0173 Men\u0173 Studija\",\"url\":\"http:\/\/www.menustudija.lt\/lt\/\",\"logo\":{\"@type\":\"ImageObject\",\"inLanguage\":\"lt-LT\",\"@id\":\"http:\/\/www.menustudija.lt\/lt\/#\/schema\/logo\/image\/\",\"url\":\"https:\/\/www.menustudija.lt\/wp-content\/uploads\/2019\/08\/cropped-RBMS-logo-2-page-001-scaled.jpg\",\"contentUrl\":\"https:\/\/www.menustudija.lt\/wp-content\/uploads\/2019\/08\/cropped-RBMS-logo-2-page-001-scaled.jpg\",\"width\":2560,\"height\":768,\"caption\":\"Rami\u0173 Bi\u010di\u0173 Men\u0173 Studija\"},\"image\":{\"@id\":\"http:\/\/www.menustudija.lt\/lt\/#\/schema\/logo\/image\/\"}}]}<\/script>\n<!-- \/ Yoast SEO plugin. -->","yoast_head_json":{"title":"Juvelyrikos mokykla - Rami\u0173 Bi\u010di\u0173 Men\u0173 Studija","robots":{"index":"index","follow":"follow","max-snippet":"max-snippet:-1","max-image-preview":"max-image-preview:large","max-video-preview":"max-video-preview:-1"},"canonical":"https:\/\/www.menustudija.lt\/lt\/kurybiniai-uzsiemimai\/juvelyrikos-mokykla\/","og_locale":"lt_LT","og_type":"article","og_title":"Juvelyrikos mokykla - Rami\u0173 Bi\u010di\u0173 Men\u0173 Studija","og_url":"https:\/\/www.menustudija.lt\/lt\/kurybiniai-uzsiemimai\/juvelyrikos-mokykla\/","og_site_name":"Rami\u0173 Bi\u010di\u0173 Men\u0173 Studija","article_modified_time":"2022-01-21T22:04:55+00:00","twitter_card":"summary_large_image","twitter_misc":{"Est. reading time":"5 minut\u0117s"},"schema":{"@context":"https:\/\/schema.org","@graph":[{"@type":"WebPage","@id":"https:\/\/www.menustudija.lt\/lt\/kurybiniai-uzsiemimai\/juvelyrikos-mokykla\/","url":"https:\/\/www.menustudija.lt\/lt\/kurybiniai-uzsiemimai\/juvelyrikos-mokykla\/","name":"Juvelyrikos mokykla - Rami\u0173 Bi\u010di\u0173 Men\u0173 Studija","isPartOf":{"@id":"http:\/\/www.menustudija.lt\/lt\/#website"},"datePublished":"2016-09-06T11:43:32+00:00","dateModified":"2022-01-21T22:04:55+00:00","breadcrumb":{"@id":"https:\/\/www.menustudija.lt\/lt\/kurybiniai-uzsiemimai\/juvelyrikos-mokykla\/#breadcrumb"},"inLanguage":"lt-LT","potentialAction":[{"@type":"ReadAction","target":["https:\/\/www.menustudija.lt\/lt\/kurybiniai-uzsiemimai\/juvelyrikos-mokykla\/"]}]},{"@type":"BreadcrumbList","@id":"https:\/\/www.menustudija.lt\/lt\/kurybiniai-uzsiemimai\/juvelyrikos-mokykla\/#breadcrumb","itemListElement":[{"@type":"ListItem","position":1,"name":"Home","item":"http:\/\/www.menustudija.lt\/lt\/"},{"@type":"ListItem","position":2,"name":"K\u016brybiniai u\u017esi\u0117mimai","item":"https:\/\/www.menustudija.lt\/lt\/kurybiniai-uzsiemimai\/"},{"@type":"ListItem","position":3,"name":"Juvelyrikos mokykla"}]},{"@type":"WebSite","@id":"http:\/\/www.menustudija.lt\/lt\/#website","url":"http:\/\/www.menustudija.lt\/lt\/","name":"Rami\u0173 Bi\u010di\u0173 Men\u0173 Studija","description":"Rami\u0173 Bi\u010di\u0173 Men\u0173 Studija - mintims, sielai, k\u016bnui","publisher":{"@id":"http:\/\/www.menustudija.lt\/lt\/#organization"},"potentialAction":[{"@type":"SearchAction","target":{"@type":"EntryPoint","urlTemplate":"http:\/\/www.menustudija.lt\/lt\/?s={search_term_string}"},"query-input":{"@type":"PropertyValueSpecification","valueRequired":true,"valueName":"search_term_string"}}],"inLanguage":"lt-LT"},{"@type":"Organization","@id":"http:\/\/www.menustudija.lt\/lt\/#organization","name":"Rami\u0173 Bi\u010di\u0173 Men\u0173 Studija","url":"http:\/\/www.menustudija.lt\/lt\/","logo":{"@type":"ImageObject","inLanguage":"lt-LT","@id":"http:\/\/www.menustudija.lt\/lt\/#\/schema\/logo\/image\/","url":"https:\/\/www.menustudija.lt\/wp-content\/uploads\/2019\/08\/cropped-RBMS-logo-2-page-001-scaled.jpg","contentUrl":"https:\/\/www.menustudija.lt\/wp-content\/uploads\/2019\/08\/cropped-RBMS-logo-2-page-001-scaled.jpg","width":2560,"height":768,"caption":"Rami\u0173 Bi\u010di\u0173 Men\u0173 Studija"},"image":{"@id":"http:\/\/www.menustudija.lt\/lt\/#\/schema\/logo\/image\/"}}]}},"_links":{"self":[{"href":"https:\/\/www.menustudija.lt\/lt\/wp-json\/wp\/v2\/pages\/11691","targetHints":{"allow":["GET"]}}],"collection":[{"href":"https:\/\/www.menustudija.lt\/lt\/wp-json\/wp\/v2\/pages"}],"about":[{"href":"https:\/\/www.menustudija.lt\/lt\/wp-json\/wp\/v2\/types\/page"}],"author":[{"embeddable":true,"href":"https:\/\/www.menustudija.lt\/lt\/wp-json\/wp\/v2\/users\/6"}],"replies":[{"embeddable":true,"href":"https:\/\/www.menustudija.lt\/lt\/wp-json\/wp\/v2\/comments?post=11691"}],"version-history":[{"count":35,"href":"https:\/\/www.menustudija.lt\/lt\/wp-json\/wp\/v2\/pages\/11691\/revisions"}],"predecessor-version":[{"id":33576,"href":"https:\/\/www.menustudija.lt\/lt\/wp-json\/wp\/v2\/pages\/11691\/revisions\/33576"}],"up":[{"embeddable":true,"href":"https:\/\/www.menustudija.lt\/lt\/wp-json\/wp\/v2\/pages\/11688"}],"wp:attachment":[{"href":"https:\/\/www.menustudija.lt\/lt\/wp-json\/wp\/v2\/media?parent=11691"}],"curies":[{"name":"wp","href":"https:\/\/api.w.org\/{rel}","templated":true}]}}