{"id":11724,"date":"2016-09-06T10:07:58","date_gmt":"2016-09-06T12:07:58","guid":{"rendered":"http:\/\/www.menustudija.lt\/?page_id=11724"},"modified":"2024-01-01T20:01:52","modified_gmt":"2024-01-01T22:01:52","slug":"jaunavedziams","status":"publish","type":"page","link":"https:\/\/www.menustudija.lt\/lt\/paslaugos\/jaunavedziams\/","title":{"rendered":"Jaunaved\u017eiams"},"content":{"rendered":"<div class=\"fusion-fullwidth fullwidth-box hundred-percent-fullwidth non-hundred-percent-height-scrolling\"  style='background-color: #ffffff;background-position: center center;background-repeat: no-repeat;padding-top:0px;padding-right:0px;padding-bottom:0px;padding-left:0px;'><div class=\"fusion-builder-row fusion-row \"><div  class=\"fusion-layout-column fusion_builder_column fusion_builder_column_1_2 fusion-builder-column-1 fusion-one-half fusion-column-first 1_2\"  style='margin-top:0px;margin-bottom:20px;width:48%; margin-right: 4%;'>\n\t\t\t\t\t<div class=\"fusion-column-wrapper\" style=\"padding: 0px 0px 0px 0px;background-position:left top;background-repeat:no-repeat;-webkit-background-size:cover;-moz-background-size:cover;-o-background-size:cover;background-size:cover;\"   data-bg-url=\"\">\n\t\t\t\t\t\t<div class=\"fusion-slider-sc fusion-flexslider-loading flexslider flexslider-hover-type-none\" style=\"max-width:100%;height:100%;\"><ul class=\"slides\"><li class=\"image\"><span class=\"fusion-image-hover-element hover-type-none\"><img decoding=\"async\" src=\"http:\/\/www.menustudija.lt\/wp-content\/uploads\/2016\/09\/1-2.jpg\" \/><\/span><\/li><li class=\"image\"><span class=\"fusion-image-hover-element hover-type-none\"><img decoding=\"async\" src=\"http:\/\/www.menustudija.lt\/wp-content\/uploads\/2016\/09\/IMG_5856.jpg\" \/><\/span><\/li><li class=\"image\"><span class=\"fusion-image-hover-element hover-type-none\"><img decoding=\"async\" src=\"http:\/\/www.menustudija.lt\/wp-content\/uploads\/2016\/09\/IMG_8877.jpg\" \/><\/span><\/li><li class=\"image\"><span class=\"fusion-image-hover-element hover-type-none\"><img decoding=\"async\" src=\"http:\/\/www.menustudija.lt\/wp-content\/uploads\/2016\/09\/IMG_4537.jpg\" \/><\/span><\/li><li class=\"image\"><span class=\"fusion-image-hover-element hover-type-none\"><img decoding=\"async\" src=\"http:\/\/www.menustudija.lt\/wp-content\/uploads\/2016\/09\/IMG_8406.jpg\" \/><\/span><\/li><li class=\"image\"><span class=\"fusion-image-hover-element hover-type-none\"><img decoding=\"async\" src=\"http:\/\/www.menustudija.lt\/wp-content\/uploads\/2016\/09\/IMG_5856.jpg\" \/><\/span><\/li><li class=\"image\"><span class=\"fusion-image-hover-element hover-type-none\"><img decoding=\"async\" src=\"http:\/\/www.menustudija.lt\/wp-content\/uploads\/2016\/09\/IMG_9228.jpg\" \/><\/span><\/li><li class=\"image\"><span class=\"fusion-image-hover-element hover-type-none\"><img decoding=\"async\" src=\"http:\/\/www.menustudija.lt\/wp-content\/uploads\/2016\/09\/IMG_9285.jpg\" \/><\/span><\/li><li class=\"image\"><span class=\"fusion-image-hover-element hover-type-none\"><img decoding=\"async\" src=\"http:\/\/www.menustudija.lt\/wp-content\/uploads\/2016\/09\/IMG_9336.jpg\" \/><\/span><\/li><li class=\"image\"><span class=\"fusion-image-hover-element hover-type-none\"><img decoding=\"async\" src=\"http:\/\/www.menustudija.lt\/wp-content\/uploads\/2016\/09\/13932777_1052745281439397_1333987612768905700_n.png\" \/><\/span><\/li><li class=\"image\"><span class=\"fusion-image-hover-element hover-type-none\"><img decoding=\"async\" src=\"http:\/\/www.menustudija.lt\/wp-content\/uploads\/2016\/09\/563619_582677098446220_1504023837_n-300x200.jpg\" \/><\/span><\/li><li class=\"image\"><span class=\"fusion-image-hover-element hover-type-none\"><img decoding=\"async\" src=\"http:\/\/www.menustudija.lt\/wp-content\/uploads\/2016\/09\/1454746_582677111779552_1028272955_n-300x174.jpg\" \/><\/span><\/li><\/ul><\/div><div class=\"fusion-clearfix\"><\/div>\n\n\t\t\t\t\t<\/div>\n\t\t\t\t<\/div><div  class=\"fusion-layout-column fusion_builder_column fusion_builder_column_1_2 fusion-builder-column-2 fusion-one-half fusion-column-last 1_2\"  style='margin-top:0px;margin-bottom:20px;width:48%'>\n\t\t\t\t\t<div class=\"fusion-column-wrapper\" style=\"padding: 0px 0px 0px 0px;background-position:left top;background-repeat:no-repeat;-webkit-background-size:cover;-moz-background-size:cover;-o-background-size:cover;background-size:cover;\"   data-bg-url=\"\">\n\t\t\t\t\t\t<div class=\"fusion-text\"><div>M\u016bs\u0173 tikslas pasi\u016blyti Jums unikal\u0173 nuotyk\u012f ir J\u016bs\u0173 vestuviniams \u017eiedams suteikti dar daugiau prasm\u0117s ir jausm\u0173.<\/div>\n<div><\/div>\n<div>Mes si\u016blome patapti tikr\u0173 tikriausiai juvelyrais, nesvarbu, kad tokios patirties visai neturite, ir pagaminti vestuvinius \u017eiedus vienas kitam savo rankomis.<\/div>\n<div><\/div>\n<div>M\u016bs\u0173 si\u016bloma \u201eavanti\u016bra&#8221;, kaip tai \u012fvardijo viena pora, yra unikali tuo, kad \u017eiedus b\u016bsimi jaunieji gamina savo rankomis nuo&#8230; iki: pradedant metal\u0173 suliejimu ir baigiant poliravimu iki veidrodinio blizgesio.\u00a0\u017dinoma, mes padedame, patariame d\u0117l \u017eied\u0173 dizaino k\u016brimo ir b\u016bname kantr\u016bs mokytojai bei pagalbininkai \u012fgyvendinant sugalvot\u0105 svajon\u0119. Tai tikras procesas, o ne tik &#8222;prisid\u0117jimas&#8221; gaminant&#8230;<\/div>\n<div><\/div>\n<div>Proceso metu pora supa\u017eindama su senosios auksakalyst\u0117s technikomis, juvelyro darbo pagrindais. Tai \u2013 pa\u017eintinis nuotykis. Sukurti vestuviniai \u017eiedai b\u016bna pripildyti \u0161ilt\u0173 jausm\u0173 ir emocij\u0173, juk pora vienas kitam gamina bene svarbiausi\u0105 savo gyvenimo papuo\u0161al\u0105 visai kitaip nei juvelyras, kuriam tai b\u016bt\u0173 tik kasdienis darbas.<\/div>\n<div><\/div>\n<div>\n<div>Puikiai \u012frengta juvelyrikos studija su visa reikiama profesionalia \u012franga ir technika, nuo\u0161irdus d\u0117mesys bei malonios staigmenos u\u017ebaigus vis\u0105 proces\u0105.<\/div>\n<div><\/div>\n<p>Studijoje J\u016bs\u0173 laukia jauki, k\u016brybi\u0161ka atmosfera, gera nuotaika ir skani kava. \u201eRami\u0173 bi\u010di\u0173&#8221; men\u0173 studija \u2013 vieta, kur galite puikiai leisti laik\u0105 \u2013 pails\u0117ti kurdami bei tobul\u0117dami.<\/p>\n<p>Kvie\u010diame patirti dar vien\u0105 \u00a0nuotyk\u012f\u00a0kartu!<\/p>\n<p>Menin\u0117, juvelyro ar kita patirtis N\u0116RA B\u016aTINA!<\/p>\n<\/div>\n<\/div><div class=\"fusion-clearfix\"><\/div>\n\n\t\t\t\t\t<\/div>\n\t\t\t\t<\/div><div  class=\"fusion-layout-column fusion_builder_column fusion_builder_column_1_1 fusion-builder-column-3 fusion-one-full fusion-column-first fusion-column-last fusion-column-no-min-height 1_1\"  style='margin-top:0px;margin-bottom:0px;'>\n\t\t\t\t\t<div class=\"fusion-column-wrapper\" style=\"padding: 0px 0px 0px 0px;background-position:left top;background-repeat:no-repeat;-webkit-background-size:cover;-moz-background-size:cover;-o-background-size:cover;background-size:cover;\"   data-bg-url=\"\">\n\t\t\t\t\t\t<div class=\"fusion-sep-clear\"><\/div><div class=\"fusion-separator fusion-full-width-sep sep-none\" style=\"margin-left: auto;margin-right: auto;margin-top:;\"><\/div><div class=\"fusion-clearfix\"><\/div>\n\n\t\t\t\t\t<\/div>\n\t\t\t\t<\/div><div  class=\"fusion-layout-column fusion_builder_column fusion_builder_column_1_2 fusion-builder-column-4 fusion-one-half fusion-column-first 1_2\"  style='margin-top:0px;margin-bottom:20px;width:48%; margin-right: 4%;'>\n\t\t\t\t\t<div class=\"fusion-column-wrapper\" style=\"padding: 0px 0px 0px 0px;background-position:left top;background-repeat:no-repeat;-webkit-background-size:cover;-moz-background-size:cover;-o-background-size:cover;background-size:cover;\"   data-bg-url=\"\">\n\t\t\t\t\t\t<div class=\"fusion-text\"><div><\/div>\n<\/div><div class=\"fusion-clearfix\"><\/div>\n\n\t\t\t\t\t<\/div>\n\t\t\t\t<\/div><div  class=\"fusion-layout-column fusion_builder_column fusion_builder_column_1_2 fusion-builder-column-5 fusion-one-half fusion-column-last 1_2\"  style='margin-top:0px;margin-bottom:20px;width:48%'>\n\t\t\t\t\t<div class=\"fusion-column-wrapper\" style=\"padding: 0px 0px 0px 0px;background-position:left top;background-repeat:no-repeat;-webkit-background-size:cover;-moz-background-size:cover;-o-background-size:cover;background-size:cover;\"   data-bg-url=\"\">\n\t\t\t\t\t\t<div class=\"fusion-text\"><p><b>Programa jaunaved\u017eiams : 450<\/b>\u00a0eur\u0173 (med\u017eiagos \u012f kain\u0105 ne\u012fskai\u010diuotos)<\/p>\n<p>\u012e kain\u0105 \u012fskai\u010diuota: \u0161iuolaiki\u0161kai \u012frengta darbo vieta su visa reikiama \u012franga ir darbui reikalingais \u012frankiais, individualios d\u0117stytoj\u0173 konsultacijos.<\/p>\n<p>Patirtis mene ir auksakalyst\u0117je nereikalinga!<\/p>\n<p>Daugiau informacijos ir registracija: \u00a0+37069872888 arba info@menustudija.lt<\/p>\n<\/div><div class=\"fusion-button-wrapper\"><a class=\"fusion-button button-flat fusion-button-default-shape fusion-button-default-size button-default button-1 fusion-button-default-span fusion-button-default-type\" target=\"_self\" href=\"\/events\"><span class=\"fusion-button-text\">Registruotis<\/span><\/a><\/div><div class=\"fusion-clearfix\"><\/div>\n\n\t\t\t\t\t<\/div>\n\t\t\t\t<\/div><div  class=\"fusion-layout-column fusion_builder_column fusion_builder_column_1_1 fusion-builder-column-6 fusion-one-full fusion-column-first fusion-column-last fusion-column-no-min-height 1_1\"  style='margin-top:0px;margin-bottom:0px;'>\n\t\t\t\t\t<div class=\"fusion-column-wrapper\" style=\"padding: 0px 0px 0px 0px;background-position:left top;background-repeat:no-repeat;-webkit-background-size:cover;-moz-background-size:cover;-o-background-size:cover;background-size:cover;\"   data-bg-url=\"\">\n\t\t\t\t\t\t<div class=\"fusion-sep-clear\"><\/div><div class=\"fusion-separator fusion-full-width-sep sep-none\" style=\"margin-left: auto;margin-right: auto;margin-top:;\"><\/div><div class=\"fusion-clearfix\"><\/div>\n\n\t\t\t\t\t<\/div>\n\t\t\t\t<\/div><div  class=\"fusion-layout-column fusion_builder_column fusion_builder_column_1_1 fusion-builder-column-7 fusion-one-full fusion-column-first fusion-column-last 1_1\"  style='margin-top:0px;margin-bottom:20px;'>\n\t\t\t\t\t<div class=\"fusion-column-wrapper\" style=\"padding: 0px 0px 0px 0px;background-position:left top;background-repeat:no-repeat;-webkit-background-size:cover;-moz-background-size:cover;-o-background-size:cover;background-size:cover;\"   data-bg-url=\"\">\n\t\t\t\t\t\t<div class=\"fusion-clearfix\"><\/div>\n\n\t\t\t\t\t<\/div>\n\t\t\t\t<\/div><div  class=\"fusion-layout-column fusion_builder_column fusion_builder_column_1_1 fusion-builder-column-8 fusion-one-full fusion-column-first fusion-column-last fusion-column-no-min-height 1_1\"  style='margin-top:0px;margin-bottom:0px;'>\n\t\t\t\t\t<div class=\"fusion-column-wrapper\" style=\"padding: 0px 0px 0px 0px;background-position:left top;background-repeat:no-repeat;-webkit-background-size:cover;-moz-background-size:cover;-o-background-size:cover;background-size:cover;\"   data-bg-url=\"\">\n\t\t\t\t\t\t<div class=\"fusion-slider-sc fusion-flexslider-loading flexslider flexslider-hover-type-none\" style=\"max-width:100%;height:100%;\"><ul class=\"slides\"><li class=\"image\"><span class=\"fusion-image-hover-element hover-type-none\"><img  \/><\/span><\/li><\/ul><\/div><div class=\"fusion-clearfix\"><\/div>\n\n\t\t\t\t\t<\/div>\n\t\t\t\t<\/div><\/div><\/div>\n","protected":false},"excerpt":{"rendered":"","protected":false},"author":6,"featured_media":0,"parent":11720,"menu_order":0,"comment_status":"closed","ping_status":"closed","template":"","meta":{"footnotes":""},"class_list":["post-11724","page","type-page","status-publish","hentry"],"yoast_head":"<!-- This site is optimized with the Yoast SEO plugin v26.8 - https:\/\/yoast.com\/product\/yoast-seo-wordpress\/ -->\n<title>Jaunaved\u017eiams - Rami\u0173 Bi\u010di\u0173 Men\u0173 Studija<\/title>\n<meta name=\"robots\" content=\"index, follow, max-snippet:-1, max-image-preview:large, max-video-preview:-1\" \/>\n<link rel=\"canonical\" href=\"https:\/\/www.menustudija.lt\/lt\/paslaugos\/jaunavedziams\/\" \/>\n<meta property=\"og:locale\" content=\"lt_LT\" \/>\n<meta property=\"og:type\" content=\"article\" \/>\n<meta property=\"og:title\" content=\"Jaunaved\u017eiams - Rami\u0173 Bi\u010di\u0173 Men\u0173 Studija\" \/>\n<meta property=\"og:url\" content=\"https:\/\/www.menustudija.lt\/lt\/paslaugos\/jaunavedziams\/\" \/>\n<meta property=\"og:site_name\" content=\"Rami\u0173 Bi\u010di\u0173 Men\u0173 Studija\" \/>\n<meta property=\"article:modified_time\" content=\"2024-01-01T22:01:52+00:00\" \/>\n<meta name=\"twitter:card\" content=\"summary_large_image\" \/>\n<meta name=\"twitter:label1\" content=\"Est. reading time\" \/>\n\t<meta name=\"twitter:data1\" content=\"6 minut\u0117s\" \/>\n<script type=\"application\/ld+json\" class=\"yoast-schema-graph\">{\"@context\":\"https:\/\/schema.org\",\"@graph\":[{\"@type\":\"WebPage\",\"@id\":\"https:\/\/www.menustudija.lt\/lt\/paslaugos\/jaunavedziams\/\",\"url\":\"https:\/\/www.menustudija.lt\/lt\/paslaugos\/jaunavedziams\/\",\"name\":\"Jaunaved\u017eiams - Rami\u0173 Bi\u010di\u0173 Men\u0173 Studija\",\"isPartOf\":{\"@id\":\"http:\/\/www.menustudija.lt\/lt\/#website\"},\"datePublished\":\"2016-09-06T12:07:58+00:00\",\"dateModified\":\"2024-01-01T22:01:52+00:00\",\"breadcrumb\":{\"@id\":\"https:\/\/www.menustudija.lt\/lt\/paslaugos\/jaunavedziams\/#breadcrumb\"},\"inLanguage\":\"lt-LT\",\"potentialAction\":[{\"@type\":\"ReadAction\",\"target\":[\"https:\/\/www.menustudija.lt\/lt\/paslaugos\/jaunavedziams\/\"]}]},{\"@type\":\"BreadcrumbList\",\"@id\":\"https:\/\/www.menustudija.lt\/lt\/paslaugos\/jaunavedziams\/#breadcrumb\",\"itemListElement\":[{\"@type\":\"ListItem\",\"position\":1,\"name\":\"Home\",\"item\":\"http:\/\/www.menustudija.lt\/lt\/\"},{\"@type\":\"ListItem\",\"position\":2,\"name\":\"Paslaugos\",\"item\":\"http:\/\/www.menustudija.lt\/lt\/paslaugos\/\"},{\"@type\":\"ListItem\",\"position\":3,\"name\":\"Jaunaved\u017eiams\"}]},{\"@type\":\"WebSite\",\"@id\":\"http:\/\/www.menustudija.lt\/lt\/#website\",\"url\":\"http:\/\/www.menustudija.lt\/lt\/\",\"name\":\"Rami\u0173 Bi\u010di\u0173 Men\u0173 Studija\",\"description\":\"Rami\u0173 Bi\u010di\u0173 Men\u0173 Studija - mintims, sielai, k\u016bnui\",\"publisher\":{\"@id\":\"http:\/\/www.menustudija.lt\/lt\/#organization\"},\"potentialAction\":[{\"@type\":\"SearchAction\",\"target\":{\"@type\":\"EntryPoint\",\"urlTemplate\":\"http:\/\/www.menustudija.lt\/lt\/?s={search_term_string}\"},\"query-input\":{\"@type\":\"PropertyValueSpecification\",\"valueRequired\":true,\"valueName\":\"search_term_string\"}}],\"inLanguage\":\"lt-LT\"},{\"@type\":\"Organization\",\"@id\":\"http:\/\/www.menustudija.lt\/lt\/#organization\",\"name\":\"Rami\u0173 Bi\u010di\u0173 Men\u0173 Studija\",\"url\":\"http:\/\/www.menustudija.lt\/lt\/\",\"logo\":{\"@type\":\"ImageObject\",\"inLanguage\":\"lt-LT\",\"@id\":\"http:\/\/www.menustudija.lt\/lt\/#\/schema\/logo\/image\/\",\"url\":\"https:\/\/www.menustudija.lt\/wp-content\/uploads\/2019\/08\/cropped-RBMS-logo-2-page-001-scaled.jpg\",\"contentUrl\":\"https:\/\/www.menustudija.lt\/wp-content\/uploads\/2019\/08\/cropped-RBMS-logo-2-page-001-scaled.jpg\",\"width\":2560,\"height\":768,\"caption\":\"Rami\u0173 Bi\u010di\u0173 Men\u0173 Studija\"},\"image\":{\"@id\":\"http:\/\/www.menustudija.lt\/lt\/#\/schema\/logo\/image\/\"}}]}<\/script>\n<!-- \/ Yoast SEO plugin. -->","yoast_head_json":{"title":"Jaunaved\u017eiams - Rami\u0173 Bi\u010di\u0173 Men\u0173 Studija","robots":{"index":"index","follow":"follow","max-snippet":"max-snippet:-1","max-image-preview":"max-image-preview:large","max-video-preview":"max-video-preview:-1"},"canonical":"https:\/\/www.menustudija.lt\/lt\/paslaugos\/jaunavedziams\/","og_locale":"lt_LT","og_type":"article","og_title":"Jaunaved\u017eiams - Rami\u0173 Bi\u010di\u0173 Men\u0173 Studija","og_url":"https:\/\/www.menustudija.lt\/lt\/paslaugos\/jaunavedziams\/","og_site_name":"Rami\u0173 Bi\u010di\u0173 Men\u0173 Studija","article_modified_time":"2024-01-01T22:01:52+00:00","twitter_card":"summary_large_image","twitter_misc":{"Est. reading time":"6 minut\u0117s"},"schema":{"@context":"https:\/\/schema.org","@graph":[{"@type":"WebPage","@id":"https:\/\/www.menustudija.lt\/lt\/paslaugos\/jaunavedziams\/","url":"https:\/\/www.menustudija.lt\/lt\/paslaugos\/jaunavedziams\/","name":"Jaunaved\u017eiams - Rami\u0173 Bi\u010di\u0173 Men\u0173 Studija","isPartOf":{"@id":"http:\/\/www.menustudija.lt\/lt\/#website"},"datePublished":"2016-09-06T12:07:58+00:00","dateModified":"2024-01-01T22:01:52+00:00","breadcrumb":{"@id":"https:\/\/www.menustudija.lt\/lt\/paslaugos\/jaunavedziams\/#breadcrumb"},"inLanguage":"lt-LT","potentialAction":[{"@type":"ReadAction","target":["https:\/\/www.menustudija.lt\/lt\/paslaugos\/jaunavedziams\/"]}]},{"@type":"BreadcrumbList","@id":"https:\/\/www.menustudija.lt\/lt\/paslaugos\/jaunavedziams\/#breadcrumb","itemListElement":[{"@type":"ListItem","position":1,"name":"Home","item":"http:\/\/www.menustudija.lt\/lt\/"},{"@type":"ListItem","position":2,"name":"Paslaugos","item":"http:\/\/www.menustudija.lt\/lt\/paslaugos\/"},{"@type":"ListItem","position":3,"name":"Jaunaved\u017eiams"}]},{"@type":"WebSite","@id":"http:\/\/www.menustudija.lt\/lt\/#website","url":"http:\/\/www.menustudija.lt\/lt\/","name":"Rami\u0173 Bi\u010di\u0173 Men\u0173 Studija","description":"Rami\u0173 Bi\u010di\u0173 Men\u0173 Studija - mintims, sielai, k\u016bnui","publisher":{"@id":"http:\/\/www.menustudija.lt\/lt\/#organization"},"potentialAction":[{"@type":"SearchAction","target":{"@type":"EntryPoint","urlTemplate":"http:\/\/www.menustudija.lt\/lt\/?s={search_term_string}"},"query-input":{"@type":"PropertyValueSpecification","valueRequired":true,"valueName":"search_term_string"}}],"inLanguage":"lt-LT"},{"@type":"Organization","@id":"http:\/\/www.menustudija.lt\/lt\/#organization","name":"Rami\u0173 Bi\u010di\u0173 Men\u0173 Studija","url":"http:\/\/www.menustudija.lt\/lt\/","logo":{"@type":"ImageObject","inLanguage":"lt-LT","@id":"http:\/\/www.menustudija.lt\/lt\/#\/schema\/logo\/image\/","url":"https:\/\/www.menustudija.lt\/wp-content\/uploads\/2019\/08\/cropped-RBMS-logo-2-page-001-scaled.jpg","contentUrl":"https:\/\/www.menustudija.lt\/wp-content\/uploads\/2019\/08\/cropped-RBMS-logo-2-page-001-scaled.jpg","width":2560,"height":768,"caption":"Rami\u0173 Bi\u010di\u0173 Men\u0173 Studija"},"image":{"@id":"http:\/\/www.menustudija.lt\/lt\/#\/schema\/logo\/image\/"}}]}},"_links":{"self":[{"href":"https:\/\/www.menustudija.lt\/lt\/wp-json\/wp\/v2\/pages\/11724","targetHints":{"allow":["GET"]}}],"collection":[{"href":"https:\/\/www.menustudija.lt\/lt\/wp-json\/wp\/v2\/pages"}],"about":[{"href":"https:\/\/www.menustudija.lt\/lt\/wp-json\/wp\/v2\/types\/page"}],"author":[{"embeddable":true,"href":"https:\/\/www.menustudija.lt\/lt\/wp-json\/wp\/v2\/users\/6"}],"replies":[{"embeddable":true,"href":"https:\/\/www.menustudija.lt\/lt\/wp-json\/wp\/v2\/comments?post=11724"}],"version-history":[{"count":20,"href":"https:\/\/www.menustudija.lt\/lt\/wp-json\/wp\/v2\/pages\/11724\/revisions"}],"predecessor-version":[{"id":33616,"href":"https:\/\/www.menustudija.lt\/lt\/wp-json\/wp\/v2\/pages\/11724\/revisions\/33616"}],"up":[{"embeddable":true,"href":"https:\/\/www.menustudija.lt\/lt\/wp-json\/wp\/v2\/pages\/11720"}],"wp:attachment":[{"href":"https:\/\/www.menustudija.lt\/lt\/wp-json\/wp\/v2\/media?parent=11724"}],"curies":[{"name":"wp","href":"https:\/\/api.w.org\/{rel}","templated":true}]}}